{"id":471520,"date":"2022-12-22T14:04:09","date_gmt":"2022-12-22T13:04:09","guid":{"rendered":"https:\/\/lucacastelli.com\/?post_type=product&#038;p=471520"},"modified":"2025-07-28T11:08:52","modified_gmt":"2025-07-28T09:08:52","slug":"petzl-tandem","status":"publish","type":"product","link":"https:\/\/lucacastelli.com\/fr\/produit\/petzl-tandem\/","title":{"rendered":"PETZL TANDEM"},"content":{"rendered":"<p>Poulie double pour le d\u00e9placement sur corde<\/p>\n<p>La poulie TANDEM est con\u00e7ue pour des tyroliennes \u00e0 corde efficaces et sans \u00e0-coups.<\/p>\n<p>Description d\u00e9taill\u00e9e<\/p>\n<p>Bonnes performances gr\u00e2ce aux poulies en aluminium mont\u00e9es sur des roulements autolubrifiants.<br \/>\nLe point d\u2019attache peut accueillir jusqu\u2019\u00e0 trois mousquetons pour faciliter les man\u0153uvres.<\/p>\n<p>Sp\u00e9cifications<br \/>\nVitesse maximale autoris\u00e9e : 10 m\/s<br \/>\nCertification(s) : CE EN 12278, UKCA, UIAA<\/p>\n<p>Poids 195 g<br \/>\nDiam\u00e8tre du c\u00e2ble max. 13 mm<br \/>\nDiam\u00e8tre de la poulie 21 mm<br \/>\nEfficacit\u00e9 71 %<br \/>\nCharge de travail 10 kN<br \/>\nCharge de rupture 24 kN<br \/>\nGarantie 3 ans<\/p>\n","protected":false},"excerpt":{"rendered":"<p>Poulie double pour le d\u00e9placement sur corde La poulie TANDEM est con\u00e7ue pour des tyroliennes \u00e0 corde efficaces et sans<\/p>\n","protected":false},"featured_media":85239,"template":"","meta":{"_seopress_robots_primary_cat":"","_seopress_titles_title":"","_seopress_titles_desc":"","_seopress_robots_index":""},"product_brand":[3446],"product_cat":[33,537,814,211,818],"product_tag":[],"class_list":{"0":"post-471520","1":"product","2":"type-product","3":"status-publish","4":"has-post-thumbnail","6":"product_brand-petzl","7":"product_cat-attrezzature","8":"product_cat-attrezzatura-da-lavoro","9":"product_cat-imbraghi-e-materiale-di-sicurezza","10":"product_cat-attrezzatura-per-il-tempo-libero","11":"product_cat-imbraghi-e-materiale-di-sicurezza-attrezzatura-per-il-tempo-libero","13":"first","14":"onbackorder","15":"shipping-taxable","16":"purchasable","17":"product-type-simple"},"_links":{"self":[{"href":"https:\/\/lucacastelli.com\/fr\/wp-json\/wp\/v2\/product\/471520","targetHints":{"allow":["GET"]}}],"collection":[{"href":"https:\/\/lucacastelli.com\/fr\/wp-json\/wp\/v2\/product"}],"about":[{"href":"https:\/\/lucacastelli.com\/fr\/wp-json\/wp\/v2\/types\/product"}],"wp:featuredmedia":[{"embeddable":true,"href":"https:\/\/lucacastelli.com\/fr\/wp-json\/wp\/v2\/media\/85239"}],"wp:attachment":[{"href":"https:\/\/lucacastelli.com\/fr\/wp-json\/wp\/v2\/media?parent=471520"}],"wp:term":[{"taxonomy":"product_brand","embeddable":true,"href":"https:\/\/lucacastelli.com\/fr\/wp-json\/wp\/v2\/product_brand?post=471520"},{"taxonomy":"product_cat","embeddable":true,"href":"https:\/\/lucacastelli.com\/fr\/wp-json\/wp\/v2\/product_cat?post=471520"},{"taxonomy":"product_tag","embeddable":true,"href":"https:\/\/lucacastelli.com\/fr\/wp-json\/wp\/v2\/product_tag?post=471520"}],"curies":[{"name":"wp","href":"https:\/\/api.w.org\/{rel}","templated":true}]}}