{"id":471518,"date":"2022-12-16T14:18:01","date_gmt":"2022-12-16T13:18:01","guid":{"rendered":"https:\/\/lucacastelli.com\/?post_type=product&#038;p=471518"},"modified":"2026-01-17T17:02:33","modified_gmt":"2026-01-17T16:02:33","slug":"petzl-control-125-mm","status":"publish","type":"product","link":"https:\/\/lucacastelli.com\/fr\/produit\/petzl-control-125-mm\/","title":{"rendered":"PETZL CONTROL 12,5 mm"},"content":{"rendered":"<p>Corde semi-statique \u00e0 haute r\u00e9sistance et excellente adh\u00e9rence pour le travail sur les arbres.<\/p>\n<p>La corde semi-statique CONTROL 12,5 mm est destin\u00e9e aux travaux d\u2019\u00e9lagage. Le grand diam\u00e8tre assure une grande r\u00e9sistance et une excellente adh\u00e9rence. La technologie EverFlex garantit une grande flexibilit\u00e9 et une grande facilit\u00e9 de gestion dans le temps. Il est fourni avec une \u00e9pissure \u00e0 une extr\u00e9mit\u00e9 pour un passage optimal de la corde dans les appareils de type fourche fendue ou poulie et fourches \u00e0 arbre. La compacit\u00e9 de cette \u00e9pissure lui permet d\u2019\u00eatre pass\u00e9e dans la cha\u00eene de verrouillage des Prusik m\u00e9caniques ZIGZAG et ZIGZAG PLUS. Corde disponible en deux couleurs et trois longueurs.     <\/p>\n<p>Description d\u00e9taill\u00e9e<br \/>\nCon\u00e7u pour le travail des arbres : \u00e9pissure brevet\u00e9e \u00e0 une extr\u00e9mit\u00e9 pour un acheminement optimal des c\u00e2bles dans les dispositifs \u00e0 griffes ou les poulies et les fourches \u00e0 arbre. La compacit\u00e9 de cette \u00e9pissure lui permet d\u2019\u00eatre pass\u00e9e dans la cha\u00eene de verrouillage des Prusik m\u00e9caniques ZIGZAG et ZIGZAG PLUS.<br \/>\nGrand diam\u00e8tre qui garantit une grande r\u00e9sistance et une excellente adh\u00e9rence.<br \/>\nPerformances constantes dans le temps :<br \/>\n&#8211; Construction 100&nbsp;% polyester et double tressage,<br \/>\n&#8211; Technologie EverFlex qui garantit une grande flexibilit\u00e9 dans le temps, quelles que soient les conditions (eau, poussi\u00e8re, boue&#8230;), afin de maintenir une excellente maniabilit\u00e9 et un fonctionnement optimal avec les appareils.<br \/>\nDisponible en deux couleurs (vert et orange) afin que vous puissiez facilement identifier les diff\u00e9rentes cordes de travail.<br \/>\nLongueurs standard : 35, 45 et 60 m. <\/p>\n<p>Sp\u00e9cifications<br \/>\nDiam\u00e8tre : 12,5 mm<br \/>\nMat\u00e9riaux : polyester<br \/>\nCertification(s) : CE EN 1891 type A, ANSI Z133<br \/>\nPoids au m\u00e8tre : 115 g<br \/>\nR\u00e9sistance avec n\u0153ud en huit : 15 kN<br \/>\nR\u00e9sistance avec \u00e9pissure : 19 kN<br \/>\nForce d\u2019impact (facteur 0,3) : 5,2 kN<br \/>\nNombre de chutes facteur 1 : 8<br \/>\nConstruction : 24 broches<br \/>\nPourcentage de gaine : 62 %<br \/>\nAllongement statique : 3,1 %<\/p>\n","protected":false},"excerpt":{"rendered":"<p>Corde semi-statique \u00e0 haute r\u00e9sistance et excellente adh\u00e9rence pour le travail sur les arbres. La corde semi-statique CONTROL 12,5 mm<\/p>\n","protected":false},"featured_media":85137,"template":"","meta":{"_seopress_robots_primary_cat":"","_seopress_titles_title":"","_seopress_titles_desc":"","_seopress_robots_index":""},"product_brand":[3667],"product_cat":[144,1397,1408,1402,1415],"product_tag":[],"class_list":{"0":"post-471518","1":"product","2":"type-product","3":"status-publish","4":"has-post-thumbnail","6":"product_brand-petzl-fr","7":"product_cat-equipement","8":"product_cat-equipement-de-travail","9":"product_cat-equipements-de-loisirs","10":"product_cat-harnais-et-equipements-de-securite","11":"product_cat-harnais-et-equipements-de-securite-fr","13":"first","14":"onbackorder","15":"shipping-taxable","16":"purchasable","17":"product-type-variable"},"_links":{"self":[{"href":"https:\/\/lucacastelli.com\/fr\/wp-json\/wp\/v2\/product\/471518","targetHints":{"allow":["GET"]}}],"collection":[{"href":"https:\/\/lucacastelli.com\/fr\/wp-json\/wp\/v2\/product"}],"about":[{"href":"https:\/\/lucacastelli.com\/fr\/wp-json\/wp\/v2\/types\/product"}],"wp:featuredmedia":[{"embeddable":true,"href":"https:\/\/lucacastelli.com\/fr\/wp-json\/wp\/v2\/media\/85137"}],"wp:attachment":[{"href":"https:\/\/lucacastelli.com\/fr\/wp-json\/wp\/v2\/media?parent=471518"}],"wp:term":[{"taxonomy":"product_brand","embeddable":true,"href":"https:\/\/lucacastelli.com\/fr\/wp-json\/wp\/v2\/product_brand?post=471518"},{"taxonomy":"product_cat","embeddable":true,"href":"https:\/\/lucacastelli.com\/fr\/wp-json\/wp\/v2\/product_cat?post=471518"},{"taxonomy":"product_tag","embeddable":true,"href":"https:\/\/lucacastelli.com\/fr\/wp-json\/wp\/v2\/product_tag?post=471518"}],"curies":[{"name":"wp","href":"https:\/\/api.w.org\/{rel}","templated":true}]}}