{"id":471501,"date":"2022-12-07T08:31:25","date_gmt":"2022-12-07T07:31:25","guid":{"rendered":"https:\/\/lucacastelli.com\/?post_type=product&#038;p=471501"},"modified":"2025-07-28T11:44:09","modified_gmt":"2025-07-28T09:44:09","slug":"petzl-volta-9-2-mm","status":"publish","type":"product","link":"https:\/\/lucacastelli.com\/fr\/produit\/petzl-volta-9-2-mm\/","title":{"rendered":"PETZL VOLTA 9.2 mm"},"content":{"rendered":"<p>Corde multi-types ultra-l\u00e9g\u00e8re de 9,2 mm de diam\u00e8tre pour les performances d\u2019escalade ou d\u2019alpinisme<\/p>\n<p>La corde \u00e0 simple VOLTA de 9,2 mm offre la l\u00e9g\u00e8ret\u00e9 n\u00e9cessaire aux grimpeurs et aux alpinistes. Cette corde b\u00e9n\u00e9ficie du traitement Duratec Dry pour assurer une long\u00e9vit\u00e9 et des performances maximales dans toutes les conditions. Gr\u00e2ce \u00e0 son excellente adh\u00e9rence et \u00e0 sa maniabilit\u00e9, les man\u0153uvres sont facilit\u00e9es. Il est disponible en diff\u00e9rentes longueurs en fonction de son utilisation pr\u00e9vue, de 30 m\u00e8tres pour l\u2019alpinisme classique \u00e0 100 m\u00e8tres pour les voies de grande voie en falaise.   <\/p>\n<p>Corde<br \/>\nultra-l\u00e9g\u00e8re pour les performances d\u2019escalade et d\u2019alpinisme :<br \/>\n&#8211; excellent rapport diam\u00e8tre\/l\u00e9g\u00e8ret\u00e9,<br \/>\n&#8211; compacte dans le sac de corde,<br \/>\n&#8211; r\u00e9sistance renforc\u00e9e, gr\u00e2ce au traitement Duratec Dry,<br \/>\n&#8211; UltraSonic Finish : le noyau et la chaussette sont assembl\u00e9s \u00e0 leurs extr\u00e9mit\u00e9s gr\u00e2ce \u00e0 une finition ultrasonique appel\u00e9e UltraSonic Finish. Il permet une dur\u00e9e de vie plus longue et emp\u00eache l\u2019extr\u00e9mit\u00e9 de la corde de se casser.<br \/>\nConfort d\u2019utilisation :<br \/>\n&#8211; corde souple qui facilite l\u2019enroulement, la gestion des anneaux et la mise en place de la corde dans les dispositifs d\u2019assurage,<br \/>\n&#8211; traitement EverFlex : traitement thermique sp\u00e9cifique qui stabilise les fils et rend la corde plus homog\u00e8ne. Il garantit une excellente adh\u00e9rence et une manipulation constante dans le temps,<br \/>\n &#8211; Traitement Duratec Dry pour une utilisation sur roche, mixte, neige ou glace : traitement hydrophobe qui permet \u00e0 la corde d\u2019\u00eatre plus r\u00e9sistante \u00e0 l\u2019eau, \u00e0 la salet\u00e9 et \u00e0 l\u2019abrasion. La maniabilit\u00e9, l\u2019adh\u00e9rence et les caract\u00e9ristiques sont pr\u00e9serv\u00e9es plus longtemps dans des conditions froides et humides,<br \/>\n&#8211; Enrouleur ClimbReady : enrouleur sp\u00e9cifique pour rendre la corde pr\u00eate \u00e0 l\u2019emploi. Il emp\u00eache les man\u0153uvres de d\u00e9roulement incorrectes de l\u2019utilisateur et augmente la long\u00e9vit\u00e9.<br \/>\nGrip qui facilite les man\u0153uvres :<br \/>\n&#8211; prise de 40 broches pour un meilleur contr\u00f4le,<br \/>\n&#8211; Middle Mark : distinction de la corde pour faciliter les man\u0153uvres.    <\/p>\n<p>Sp\u00e9cifications<br \/>\nCertification(s) : CE EN 892, UKCA, UIAA<br \/>\nDiam\u00e8tre : 9,2 mm<br \/>\nType de corde : multitype : cordes \u00e0 simple, cordes \u00e0 double et cordes<br \/>\njumel\u00e9es Poids au m\u00e8tre : 55 g<br \/>\nPourcentage de gaine : 42 %<br \/>\n Nombre de chutes facteur 1,77 : 6 (simple), &gt; 20 (demi), &gt; 30 (jumel\u00e9)<br \/>\nAllongement statique : 7,5 % (simple), 7,5 % (demi), 6 % (jumel\u00e9)<br \/>\nAllongement dynamique : 33 % (simple), 30 % (demi),  26 % (jumel\u00e9)Force de frappe : 8,6 kN (simple), 6,8 kN (demi),<br \/>\n 10,5 kN (jumel\u00e9)<br \/>\nConstruction : 40 broches<br \/>\nMat\u00e9riaux : polyamide<\/p>\n<table>\n<tbody>\n<tr>\n<th class=\"rowTitle\">R\u00e9f\u00e9rences<\/th>\n<th>R35AN 050<\/th>\n<th>R35AN 060<\/th>\n<th>R35AN 070<\/th>\n<th>R35AN 080<\/th>\n<\/tr>\n<tr>\n<td class=\"rowTitle\">Couleur(s)<\/td>\n<td>Gris <\/td>\n<td>Gris <\/td>\n<td>Gris <\/td>\n<td>Gris <\/td>\n<\/tr>\n<tr>\n<td class=\"rowTitle\">Longueur<\/td>\n<td>50 m<\/td>\n<td>60 m<\/td>\n<td>70 m<\/td>\n<td>80 m<\/td>\n<\/tr>\n<tr>\n<td class=\"rowTitle\">Garantie<\/td>\n<td>3 ans<\/td>\n<td>3 ans<\/td>\n<td>3 ans<\/td>\n<td>3 ans<\/td>\n<\/tr>\n<tr>\n<td class=\"rowTitle\">Nombre d\u2019emballages<\/td>\n<p> int\u00e9rieurs<\/p>\n<td> <\/td>\n<p> 1<\/p>\n<td> <\/td>\n<p> 1<\/p>\n<td> <\/td>\n<p> 1<\/p>\n<td>1 <\/td>\n<\/tr>\n<\/tbody>\n<\/table>\n","protected":false},"excerpt":{"rendered":"<p>Corde multi-types ultra-l\u00e9g\u00e8re de 9,2 mm de diam\u00e8tre pour les performances d\u2019escalade ou d\u2019alpinisme La corde \u00e0 simple VOLTA de<\/p>\n","protected":false},"featured_media":84830,"template":"","meta":{"_seopress_robots_primary_cat":"","_seopress_titles_title":"","_seopress_titles_desc":"","_seopress_robots_index":""},"product_brand":[3667],"product_cat":[144,1397,1408,1402,1415],"product_tag":[],"class_list":{"0":"post-471501","1":"product","2":"type-product","3":"status-publish","4":"has-post-thumbnail","6":"product_brand-petzl-fr","7":"product_cat-equipement","8":"product_cat-equipement-de-travail","9":"product_cat-equipements-de-loisirs","10":"product_cat-harnais-et-equipements-de-securite","11":"product_cat-harnais-et-equipements-de-securite-fr","13":"first","14":"onbackorder","15":"shipping-taxable","16":"purchasable","17":"product-type-variable"},"_links":{"self":[{"href":"https:\/\/lucacastelli.com\/fr\/wp-json\/wp\/v2\/product\/471501","targetHints":{"allow":["GET"]}}],"collection":[{"href":"https:\/\/lucacastelli.com\/fr\/wp-json\/wp\/v2\/product"}],"about":[{"href":"https:\/\/lucacastelli.com\/fr\/wp-json\/wp\/v2\/types\/product"}],"wp:featuredmedia":[{"embeddable":true,"href":"https:\/\/lucacastelli.com\/fr\/wp-json\/wp\/v2\/media\/84830"}],"wp:attachment":[{"href":"https:\/\/lucacastelli.com\/fr\/wp-json\/wp\/v2\/media?parent=471501"}],"wp:term":[{"taxonomy":"product_brand","embeddable":true,"href":"https:\/\/lucacastelli.com\/fr\/wp-json\/wp\/v2\/product_brand?post=471501"},{"taxonomy":"product_cat","embeddable":true,"href":"https:\/\/lucacastelli.com\/fr\/wp-json\/wp\/v2\/product_cat?post=471501"},{"taxonomy":"product_tag","embeddable":true,"href":"https:\/\/lucacastelli.com\/fr\/wp-json\/wp\/v2\/product_tag?post=471501"}],"curies":[{"name":"wp","href":"https:\/\/api.w.org\/{rel}","templated":true}]}}