{"id":471493,"date":"2022-11-30T16:44:34","date_gmt":"2022-11-30T15:44:34","guid":{"rendered":"https:\/\/lucacastelli.com\/?post_type=product&#038;p=471493"},"modified":"2025-07-28T11:44:05","modified_gmt":"2025-07-28T09:44:05","slug":"petzl-dart","status":"publish","type":"product","link":"https:\/\/lucacastelli.com\/fr\/produit\/petzl-dart\/","title":{"rendered":"PETZL DART"},"content":{"rendered":"<p>Crampons modulaires pour l\u2019escalade sur glace et le dry tooling<\/p>\n<p>Ils ne manquent pas de cran ! Techniques et l\u00e9gers, les crampons DART sont con\u00e7us pour l\u2019escalade sur glace et le dry tooling. Avec des pointes avant modulaires (courte\/longue monopoint, deux points ou asym\u00e9trique deux points), elles sont adapt\u00e9es \u00e0 toutes les mont\u00e9es difficiles, des couloirs de neige au dry tooling. Les supports sont stables, quels que soient les reliefs de la glace (chou-fleur, p\u00e9tales), gr\u00e2ce aux demi-pointes lat\u00e9rales. La disposition des pointes permet un accrochage pr\u00e9cis et efficace. Le syst\u00e8me de fixation LEVERLOCK FIL est compatible avec les bottes avec une carre avant et arri\u00e8re.     <\/p>\n<p>Description d\u00e9taill\u00e9e<br \/>\nCrampons tr\u00e8s techniques et r\u00e9glables pour la pratique de l\u2019escalade sur glace et du dry tooling :<br \/>\n&#8211; des pointes avant dentel\u00e9es qui garantissent une excellente p\u00e9n\u00e9tration dans la glace,<br \/>\n&#8211; longueur des pointes avant r\u00e9glable \u00e0 l\u2019aide d\u2019une seule vis (brevet Petzl),<br \/>\n&#8211; configur\u00e9s en mono-pointe, les crampons peuvent \u00eatre facilement transform\u00e9s en deux points : deux points pour les ravines et les couloirs de neige, deux points asym\u00e9triques pour la glace pure, mono-points courts pour la glace et longs pour les mixtes<br \/>\n&#8211; des supports stables, quels que soient les reliefs de glace (chou-fleur, p\u00e9tales), gr\u00e2ce aux 8 demi-pointes lat\u00e9rales, dont la pointe-unique,<br \/>\n&#8211; accrochage pr\u00e9cis et efficace, gr\u00e2ce \u00e0 la disposition des pointes,<br \/>\n&#8211; troisi\u00e8me rang\u00e9e de pointes orient\u00e9es vers l\u2019arri\u00e8re pour effectuer des mouvements de traction,<br \/>\n&#8211; crampons en acier pour une r\u00e9sistance maximale,<br \/>\n&#8211; syst\u00e8me de fixation LEVERLOCK FIL particuli\u00e8rement adapt\u00e9 aux bottes \u00e0 carre (avant et arri\u00e8re),<br \/>\n&#8211; syst\u00e8me anti-sabot ANTISNOW DART pour r\u00e9duire la formation du sabot de neige, quelle que soit l\u2019\u00e9tat de neige.<br \/>\nL\u00e9g\u00e8ret\u00e9 et asym\u00e9trie pour les alpinistes confirm\u00e9s :<br \/>\n&#8211; poids optimis\u00e9 : 812 g en un seul orteil,<br \/>\n&#8211; blocs avant asym\u00e9triques parfaitement adapt\u00e9s aux chaussures d\u2019alpinisme techniques.<br \/>\nModularit\u00e9 compl\u00e8te, gr\u00e2ce au syst\u00e8me ALPEN ADAPT :<br \/>\n&#8211; pointes, blocs avant, barres, syst\u00e8me anti-sabots et syst\u00e8me de fixation \u00e0 remplacer ind\u00e9pendamment,<br \/>\n&#8211; compatible avec le syst\u00e8me de fixation FLEXLOCK (FIL ET BACK FLEX) pour s\u2019adapter aux bottes sans carre],<br \/>\n &#8211; compatible avec la fixation avant FIL SMALL pour s\u2019adapter aux chaussures tr\u00e8s \u00e9troites avec carre,<br \/>\n &#8211; compatible avec le CORD-TEC KIT pour donner plus de priorit\u00e9 \u00e0 la l\u00e9g\u00e8ret\u00e9 et \u00e0 la compacit\u00e9.<\/p>\n<p>Sp\u00e9cifications<br \/>\nNombre d\u2019embouts : 12<br \/>\nTailles : 34 \u00e0 44 avec la barre M standard, 38 \u00e0 49 avec la barre L (en option)<br \/>\nCertification(s) : CE, UKCA, UIAA<\/p>\n","protected":false},"excerpt":{"rendered":"<p>Crampons modulaires pour l\u2019escalade sur glace et le dry tooling Ils ne manquent pas de cran ! Techniques et l\u00e9gers,<\/p>\n","protected":false},"featured_media":514298,"template":"","meta":{"_seopress_robots_primary_cat":"","_seopress_titles_title":"","_seopress_titles_desc":"","_seopress_robots_index":""},"product_brand":[3666],"product_cat":[150,1396,1403,1409,1410],"product_tag":[],"class_list":{"0":"post-471493","1":"product","2":"type-product","3":"status-publish","4":"has-post-thumbnail","6":"product_brand-petzl-de","7":"product_cat-ausrustung","8":"product_cat-arbeitsausrustung","9":"product_cat-auffanggurte-und-sicherheitsausrustung","10":"product_cat-freizeitausrustung","11":"product_cat-auffanggurte-und-sicherheitsausrustung-de","13":"first","14":"onbackorder","15":"shipping-taxable","16":"purchasable","17":"product-type-simple"},"_links":{"self":[{"href":"https:\/\/lucacastelli.com\/fr\/wp-json\/wp\/v2\/product\/471493","targetHints":{"allow":["GET"]}}],"collection":[{"href":"https:\/\/lucacastelli.com\/fr\/wp-json\/wp\/v2\/product"}],"about":[{"href":"https:\/\/lucacastelli.com\/fr\/wp-json\/wp\/v2\/types\/product"}],"wp:featuredmedia":[{"embeddable":true,"href":"https:\/\/lucacastelli.com\/fr\/wp-json\/wp\/v2\/media\/514298"}],"wp:attachment":[{"href":"https:\/\/lucacastelli.com\/fr\/wp-json\/wp\/v2\/media?parent=471493"}],"wp:term":[{"taxonomy":"product_brand","embeddable":true,"href":"https:\/\/lucacastelli.com\/fr\/wp-json\/wp\/v2\/product_brand?post=471493"},{"taxonomy":"product_cat","embeddable":true,"href":"https:\/\/lucacastelli.com\/fr\/wp-json\/wp\/v2\/product_cat?post=471493"},{"taxonomy":"product_tag","embeddable":true,"href":"https:\/\/lucacastelli.com\/fr\/wp-json\/wp\/v2\/product_tag?post=471493"}],"curies":[{"name":"wp","href":"https:\/\/api.w.org\/{rel}","templated":true}]}}