{"id":471489,"date":"2022-11-07T10:01:03","date_gmt":"2022-11-07T09:01:03","guid":{"rendered":"https:\/\/lucacastelli.com\/?post_type=product&#038;p=471489"},"modified":"2025-07-28T11:43:58","modified_gmt":"2025-07-28T09:43:58","slug":"petzl-puranneau","status":"publish","type":"product","link":"https:\/\/lucacastelli.com\/fr\/produit\/petzl-puranneau\/","title":{"rendered":"PETZL PUR\u2019ANNEAU"},"content":{"rendered":"<p>Anneau cousu ultra-l\u00e9ger<\/p>\n<p>PUR\u2019ANNEAU est un anneau de sangle tr\u00e8s l\u00e9ger et exceptionnellement r\u00e9sistant, gr\u00e2ce \u00e0 sa construction en poly\u00e9thyl\u00e8ne haute densit\u00e9. Il est particuli\u00e8rement flexible pour une utilisation facile. Il est disponible en trois longueurs, cod\u00e9es par couleur pour identifier facilement la longueur.  <\/p>\n<p>Description<\/p>\n<p>Description d\u00e9taill\u00e9e<br \/>\nL\u00e9ger et d\u2019une r\u00e9sistance exceptionnelle, gr\u00e2ce \u00e0 la construction en poly\u00e9thyl\u00e8ne haute densit\u00e9.<br \/>\nGrande flexibilit\u00e9 pour une facilit\u00e9 d\u2019utilisation.<br \/>\nDisponible en trois tailles, marqu\u00e9es par la couleur de la couture, pour faciliter l\u2019identification pendant l\u2019activit\u00e9 : 60, 120 et 180 cm.<\/p>\n<p>Sp\u00e9cifications<br \/>\nMat\u00e9riaux : sangle en poly\u00e9thyl\u00e8ne haute densit\u00e9, coutures<br \/>\nen polyamide R\u00e9sistance \u00e0 la traction : 22 kN<br \/>\nCertification(s) : CE EN 795 B, UKCA<\/p>\n","protected":false},"excerpt":{"rendered":"<p>Anneau cousu ultra-l\u00e9ger PUR\u2019ANNEAU est un anneau de sangle tr\u00e8s l\u00e9ger et exceptionnellement r\u00e9sistant, gr\u00e2ce \u00e0 sa construction en poly\u00e9thyl\u00e8ne<\/p>\n","protected":false},"featured_media":83465,"template":"","meta":{"_seopress_robots_primary_cat":"","_seopress_titles_title":"","_seopress_titles_desc":"","_seopress_robots_index":""},"product_brand":[3667],"product_cat":[144,1397,1408,1402,1415],"product_tag":[],"class_list":{"0":"post-471489","1":"product","2":"type-product","3":"status-publish","4":"has-post-thumbnail","6":"product_brand-petzl-fr","7":"product_cat-equipement","8":"product_cat-equipement-de-travail","9":"product_cat-equipements-de-loisirs","10":"product_cat-harnais-et-equipements-de-securite","11":"product_cat-harnais-et-equipements-de-securite-fr","13":"first","14":"onbackorder","15":"shipping-taxable","16":"purchasable","17":"product-type-variable"},"_links":{"self":[{"href":"https:\/\/lucacastelli.com\/fr\/wp-json\/wp\/v2\/product\/471489","targetHints":{"allow":["GET"]}}],"collection":[{"href":"https:\/\/lucacastelli.com\/fr\/wp-json\/wp\/v2\/product"}],"about":[{"href":"https:\/\/lucacastelli.com\/fr\/wp-json\/wp\/v2\/types\/product"}],"wp:featuredmedia":[{"embeddable":true,"href":"https:\/\/lucacastelli.com\/fr\/wp-json\/wp\/v2\/media\/83465"}],"wp:attachment":[{"href":"https:\/\/lucacastelli.com\/fr\/wp-json\/wp\/v2\/media?parent=471489"}],"wp:term":[{"taxonomy":"product_brand","embeddable":true,"href":"https:\/\/lucacastelli.com\/fr\/wp-json\/wp\/v2\/product_brand?post=471489"},{"taxonomy":"product_cat","embeddable":true,"href":"https:\/\/lucacastelli.com\/fr\/wp-json\/wp\/v2\/product_cat?post=471489"},{"taxonomy":"product_tag","embeddable":true,"href":"https:\/\/lucacastelli.com\/fr\/wp-json\/wp\/v2\/product_tag?post=471489"}],"curies":[{"name":"wp","href":"https:\/\/api.w.org\/{rel}","templated":true}]}}