{"id":471480,"date":"2022-11-17T14:51:31","date_gmt":"2022-11-17T13:51:31","guid":{"rendered":"https:\/\/lucacastelli.com\/?post_type=product&#038;p=471480"},"modified":"2025-07-28T11:44:02","modified_gmt":"2025-07-28T09:44:02","slug":"petzl-maestro-s","status":"publish","type":"product","link":"https:\/\/lucacastelli.com\/fr\/produit\/petzl-maestro-s\/","title":{"rendered":"PETZL MAESTRO S"},"content":{"rendered":"<p>Descendeur avec poulie de verrouillage int\u00e9gr\u00e9e pour des charges jusqu\u2019\u00e0 250 kg, compatible avec des cordes de 10,5 \u00e0 11,5 mm<\/p>\n<p>MAESTRO S est un descendeur con\u00e7u pour les op\u00e9rations de sauvetage technique. Il facilite la manutention de charges lourdes, tant lors de la descente que du levage, et peut \u00eatre utilis\u00e9 comme syst\u00e8me principal et en auto-assurage. Cette polyvalence permet aux sauveteurs de s\u2019adapter \u00e0 toutes les configurations rencontr\u00e9es sur le lieu de l\u2019intervention. La poign\u00e9e ergonomique et le frein int\u00e9gr\u00e9 vous permettent de contr\u00f4ler la descente confortablement. Le passage de la position d\u2019abaissement \u00e0 la position de levage est imm\u00e9diat, sans qu\u2019il soit n\u00e9cessaire de r\u00e9cup\u00e9rer la charge. La poulie de verrouillage int\u00e9gr\u00e9e, avec poulie de grand diam\u00e8tre sur roulements \u00e0 billes \u00e9tanches, garantit une excellente efficacit\u00e9 de levage. Le syst\u00e8me AUTO-LOCK verrouille automatiquement la corde lorsque la poign\u00e9e n\u2019est pas utilis\u00e9e. Une fois verrouill\u00e9e, la corde peut \u00eatre r\u00e9cup\u00e9r\u00e9e sans avoir \u00e0 utiliser la poign\u00e9e. Le descendeur MAESTRO S est compatible avec des cordes de 10,5 \u00e0 11,5 mm et permet la manutention de charges jusqu\u2019\u00e0 250 kg.        <\/p>\n<p>Description d\u00e9taill\u00e9e<\/p>\n<p>Grande polyvalence d\u2019utilisation, id\u00e9al pour le secours technique :<br \/>\n&#8211; syst\u00e8me de verrouillage avec poulie ascendante int\u00e9gr\u00e9e qui permet d\u2019utiliser le m\u00eame dispositif pour la descente et le levage,<br \/>\n&#8211; il peut \u00eatre utilis\u00e9 comme syst\u00e8me principal simple ou double et en auto-assurage (plus d\u2019informations sur cette technique dans la note d\u2019information et dans les conseils techniques sur le site www.petzl.com).<br \/>\n&#8211; Point de connexion inf\u00e9rieur pour effectuer diff\u00e9rents types de r\u00e9cup\u00e9ration.<br \/>\n&#8211; Trou dans la poign\u00e9e pour installer une longe t\u00e9l\u00e9command\u00e9e.<br \/>\nFacilit\u00e9 et rapidit\u00e9 d\u2019utilisation :<br \/>\n&#8211; installation facile de la corde, gr\u00e2ce aux marquages indiqu\u00e9s sur l\u2019appareil,<br \/>\n&#8211; poign\u00e9e ergonomique qui permet de lib\u00e9rer progressivement la corde et de contr\u00f4ler confortablement la descente,<br \/>\n&#8211; passage imm\u00e9diat de la position de descente \u00e0 la position de levage, sans avoir \u00e0 r\u00e9cup\u00e9rer la charge,<br \/>\n&#8211; Syst\u00e8me AUTO-LOCK qui permet de verrouiller automatiquement la corde lorsque la poign\u00e9e n\u2019est pas utilis\u00e9e. Une fois verrouill\u00e9e, la corde peut \u00eatre r\u00e9cup\u00e9r\u00e9e sans avoir \u00e0 utiliser la poign\u00e9e.<br \/>\nManutention efficace de charges lourdes :<br \/>\n&#8211; poulie de verrouillage int\u00e9gr\u00e9e, avec poulie de grand diam\u00e8tre sur roulements \u00e0 billes \u00e9tanches, \u00e9quip\u00e9e d\u2019un sens de rotation unique pour une excellente efficacit\u00e9 de levage,<br \/>\n&#8211; poulie \u00e0 facettes pour augmenter les zones de friction avec la corde pour une action de freinage suppl\u00e9mentaire lors de la descente,<br \/>\n&#8211; frein int\u00e9gr\u00e9 au dispositif pour moduler l\u2019embrayage en fonction de la charge et du diam\u00e8tre de la corde,<br \/>\n&#8211; Manutention de charges lourdes jusqu\u2019\u00e0 250 kg.<br \/>\nCompatibilit\u00e9 corde : 10,5 \u00e0 11,5 mm de diam\u00e8tre.<\/p>\n<p>Sp\u00e9cifique<\/p>\n<p>Mat\u00e9riaux : aluminium, acier inoxydable, polyamide<br \/>\nPoids : 1100 g<br \/>\nDiam\u00e8tre min. de la corde : 10,5 mm<br \/>\nDiam\u00e8tre max. de la corde : 11,5 mm<br \/>\nType de poulie : \u00e0 facettes sur roulements \u00e0 billes \u00e9tanches<br \/>\nCharge maximale de fonctionnement : 250 kg (plus d\u2019informations dans la note d\u2019information et les conseils techniques sur le site www.petzl.com)<br \/>\nR\u00e9sistance \u00e0 la traction : 18 kN x 2 = 36 kN<br \/>\nEfficacit\u00e9 :  86 %<br \/>\nCertifications : CE EN 12841 C, EN 341, NFPA 1983 Utilisation technique, EAC<\/p>\n<p>Couleur jaune<br \/>\nCompatibilit\u00e9 corde 10,5 &#8211; 11,5 mm<br \/>\nGarantie 3 ans<\/p>\n","protected":false},"excerpt":{"rendered":"<p>Descendeur avec poulie de verrouillage int\u00e9gr\u00e9e pour des charges jusqu\u2019\u00e0 250 kg, compatible avec des cordes de 10,5 \u00e0 11,5<\/p>\n","protected":false},"featured_media":84301,"template":"","meta":{"_seopress_robots_primary_cat":"","_seopress_titles_title":"","_seopress_titles_desc":"","_seopress_robots_index":""},"product_brand":[3446],"product_cat":[33,537,814],"product_tag":[],"class_list":{"0":"post-471480","1":"product","2":"type-product","3":"status-publish","4":"has-post-thumbnail","6":"product_brand-petzl","7":"product_cat-attrezzature","8":"product_cat-attrezzatura-da-lavoro","9":"product_cat-imbraghi-e-materiale-di-sicurezza","11":"first","12":"onbackorder","13":"shipping-taxable","14":"purchasable","15":"product-type-simple"},"_links":{"self":[{"href":"https:\/\/lucacastelli.com\/fr\/wp-json\/wp\/v2\/product\/471480","targetHints":{"allow":["GET"]}}],"collection":[{"href":"https:\/\/lucacastelli.com\/fr\/wp-json\/wp\/v2\/product"}],"about":[{"href":"https:\/\/lucacastelli.com\/fr\/wp-json\/wp\/v2\/types\/product"}],"wp:featuredmedia":[{"embeddable":true,"href":"https:\/\/lucacastelli.com\/fr\/wp-json\/wp\/v2\/media\/84301"}],"wp:attachment":[{"href":"https:\/\/lucacastelli.com\/fr\/wp-json\/wp\/v2\/media?parent=471480"}],"wp:term":[{"taxonomy":"product_brand","embeddable":true,"href":"https:\/\/lucacastelli.com\/fr\/wp-json\/wp\/v2\/product_brand?post=471480"},{"taxonomy":"product_cat","embeddable":true,"href":"https:\/\/lucacastelli.com\/fr\/wp-json\/wp\/v2\/product_cat?post=471480"},{"taxonomy":"product_tag","embeddable":true,"href":"https:\/\/lucacastelli.com\/fr\/wp-json\/wp\/v2\/product_tag?post=471480"}],"curies":[{"name":"wp","href":"https:\/\/api.w.org\/{rel}","templated":true}]}}