{"id":471475,"date":"2022-10-19T14:07:32","date_gmt":"2022-10-19T12:07:32","guid":{"rendered":"https:\/\/lucacastelli.com\/?post_type=product&#038;p=471475"},"modified":"2025-07-28T11:43:54","modified_gmt":"2025-07-28T09:43:54","slug":"petzl-rig","status":"publish","type":"product","link":"https:\/\/lucacastelli.com\/fr\/produit\/petzl-rig\/","title":{"rendered":"PETZL RIG"},"content":{"rendered":"<p>Descendeur auto-freinant compact pour un acc\u00e8s difficile pour les utilisateurs exp\u00e9riment\u00e9s<\/p>\n<p>Le descendeur auto-freinant compact RIG pour les acc\u00e8s difficiles est con\u00e7u pour les utilisateurs exp\u00e9riment\u00e9s. Il est \u00e9quip\u00e9 d\u2019une poign\u00e9e ergonomique pour contr\u00f4ler confortablement la descente. Le syst\u00e8me AUTO-LOCK vous permet de vous positionner facilement sur le lieu de travail, sans avoir \u00e0 utiliser la poign\u00e9e et \u00e0 appuyer sur la touche d\u2019arr\u00eat. Une fois verrouill\u00e9e, la corde peut \u00eatre r\u00e9cup\u00e9r\u00e9e sans avoir \u00e0 utiliser la poign\u00e9e. Le clic d\u2019ouverture permet d\u2019installer la corde tout en maintenant l\u2019appareil connect\u00e9 au harnais.    <\/p>\n<p>Description<\/p>\n<p>Con\u00e7u pour les utilisateurs exp\u00e9riment\u00e9s dans les zones difficiles d\u2019acc\u00e8s.<br \/>\nFacilit\u00e9 d\u2019utilisation :<br \/>\n&#8211; il dispose d\u2019un clic d\u2019ouverture sur la bride mobile qui vous permet d\u2019ins\u00e9rer facilement la corde, en maintenant l\u2019appareil connect\u00e9 au harnais, et en facilitant le passage des fentes,<br \/>\n&#8211; installation facile de la corde, gr\u00e2ce au guide et aux marquages indicatifs,<br \/>\n&#8211; poign\u00e9e ergonomique qui vous permet de lib\u00e9rer la corde et de contr\u00f4ler confortablement la descente. Deux options de descente : sur la bride ou dans la rainure de freinage en forme de V,<br \/>\n &#8211; le syst\u00e8me AUTO-LOCK qui permet un positionnement facile sur le lieu de travail, sans avoir \u00e0 utiliser la poign\u00e9e et \u00e0 appuyer sur la touche d\u2019arr\u00eat : lorsque l\u2019utilisateur rel\u00e2che la poign\u00e9e, la corde se bloque automatiquement dans l\u2019appareil. Le retour automatique de la poign\u00e9e r\u00e9duit le risque d\u2019accrochage involontaire,<br \/>\n &#8211; passage automatique de la poign\u00e9e en position de repos lorsque la corde est retir\u00e9e de l\u2019appareil, ce qui r\u00e9duit le risque d\u2019accrochage involontaire lorsque le descendeur est port\u00e9 sur le harnais.<br \/>\nPolyvalence d\u2019utilisation :<br \/>\n&#8211; une fois verrouill\u00e9e, la corde peut \u00eatre r\u00e9cup\u00e9r\u00e9e sans avoir \u00e0 utiliser la poign\u00e9e, permettant par exemple de r\u00e9aliser facilement de courtes remont\u00e9es sur cordes,<br \/>\n&#8211; came qui peut \u00eatre utilis\u00e9e pour saisir facilement la corde ou assurer un grimpeur en t\u00eate avec technique d\u2019escalade.<br \/>\nRenfort de protection, en acier inoxydable dans la zone de frottement de la corde, qui permettent d\u2019augmenter la r\u00e9sistance \u00e0 l\u2019usure.<br \/>\nDescente de charges lourdes jusqu\u2019\u00e0 200 kg.<br \/>\nCompatibilit\u00e9 corde : de 10 \u00e0 11,5 mm de diam\u00e8tre.<br \/>\nDisponible en deux couleurs : jaune et noir.<\/p>\n<p>Sp\u00e9cifique<\/p>\n<p>Mat\u00e9riaux : aluminium, acier, polyamide<br \/>\nPoids : 400 g<br \/>\nCharge maximale d\u2019utilisation : 200 kg (plus d\u2019informations dans la note d\u2019information et les conseils techniques sur le site www.petzl.com)<br \/>\nCertification(s) : EN 341 type 2 classe A, CE EN 12841 type C, CE EN 15151-1, NFPA 1983 Utilisation technique, EAC &#8211; EN 341 type 2 classe A lorsqu\u2019il est utilis\u00e9 avec une corde PARALLEL 10,5 mm ou AXIS 11 mm, &#8211; EN 12841 type C lorsqu\u2019il est utilis\u00e9 avec une corde EN 1891 A de 10 \u00e0 11,5 mm, &#8211; EN 15151-1 lorsqu\u2019il est utilis\u00e9 avec une corde de 9 \u00e0 11 mm,  &#8211; NFPA 1983 Utilisation technique lorsqu\u2019il est utilis\u00e9 avec une corde de 10 \u00e0 11,5 mm.<\/p>\n","protected":false},"excerpt":{"rendered":"<p>Descendeur auto-freinant compact pour un acc\u00e8s difficile pour les utilisateurs exp\u00e9riment\u00e9s Le descendeur auto-freinant compact RIG pour les acc\u00e8s difficiles<\/p>\n","protected":false},"featured_media":83164,"template":"","meta":{"_seopress_robots_primary_cat":"","_seopress_titles_title":"","_seopress_titles_desc":"","_seopress_robots_index":""},"product_brand":[3667],"product_cat":[144,1397,1402],"product_tag":[],"class_list":{"0":"post-471475","1":"product","2":"type-product","3":"status-publish","4":"has-post-thumbnail","6":"product_brand-petzl-fr","7":"product_cat-equipement","8":"product_cat-equipement-de-travail","9":"product_cat-harnais-et-equipements-de-securite","11":"first","12":"onbackorder","13":"shipping-taxable","14":"purchasable","15":"product-type-variable"},"_links":{"self":[{"href":"https:\/\/lucacastelli.com\/fr\/wp-json\/wp\/v2\/product\/471475","targetHints":{"allow":["GET"]}}],"collection":[{"href":"https:\/\/lucacastelli.com\/fr\/wp-json\/wp\/v2\/product"}],"about":[{"href":"https:\/\/lucacastelli.com\/fr\/wp-json\/wp\/v2\/types\/product"}],"wp:featuredmedia":[{"embeddable":true,"href":"https:\/\/lucacastelli.com\/fr\/wp-json\/wp\/v2\/media\/83164"}],"wp:attachment":[{"href":"https:\/\/lucacastelli.com\/fr\/wp-json\/wp\/v2\/media?parent=471475"}],"wp:term":[{"taxonomy":"product_brand","embeddable":true,"href":"https:\/\/lucacastelli.com\/fr\/wp-json\/wp\/v2\/product_brand?post=471475"},{"taxonomy":"product_cat","embeddable":true,"href":"https:\/\/lucacastelli.com\/fr\/wp-json\/wp\/v2\/product_cat?post=471475"},{"taxonomy":"product_tag","embeddable":true,"href":"https:\/\/lucacastelli.com\/fr\/wp-json\/wp\/v2\/product_tag?post=471475"}],"curies":[{"name":"wp","href":"https:\/\/api.w.org\/{rel}","templated":true}]}}