{"id":471454,"date":"2022-09-02T11:42:59","date_gmt":"2022-09-02T09:42:59","guid":{"rendered":"https:\/\/lucacastelli.com\/?post_type=product&#038;p=471454"},"modified":"2025-07-28T14:10:07","modified_gmt":"2025-07-28T12:10:07","slug":"petzl-scorpion-eashook","status":"publish","type":"product","link":"https:\/\/lucacastelli.com\/fr\/produit\/petzl-scorpion-eashook\/","title":{"rendered":"PETZL SCORPION EASHOOK"},"content":{"rendered":"<p>Longe de via ferrata avec mousquetons EASHOOK et syst\u00e8me anti-torsion<\/p>\n<p>La longe de via ferrata SCORPIO EASHOOK est destin\u00e9e aux utilisateurs pesant entre 40 et 120 kg selon la norme EN 958 : 2017. Il est \u00e9quip\u00e9 de deux mousquetons \u00e0 large ouverture EASHOOK adapt\u00e9s \u00e0 toutes les tailles de main. Les deux v\u00eatements r\u00e9tractables sont \u00e9quip\u00e9s d\u2019un syst\u00e8me anti-torsion pour une utilisation plus confortable. Sa grande r\u00e9sistance le rend adapt\u00e9 aussi bien aux pratiquants r\u00e9guliers qu\u2019\u00e0 la location.   <\/p>\n<p>Description<br \/>\nLonge adapt\u00e9e aux utilisateurs pesant entre 40 et 120 kg :<br \/>\n&#8211; longe conforme \u00e0 la norme EN 958 : 2017 adapt\u00e9e \u00e0 une large gamme de poids d\u2019utilisateur,<br \/>\n&#8211; deux brins \u00e9lastiques avec une grande capacit\u00e9 d\u2019allongement pour s\u2019adapter \u00e0 toutes les morphologies.<br \/>\nConfort d\u2019utilisation :<br \/>\n&#8211; syst\u00e8me d\u2019absorption des d\u00e9chirures ultra-compact (brevet Petzl),<br \/>\n&#8211; liaison courte de la longe au harnais pour r\u00e9duire l\u2019encombrement lors de la marche,<br \/>\n&#8211; deux extr\u00e9mit\u00e9s \u00e9lastiques mont\u00e9es sur le syst\u00e8me anti-torsion SWIVEL pour faciliter les man\u0153uvres,<br \/>\n&#8211; une extr\u00e9mit\u00e9 courte pour se reposer au niveau des barres,<br \/>\n&#8211; mousquetons d\u2019ancrage EASHOOK avec syst\u00e8me de verrouillage automatique, adapt\u00e9s \u00e0 toutes les tailles de main.<br \/>\nConception r\u00e9sistante pour un usage intensif :<br \/>\n&#8211; \u00e9tui de protection avec fermeture \u00e9clair pour ranger et prot\u00e9ger l\u2019absorbeur d\u2019\u00e9nergie,<br \/>\n&#8211; grande r\u00e9sistance des v\u00eatements r\u00e9tractables en PEHD (poly\u00e9thyl\u00e8ne haute densit\u00e9) et des mousquetons en aluminium,<br \/>\n&#8211; adapt\u00e9 \u00e0 une pratique plus confortable et \u00e0 une utilisation intensive (groupes).<br \/>\nCaract\u00e9ristiques Longueur<br \/>\nde la longe (sans mousquetons) : &#8211; en position r\u00e9tract\u00e9e : 84,5 cm, &#8211; en position d\u00e9ploy\u00e9e : 115,5 cm, &#8211; t\u00eate courte : 36 cm.<br \/>\nMat\u00e9riaux : poly\u00e9thyl\u00e8ne haute densit\u00e9, polyester, aluminium<br \/>\nCertification(s) : CE EN 958 : 2017, VG11 2013, UKCA, UIAA<br \/>\nMousquetons CE EN 12275 type K, UIAA<\/p>\n<table>\n<tbody>\n<tr>\n<th class=\"rowTitle\">R\u00e9f\u00e9rences<\/th>\n<th>L060BA00<\/th>\n<\/tr>\n<tr>\n<td class=\"rowTitle\">Poids<\/td>\n<td>470 grammes<\/td>\n<\/tr>\n<tr>\n<td class=\"rowTitle\">Garantie<\/td>\n<td>3 ans<\/td>\n<\/tr>\n<tr>\n<td class=\"rowTitle\">Emballage<\/td>\n<td>1 <\/td>\n<\/tr>\n<\/tbody>\n<\/table>\n","protected":false},"excerpt":{"rendered":"<p>Longe de via ferrata avec mousquetons EASHOOK et syst\u00e8me anti-torsion La longe de via ferrata SCORPIO EASHOOK est destin\u00e9e aux<\/p>\n","protected":false},"featured_media":80881,"template":"","meta":{"_seopress_robots_primary_cat":"","_seopress_titles_title":"","_seopress_titles_desc":"","_seopress_robots_index":""},"product_brand":[3446],"product_cat":[33,537,814,211,818],"product_tag":[],"class_list":{"0":"post-471454","1":"product","2":"type-product","3":"status-publish","4":"has-post-thumbnail","6":"product_brand-petzl","7":"product_cat-attrezzature","8":"product_cat-attrezzatura-da-lavoro","9":"product_cat-imbraghi-e-materiale-di-sicurezza","10":"product_cat-attrezzatura-per-il-tempo-libero","11":"product_cat-imbraghi-e-materiale-di-sicurezza-attrezzatura-per-il-tempo-libero","13":"first","14":"onbackorder","15":"shipping-taxable","16":"purchasable","17":"product-type-simple"},"_links":{"self":[{"href":"https:\/\/lucacastelli.com\/fr\/wp-json\/wp\/v2\/product\/471454","targetHints":{"allow":["GET"]}}],"collection":[{"href":"https:\/\/lucacastelli.com\/fr\/wp-json\/wp\/v2\/product"}],"about":[{"href":"https:\/\/lucacastelli.com\/fr\/wp-json\/wp\/v2\/types\/product"}],"wp:featuredmedia":[{"embeddable":true,"href":"https:\/\/lucacastelli.com\/fr\/wp-json\/wp\/v2\/media\/80881"}],"wp:attachment":[{"href":"https:\/\/lucacastelli.com\/fr\/wp-json\/wp\/v2\/media?parent=471454"}],"wp:term":[{"taxonomy":"product_brand","embeddable":true,"href":"https:\/\/lucacastelli.com\/fr\/wp-json\/wp\/v2\/product_brand?post=471454"},{"taxonomy":"product_cat","embeddable":true,"href":"https:\/\/lucacastelli.com\/fr\/wp-json\/wp\/v2\/product_cat?post=471454"},{"taxonomy":"product_tag","embeddable":true,"href":"https:\/\/lucacastelli.com\/fr\/wp-json\/wp\/v2\/product_tag?post=471454"}],"curies":[{"name":"wp","href":"https:\/\/api.w.org\/{rel}","templated":true}]}}