{"id":471447,"date":"2022-09-27T14:28:05","date_gmt":"2022-09-27T12:28:05","guid":{"rendered":"https:\/\/lucacastelli.com\/?post_type=product&#038;p=471447"},"modified":"2025-07-28T11:43:39","modified_gmt":"2025-07-28T09:43:39","slug":"couche-haute-visibilite-petzl","status":"publish","type":"product","link":"https:\/\/lucacastelli.com\/fr\/produit\/couche-haute-visibilite-petzl\/","title":{"rendered":"COUCHE HAUTE VISIBILIT\u00c9 PETZL"},"content":{"rendered":"<p>Tr\u00e8s l\u00e9ger, le casque STRATO garantit une utilisation confortable, gr\u00e2ce aux syst\u00e8mes CENTERFIT et FLIP&amp;FIT qui offrent un excellent maintien du casque sur la t\u00eate. Avec une mentonni\u00e8re de r\u00e9sistance interchangeable, il est adapt\u00e9 au travail en hauteur et au travail au sol. La coque ext\u00e9rieure ferm\u00e9e prot\u00e8ge contre les risques \u00e9lectriques, la projection de m\u00e9tal en fusion et les flammes. L\u2019int\u00e9gration optimale d\u2019une lampe frontale Petzl, d\u2019une visi\u00e8re de protection, d\u2019une protection contre le bruit et de multiples accessoires en fait un casque enti\u00e8rement modulable, qui r\u00e9pond aux besoins suppl\u00e9mentaires des professionnels. La version haute visibilit\u00e9 est \u00e9quip\u00e9e d\u2019une coque ext\u00e9rieure fluorescente avec des clips phosphorescents et des bandes r\u00e9fl\u00e9chissantes, pour une visibilit\u00e9 optimale du travailleur, de jour comme de nuit.    <\/p>\n<p>Description d\u00e9taill\u00e9e<\/p>\n<p>Construction l\u00e9g\u00e8re et confort d\u2019utilisation :<br \/>\n&#8211; Coque int\u00e9rieure en EPP (polypropyl\u00e8ne expans\u00e9) et EPS (polystyr\u00e8ne expans\u00e9) pour une plus grande l\u00e9g\u00e8ret\u00e9,<br \/>\n&#8211; R\u00e9glage CENTERFIT qui maintient le casque parfaitement centr\u00e9 sur la t\u00eate, gr\u00e2ce aux deux molettes de r\u00e9glage lat\u00e9rales,<br \/>\n&#8211; Syst\u00e8me FLIP&amp;FIT qui permet une position basse de l\u2019arceau pour assurer une excellente prise en main du casque. Le syst\u00e8me se r\u00e9tracte \u00e0 l\u2019int\u00e9rieur du casque pour un rangement et un transport faciles,<br \/>\n &#8211; fourni avec des coussinets de confort absorbants interchangeables.<br \/>\nProtection adapt\u00e9e au travail en hauteur et au travail au sol, de jour comme de nuit :<br \/>\n &#8211; Mentonni\u00e8re DUAL qui permet au travailleur de modifier la r\u00e9sistance de la mentonni\u00e8re pour adapter le casque \u00e0 diff\u00e9rents environnements : travail en hauteur (EN 12492) et travail au sol (EN 397). Le clip dispose de deux positions pour deux modes d\u2019utilisation : haute r\u00e9sistance, pour r\u00e9duire le risque de perdre le casque lors d\u2019une chute et faible r\u00e9sistance pour r\u00e9duire le risque d\u2019\u00e9tranglement en cas d\u2019attache du casque lorsque l\u2019utilisateur est au sol,<br \/>\n &#8211; absorption des chocs due \u00e0 la d\u00e9formation de la coque int\u00e9rieure,<br \/>\n &#8211; protection contre les risques \u00e9lectriques,  la projection de m\u00e9taux en fusion et de flammes, gr\u00e2ce \u00e0 la coque ext\u00e9rieure ferm\u00e9e,<br \/>\n &#8211; coque ext\u00e9rieure fluorescente avec des clips phosphorescents et des bandes r\u00e9fl\u00e9chissantes pour une visibilit\u00e9 optimale du travailleur, de jour comme de nuit.<br \/>\nModularit\u00e9 des accessoires :<br \/>\n&#8211; visi\u00e8re de protection avec syst\u00e8me de fixation lat\u00e9rale EASYCLIP qui facilite l\u2019installation<br \/>\n&#8211; Lampe frontale Petzl avec attaches ou lampe frontale avec bandeau \u00e9lastique,<br \/>\n&#8211; protecteur de casque qui permet de prot\u00e9ger la coque de la salet\u00e9 et des projections de peinture,<br \/>\n&#8211; prot\u00e8ge-cou pour prot\u00e9ger le cou de la pluie et du soleil,<br \/>\n&#8211; porte-badge pour identifier rapidement l\u2019utilisateur,<br \/>\n&#8211; mentonni\u00e8re et rembourrage interchangeables,<br \/>\n&#8211; protections contre le bruit,<br \/>\n&#8211; Disponible en deux couleurs haute visibilit\u00e9 : jaune et orange.<\/p>\n<p>Sp\u00e9cifique<\/p>\n<p>Tamis : 53-63 cm<br \/>\nPoids : 445 g<br \/>\nMat\u00e9riaux : ABS (acrylonite butadi\u00e8ne styr\u00e8ne), EPP (polypropyl\u00e8ne expans\u00e9), EPS (polystyr\u00e8ne expans\u00e9), polyamide, polycarbonate, polyester haute r\u00e9sistance, poly\u00e9thyl\u00e8ne<br \/>\nCertification(s) : CE EN 397 (1), EN 50365 (2), ANSI Z89.1 Type I Classe E, UKCA, EAC<br \/>\n (1) r\u00e9pond \u00e0 toutes les exigences de la norme EN 397, \u00e0 l\u2019exception de l\u2019exigence de d\u00e9gagement vertical interne.<br \/>\n(2) est partiellement conforme \u00e0 la norme EN 397<\/p>\n<p>Garantie de 3 ans<\/p>\n","protected":false},"excerpt":{"rendered":"<p>Tr\u00e8s l\u00e9ger, le casque STRATO garantit une utilisation confortable, gr\u00e2ce aux syst\u00e8mes CENTERFIT et FLIP&amp;FIT qui offrent un excellent maintien<\/p>\n","protected":false},"featured_media":82498,"template":"","meta":{"_seopress_robots_primary_cat":"","_seopress_titles_title":"","_seopress_titles_desc":"","_seopress_robots_index":""},"product_brand":[3667],"product_cat":[1416,1405,144,1397,1408,1412],"product_tag":[],"class_list":{"0":"post-471447","1":"product","2":"type-product","3":"status-publish","4":"has-post-thumbnail","6":"product_brand-petzl-fr","7":"product_cat-casques-fr","8":"product_cat-casques","9":"product_cat-equipement","10":"product_cat-equipement-de-travail","11":"product_cat-equipements-de-loisirs","12":"product_cat-visieres-et-lunettes","14":"first","15":"onbackorder","16":"shipping-taxable","17":"purchasable","18":"product-type-variable"},"_links":{"self":[{"href":"https:\/\/lucacastelli.com\/fr\/wp-json\/wp\/v2\/product\/471447","targetHints":{"allow":["GET"]}}],"collection":[{"href":"https:\/\/lucacastelli.com\/fr\/wp-json\/wp\/v2\/product"}],"about":[{"href":"https:\/\/lucacastelli.com\/fr\/wp-json\/wp\/v2\/types\/product"}],"wp:featuredmedia":[{"embeddable":true,"href":"https:\/\/lucacastelli.com\/fr\/wp-json\/wp\/v2\/media\/82498"}],"wp:attachment":[{"href":"https:\/\/lucacastelli.com\/fr\/wp-json\/wp\/v2\/media?parent=471447"}],"wp:term":[{"taxonomy":"product_brand","embeddable":true,"href":"https:\/\/lucacastelli.com\/fr\/wp-json\/wp\/v2\/product_brand?post=471447"},{"taxonomy":"product_cat","embeddable":true,"href":"https:\/\/lucacastelli.com\/fr\/wp-json\/wp\/v2\/product_cat?post=471447"},{"taxonomy":"product_tag","embeddable":true,"href":"https:\/\/lucacastelli.com\/fr\/wp-json\/wp\/v2\/product_tag?post=471447"}],"curies":[{"name":"wp","href":"https:\/\/api.w.org\/{rel}","templated":true}]}}