{"id":471342,"date":"2023-11-25T13:10:55","date_gmt":"2023-11-25T12:10:55","guid":{"rendered":"https:\/\/lucacastelli.com\/prodotto\/pfanner-skin-dry-chemise-a-col-en-v-kurzarm\/"},"modified":"2026-04-17T23:48:55","modified_gmt":"2026-04-17T21:48:55","slug":"pfanner-skin-dry-chemise-a-col-en-v-kurzarm","status":"publish","type":"product","link":"https:\/\/lucacastelli.com\/fr\/produit\/pfanner-skin-dry-chemise-a-col-en-v-kurzarm\/","title":{"rendered":"PFANNER Skin Dry V Neck Shirt manches courtes"},"content":{"rendered":"<p>Le T-shirt Pfanner Skin-Dry V-Neck \u00e0 manches courtes est un compagnon \u00e9l\u00e9gant fabriqu\u00e9 dans un mat\u00e9riau robuste. Il poss\u00e8de une finition anti-odeurs et une \u00e9vacuation optimale de l&#8217;humidit\u00e9. <\/p>\n","protected":false},"excerpt":{"rendered":"<p>Le T-shirt Pfanner Skin-Dry V-Neck \u00e0 manches courtes est un compagnon \u00e9l\u00e9gant fabriqu\u00e9 dans un mat\u00e9riau robuste. Il poss\u00e8de une<\/p>\n","protected":false},"featured_media":48028,"template":"","meta":{"_seopress_robots_primary_cat":"","_seopress_titles_title":"","_seopress_titles_desc":"","_seopress_robots_index":""},"product_brand":[3669],"product_cat":[81,1381,981,982],"product_tag":[],"class_list":{"0":"post-471342","1":"product","2":"type-product","3":"status-publish","4":"has-post-thumbnail","6":"product_brand-pfanner-fr","7":"product_cat-vetements","8":"product_cat-vetements-de-travail","9":"product_cat-vetements-de-loisirs","10":"product_cat-vetements-pour-hommes","11":"sws-gruppo-no-gruppo-fr","12":"sws-categoria-sito-fr","13":"sws-sottocategoria-altro-fr","14":"sws-conto-ricavi-merci-rivendita-abbigliamento-fr","15":"sws-gruppo-iva-iva81-fr","17":"first","18":"instock","19":"shipping-taxable","20":"purchasable","21":"product-type-variable"},"_links":{"self":[{"href":"https:\/\/lucacastelli.com\/fr\/wp-json\/wp\/v2\/product\/471342","targetHints":{"allow":["GET"]}}],"collection":[{"href":"https:\/\/lucacastelli.com\/fr\/wp-json\/wp\/v2\/product"}],"about":[{"href":"https:\/\/lucacastelli.com\/fr\/wp-json\/wp\/v2\/types\/product"}],"wp:featuredmedia":[{"embeddable":true,"href":"https:\/\/lucacastelli.com\/fr\/wp-json\/wp\/v2\/media\/48028"}],"wp:attachment":[{"href":"https:\/\/lucacastelli.com\/fr\/wp-json\/wp\/v2\/media?parent=471342"}],"wp:term":[{"taxonomy":"product_brand","embeddable":true,"href":"https:\/\/lucacastelli.com\/fr\/wp-json\/wp\/v2\/product_brand?post=471342"},{"taxonomy":"product_cat","embeddable":true,"href":"https:\/\/lucacastelli.com\/fr\/wp-json\/wp\/v2\/product_cat?post=471342"},{"taxonomy":"product_tag","embeddable":true,"href":"https:\/\/lucacastelli.com\/fr\/wp-json\/wp\/v2\/product_tag?post=471342"}],"curies":[{"name":"wp","href":"https:\/\/api.w.org\/{rel}","templated":true}]}}