{"id":471294,"date":"2023-11-24T15:52:41","date_gmt":"2023-11-24T14:52:41","guid":{"rendered":"https:\/\/lucacastelli.com\/prodotto\/tuyau-thermique-en-merinos-modal-pfanner\/"},"modified":"2026-04-17T23:37:00","modified_gmt":"2026-04-17T21:37:00","slug":"tuyau-thermique-en-merinos-modal-pfanner","status":"publish","type":"product","link":"https:\/\/lucacastelli.com\/fr\/produit\/tuyau-thermique-en-merinos-modal-pfanner\/","title":{"rendered":"Pantalon thermique PFANNER Merino-Modal"},"content":{"rendered":"<p>Le pantalon thermique Merino-Modal offre des propri\u00e9t\u00e9s isolantes exceptionnelles aux temp\u00e9ratures les plus rigoureuses. L&#8217;int\u00e9rieur micro-modal procure une sensation de seconde peau. La laine m\u00e9rinos a un effet anti-odeur et ne gratte pas. Les coutures plates sans pression assurent un confort d&#8217;ajustement suppl\u00e9mentaire et le maintien de la forme du pantalon. Le pantalon thermique en m\u00e9rinos-modal est r\u00e9sistant \u00e0 l&#8217;abrasion et durable, en plus d&#8217;\u00eatre extr\u00eamement facile d&#8217;entretien.    <\/p>\n<p>Maintient la chaleur par temps froid et la fra\u00eecheur par temps chaud<br \/>\nMaintient au sec<br \/>\nLe c\u00f4t\u00e9 modal contre la peau ne gratte pas<br \/>\nR\u00e9sistant aux odeurs<br \/>\nFacile d&#8217;entretien<\/p>\n","protected":false},"excerpt":{"rendered":"<p>Le pantalon thermique Merino-Modal offre des propri\u00e9t\u00e9s isolantes exceptionnelles aux temp\u00e9ratures les plus rigoureuses. L&#8217;int\u00e9rieur micro-modal procure une sensation de<\/p>\n","protected":false},"featured_media":47788,"template":"","meta":{"_seopress_robots_primary_cat":"","_seopress_titles_title":"","_seopress_titles_desc":"","_seopress_robots_index":""},"product_brand":[3669],"product_cat":[81,1381],"product_tag":[],"class_list":{"0":"post-471294","1":"product","2":"type-product","3":"status-publish","4":"has-post-thumbnail","6":"product_brand-pfanner-fr","7":"product_cat-vetements","8":"product_cat-vetements-de-travail","9":"sws-gruppo-no-gruppo-fr","10":"sws-categoria-sito-fr","11":"sws-sottocategoria-altro-fr","12":"sws-conto-ricavi-merci-rivendita-abbigliamento-fr","13":"sws-gruppo-iva-iva81-fr","15":"first","16":"instock","17":"shipping-taxable","18":"purchasable","19":"product-type-variable"},"_links":{"self":[{"href":"https:\/\/lucacastelli.com\/fr\/wp-json\/wp\/v2\/product\/471294","targetHints":{"allow":["GET"]}}],"collection":[{"href":"https:\/\/lucacastelli.com\/fr\/wp-json\/wp\/v2\/product"}],"about":[{"href":"https:\/\/lucacastelli.com\/fr\/wp-json\/wp\/v2\/types\/product"}],"wp:featuredmedia":[{"embeddable":true,"href":"https:\/\/lucacastelli.com\/fr\/wp-json\/wp\/v2\/media\/47788"}],"wp:attachment":[{"href":"https:\/\/lucacastelli.com\/fr\/wp-json\/wp\/v2\/media?parent=471294"}],"wp:term":[{"taxonomy":"product_brand","embeddable":true,"href":"https:\/\/lucacastelli.com\/fr\/wp-json\/wp\/v2\/product_brand?post=471294"},{"taxonomy":"product_cat","embeddable":true,"href":"https:\/\/lucacastelli.com\/fr\/wp-json\/wp\/v2\/product_cat?post=471294"},{"taxonomy":"product_tag","embeddable":true,"href":"https:\/\/lucacastelli.com\/fr\/wp-json\/wp\/v2\/product_tag?post=471294"}],"curies":[{"name":"wp","href":"https:\/\/api.w.org\/{rel}","templated":true}]}}