{"id":471210,"date":"2022-08-25T11:17:48","date_gmt":"2022-08-25T09:17:48","guid":{"rendered":"https:\/\/lucacastelli.com\/?post_type=product&#038;p=471210"},"modified":"2025-07-28T14:10:00","modified_gmt":"2025-07-28T12:10:00","slug":"visiere-petzl-vizir-shadow","status":"publish","type":"product","link":"https:\/\/lucacastelli.com\/fr\/produit\/visiere-petzl-vizir-shadow\/","title":{"rendered":"VISI\u00c8RE PETZL VIZIR SHADOW"},"content":{"rendered":"<p>Visi\u00e8re de protection fum\u00e9e avec syst\u00e8me EASYCLIP pour casques VERTEX et STRATO<\/p>\n<p>La visi\u00e8re VIZIR SHADOW garantit que vos yeux sont prot\u00e9g\u00e9s contre les risques de projection. Il s\u2019installe facilement sur les casques VERTEX et STRATO, gr\u00e2ce au syst\u00e8me de fixation EASYCLIP. Il dispose d\u2019un filtre de protection solaire de niveau 2,5 et b\u00e9n\u00e9ficie \u00e9galement d\u2019un traitement anti-rayures et anti-bu\u00e9e.  <\/p>\n<p>Description d\u00e9taill\u00e9e<br \/>\nProtection oculaire contre les risques de projection&nbsp;:<br \/>\nvisi\u00e8re fum\u00e9e avec filtre de protection de niveau 2.5 pour prot\u00e9ger les yeux de l\u2019utilisateur en cas de soleil,<br \/>\n&#8211; traitement anti-rayures et anti-bu\u00e9e,<br \/>\n&#8211; permet l\u2019utilisation de lunettes.<br \/>\nCompatible avec les casques VERTEX (1) et les casques STRATO :<br \/>\n&#8211; installation rapide et facile, gr\u00e2ce au syst\u00e8me de fixation EASYCLIP fourni,<br \/>\n&#8211; passage rapide de la position de travail \u00e0 la position de repos au-dessus du casque par rotation de la visi\u00e8re.<\/p>\n<p>(1) Versions \u00e0 partir de 2019.<\/p>\n<p>Sp\u00e9cifications<br \/>\nPoids : 80 g<br \/>\nMat\u00e9riaux : polycarbonate<br \/>\nCertification(s) : CE EN 166, 1BT, CE EN 172, 5-2.5, ANSI Z87.1, UKCA, EAC<\/p>\n<p>Garantie de 3 ans<\/p>\n","protected":false},"excerpt":{"rendered":"<p>Visi\u00e8re de protection fum\u00e9e avec syst\u00e8me EASYCLIP pour casques VERTEX et STRATO La visi\u00e8re VIZIR SHADOW garantit que vos yeux<\/p>\n","protected":false},"featured_media":80853,"template":"","meta":{"_seopress_robots_primary_cat":"","_seopress_titles_title":"","_seopress_titles_desc":"","_seopress_robots_index":""},"product_brand":[3667],"product_cat":[1416,1405,144,1397,1408,1412],"product_tag":[],"class_list":{"0":"post-471210","1":"product","2":"type-product","3":"status-publish","4":"has-post-thumbnail","6":"product_brand-petzl-fr","7":"product_cat-casques-fr","8":"product_cat-casques","9":"product_cat-equipement","10":"product_cat-equipement-de-travail","11":"product_cat-equipements-de-loisirs","12":"product_cat-visieres-et-lunettes","14":"first","15":"instock","16":"shipping-taxable","17":"purchasable","18":"product-type-simple"},"_links":{"self":[{"href":"https:\/\/lucacastelli.com\/fr\/wp-json\/wp\/v2\/product\/471210","targetHints":{"allow":["GET"]}}],"collection":[{"href":"https:\/\/lucacastelli.com\/fr\/wp-json\/wp\/v2\/product"}],"about":[{"href":"https:\/\/lucacastelli.com\/fr\/wp-json\/wp\/v2\/types\/product"}],"wp:featuredmedia":[{"embeddable":true,"href":"https:\/\/lucacastelli.com\/fr\/wp-json\/wp\/v2\/media\/80853"}],"wp:attachment":[{"href":"https:\/\/lucacastelli.com\/fr\/wp-json\/wp\/v2\/media?parent=471210"}],"wp:term":[{"taxonomy":"product_brand","embeddable":true,"href":"https:\/\/lucacastelli.com\/fr\/wp-json\/wp\/v2\/product_brand?post=471210"},{"taxonomy":"product_cat","embeddable":true,"href":"https:\/\/lucacastelli.com\/fr\/wp-json\/wp\/v2\/product_cat?post=471210"},{"taxonomy":"product_tag","embeddable":true,"href":"https:\/\/lucacastelli.com\/fr\/wp-json\/wp\/v2\/product_tag?post=471210"}],"curies":[{"name":"wp","href":"https:\/\/api.w.org\/{rel}","templated":true}]}}