{"id":471199,"date":"2022-08-24T14:41:53","date_gmt":"2022-08-24T12:41:53","guid":{"rendered":"https:\/\/lucacastelli.com\/?post_type=product&#038;p=471199"},"modified":"2025-07-29T10:06:14","modified_gmt":"2025-07-29T08:06:14","slug":"petzl-seau-30","status":"publish","type":"product","link":"https:\/\/lucacastelli.com\/fr\/produit\/petzl-seau-30\/","title":{"rendered":"PETZL SEAU 30"},"content":{"rendered":"<p>Sac autoportant de capacit\u00e9 moyenne<\/p>\n<p>Simple et robuste, le sac \u00e0 corde BUCKET 30 vous permet de ranger jusqu\u2019\u00e0 110 m\u00e8tres de corde de 11 mm de diam\u00e8tre. Autoportant, il tient debout m\u00eame \u00e0 vide, pour faciliter l\u2019acc\u00e8s \u00e0 l\u2019int\u00e9rieur du sac. Il dispose de bretelles rembourr\u00e9es pour une utilisation confortable, d\u2019une poche externe pour ranger les effets personnels et d\u2019une zone de personnalisation pour une identification rapide du contenu. La construction en tissu technique TPU permet une utilisation r\u00e9guli\u00e8re \u00e0 intensive. Il est disponible en trois couleurs : jaune, rouge et noir.    <\/p>\n<p>Description d\u00e9taill\u00e9e<br \/>\nSac de corde autoportant :<br \/>\n&#8211; Capacit\u00e9 de 30 litres pour stocker jusqu\u2019\u00e0 110 m\u00e8tres de corde de 11 mm de diam\u00e8tre<br \/>\n&#8211; deux boucles \u00e0 l\u2019int\u00e9rieur du sac pour attacher les deux extr\u00e9mit\u00e9s de la corde pour une identification rapide,<br \/>\n&#8211; quatre boucles internes pour ranger le mat\u00e9riel ou fixer une mallette \u00e0 outils TOOLBAG<br \/>\n&#8211; Fermeture \u00e0 enroulement pour assurer une protection optimale contre l\u2019humidit\u00e9,<br \/>\n&#8211; deux grandes poign\u00e9es confortables pour porter \u00e0 la main et soulever jusqu\u2019\u00e0 50 kg,<br \/>\n&#8211; une poign\u00e9e qui permet le positionnement du sac sur le lieu de travail,<br \/>\n&#8211; bretelles rembourr\u00e9es r\u00e9glables pour une utilisation comme sac \u00e0 dos,<br \/>\n&#8211; poche ext\u00e9rieure avec fermeture \u00e9clair pour ranger les effets personnels,<br \/>\n&#8211; zone de personnalisation \u00e0 l\u2019ext\u00e9rieur pour identifier facilement et rapidement le contenu du sac.<br \/>\nExcellente r\u00e9sistance pour un usage intensif :<br \/>\n &#8211; tissu technique TPU (sans PVC) haute r\u00e9sistance pour une utilisation r\u00e9guli\u00e8re \u00e0 intensive. Le tissu TPU tech r\u00e9siste aux rayons du soleil (la couleur ne s\u2019estompe pas), \u00e0 l\u2019huile, \u00e0 la graisse et aux temp\u00e9ratures \u00e9lev\u00e9es et basses. Il ne contient pas de chlore (inodore) et est un tissu recyclable<br \/>\n et imperm\u00e9able.<br \/>\nDisponible en trois couleurs (jaune, rouge et noir).  <\/p>\n<p>Sp\u00e9cifications<br \/>\nPoids : 735 g<br \/>\nMat\u00e9riaux : TPU, polyamide, polyester, polypropyl\u00e8ne<br \/>\nCharge maximale : 50 kg (selon le protocole de la norme EN ISO 21898:2006)<\/p>\n","protected":false},"excerpt":{"rendered":"<p>Sac autoportant de capacit\u00e9 moyenne Simple et robuste, le sac \u00e0 corde BUCKET 30 vous permet de ranger jusqu\u2019\u00e0 110<\/p>\n","protected":false},"featured_media":80821,"template":"","meta":{"_seopress_robots_primary_cat":"","_seopress_titles_title":"","_seopress_titles_desc":"","_seopress_robots_index":""},"product_brand":[3667],"product_cat":[1702,1496,144,1397,1408],"product_tag":[],"class_list":{"0":"post-471199","1":"product","2":"type-product","3":"status-publish","4":"has-post-thumbnail","6":"product_brand-petzl-fr","7":"product_cat-autres","8":"product_cat-autres-equipements-de-travail","9":"product_cat-equipement","10":"product_cat-equipement-de-travail","11":"product_cat-equipements-de-loisirs","12":"sws-gruppo-abb-libero-fr","13":"sws-conto-ricavi-merci-rivendita-abbigliamento","14":"sws-gruppo-iva-iva81","16":"first","17":"instock","18":"shipping-taxable","19":"purchasable","20":"product-type-variable"},"_links":{"self":[{"href":"https:\/\/lucacastelli.com\/fr\/wp-json\/wp\/v2\/product\/471199","targetHints":{"allow":["GET"]}}],"collection":[{"href":"https:\/\/lucacastelli.com\/fr\/wp-json\/wp\/v2\/product"}],"about":[{"href":"https:\/\/lucacastelli.com\/fr\/wp-json\/wp\/v2\/types\/product"}],"wp:featuredmedia":[{"embeddable":true,"href":"https:\/\/lucacastelli.com\/fr\/wp-json\/wp\/v2\/media\/80821"}],"wp:attachment":[{"href":"https:\/\/lucacastelli.com\/fr\/wp-json\/wp\/v2\/media?parent=471199"}],"wp:term":[{"taxonomy":"product_brand","embeddable":true,"href":"https:\/\/lucacastelli.com\/fr\/wp-json\/wp\/v2\/product_brand?post=471199"},{"taxonomy":"product_cat","embeddable":true,"href":"https:\/\/lucacastelli.com\/fr\/wp-json\/wp\/v2\/product_cat?post=471199"},{"taxonomy":"product_tag","embeddable":true,"href":"https:\/\/lucacastelli.com\/fr\/wp-json\/wp\/v2\/product_tag?post=471199"}],"curies":[{"name":"wp","href":"https:\/\/api.w.org\/{rel}","templated":true}]}}