{"id":471175,"date":"2022-07-11T17:19:22","date_gmt":"2022-07-11T15:19:22","guid":{"rendered":"https:\/\/lucacastelli.com\/?post_type=product&#038;p=471175"},"modified":"2025-07-28T14:10:14","modified_gmt":"2025-07-28T12:10:14","slug":"petzl-progress-adjust-y","status":"publish","type":"product","link":"https:\/\/lucacastelli.com\/fr\/produit\/petzl-progress-adjust-y\/","title":{"rendered":"PETZL Progress Adjust-Y"},"content":{"rendered":"<p>Longe r\u00e9glable \u00e0 double progression<\/p>\n<p>PROGRESS ADJUST-Y est une longe r\u00e9glable \u00e0 double progression qui permet une connexion permanente dans tous les types de progression (mont\u00e9e sur corde, mouvement de main courante&#8230;). Gr\u00e2ce au bloqueur ADJUST, la longueur du v\u00eatement r\u00e9glable s\u2019ajuste tr\u00e8s facilement et rapidement. L\u2019accessoire TANGA et la gaine plastique maintiennent les connecteurs dans la bonne position pour un clipsage facile.  <\/p>\n<p>Description<\/p>\n<p>Longe<br \/>\ndouble r\u00e9glable pour une connexion permanente dans tout type de progression :<br \/>\n&#8211; remont\u00e9e sur corde : extr\u00e9mit\u00e9 fixe pour relier un bloqueur poign\u00e9e ASCENSION, extr\u00e9mit\u00e9 r\u00e9glable qui permet d\u2019ajuster la longueur de la longe lors du passage des \u00e9carts,<br \/>\n&#8211; mouvement sur main courante : extr\u00e9mit\u00e9 fixe et extr\u00e9mit\u00e9 r\u00e9glable de la m\u00eame longueur pour faciliter la progression.<br \/>\nFacile d\u2019utilisation :<br \/>\n&#8211; r\u00e9glage tr\u00e8s rapide et pr\u00e9cis de la longueur du v\u00eatement r\u00e9glable gr\u00e2ce \u00e0 la forme ergonomique du bloqueur ADJUST,<br \/>\n&#8211; clipsage facile gr\u00e2ce \u00e0 l\u2019accessoire TANGA et \u00e0 la gaine en plastique qui maintient les connecteurs dans la bonne position,<br \/>\n&#8211; compatible avec le point d\u2019attache ventral ouvrable des harnais ASTRO.<br \/>\nLonge en corde dynamique pour limiter la force transmise \u00e0 l\u2019utilisateur en cas de chute d\u2019une faible hauteur.<br \/>\nMarquage d\u2019identification individuel sur la gaine plastique pour v\u00e9rifier l\u2019\u00e9quipement tout au long de sa dur\u00e9e de vie.<br \/>\nIl s\u2019utilise avec deux connecteurs avec une bague de blocage automatique de type VERTIGO TWIST-LOCK.<\/p>\n<p>Caract\u00e9ristiques Poids<br \/>\n&nbsp;: 230 g<br \/>\nMat\u00e9riaux&nbsp;: aluminium, polyamide, polyester, poly\u00e9thyl\u00e8ne haute r\u00e9sistance (PEHD), \u00e9lastom\u00e8re<br \/>\nLongueurs&nbsp;: &#8211; v\u00eatement fixe&nbsp;: 65 cm, &#8211; v\u00eatement ajustable&nbsp;: jusqu\u2019\u00e0 95 cm<br \/>\nCertification(s)&nbsp;: CE EN 358, EAC<\/p>\n<p>Garantie de 3 ans<\/p>\n","protected":false},"excerpt":{"rendered":"<p>Longe r\u00e9glable \u00e0 double progression PROGRESS ADJUST-Y est une longe r\u00e9glable \u00e0 double progression qui permet une connexion permanente dans<\/p>\n","protected":false},"featured_media":75695,"template":"","meta":{"_seopress_robots_primary_cat":"","_seopress_titles_title":"","_seopress_titles_desc":"","_seopress_robots_index":""},"product_brand":[3446],"product_cat":[33,537,814,211,818],"product_tag":[],"class_list":{"0":"post-471175","1":"product","2":"type-product","3":"status-publish","4":"has-post-thumbnail","6":"product_brand-petzl","7":"product_cat-attrezzature","8":"product_cat-attrezzatura-da-lavoro","9":"product_cat-imbraghi-e-materiale-di-sicurezza","10":"product_cat-attrezzatura-per-il-tempo-libero","11":"product_cat-imbraghi-e-materiale-di-sicurezza-attrezzatura-per-il-tempo-libero","13":"first","14":"onbackorder","15":"shipping-taxable","16":"purchasable","17":"product-type-simple"},"_links":{"self":[{"href":"https:\/\/lucacastelli.com\/fr\/wp-json\/wp\/v2\/product\/471175","targetHints":{"allow":["GET"]}}],"collection":[{"href":"https:\/\/lucacastelli.com\/fr\/wp-json\/wp\/v2\/product"}],"about":[{"href":"https:\/\/lucacastelli.com\/fr\/wp-json\/wp\/v2\/types\/product"}],"wp:featuredmedia":[{"embeddable":true,"href":"https:\/\/lucacastelli.com\/fr\/wp-json\/wp\/v2\/media\/75695"}],"wp:attachment":[{"href":"https:\/\/lucacastelli.com\/fr\/wp-json\/wp\/v2\/media?parent=471175"}],"wp:term":[{"taxonomy":"product_brand","embeddable":true,"href":"https:\/\/lucacastelli.com\/fr\/wp-json\/wp\/v2\/product_brand?post=471175"},{"taxonomy":"product_cat","embeddable":true,"href":"https:\/\/lucacastelli.com\/fr\/wp-json\/wp\/v2\/product_cat?post=471175"},{"taxonomy":"product_tag","embeddable":true,"href":"https:\/\/lucacastelli.com\/fr\/wp-json\/wp\/v2\/product_tag?post=471175"}],"curies":[{"name":"wp","href":"https:\/\/api.w.org\/{rel}","templated":true}]}}