{"id":471167,"date":"2022-08-23T14:36:22","date_gmt":"2022-08-23T12:36:22","guid":{"rendered":"https:\/\/lucacastelli.com\/?post_type=product&#038;p=471167"},"modified":"2025-07-28T14:10:10","modified_gmt":"2025-07-28T12:10:10","slug":"maille-petzl-vizen","status":"publish","type":"product","link":"https:\/\/lucacastelli.com\/fr\/produit\/maille-petzl-vizen\/","title":{"rendered":"MAILLE PETZL VIZEN"},"content":{"rendered":"<p>Visi\u00e8re compl\u00e8te pour le travail dans les arbres avec syst\u00e8me EASYCLIP pour casques VERTEX et STRATO<\/p>\n<p>La visi\u00e8re v\u00e9g\u00e9tale VIZEN MESH prot\u00e8ge contre les \u00e9clats et les morceaux de bois. Ultra-enveloppant, il garantit une protection compl\u00e8te du visage, assurant une bonne visibilit\u00e9. La visi\u00e8re s\u2019installe facilement sur les casques VERTEX et STRATO, gr\u00e2ce au syst\u00e8me de fixation EASYCLIP.  <\/p>\n<p>Description d\u00e9taill\u00e9e<br \/>\nProtection des yeux et du visage contre les risques de projection lors du travail sur les plantes :<br \/>\n&#8211; visi\u00e8re ultra-enveloppante pour prot\u00e9ger les yeux et le visage,<br \/>\n&#8211; ventilation et visibilit\u00e9 garanties, m\u00eame dans de mauvaises conditions (par exemple humidit\u00e9),<br \/>\n&#8211; permet l\u2019utilisation de lunettes.<br \/>\nCompatible avec les casques VERTEX (1) et les casques STRATO :<br \/>\n&#8211; installation rapide et facile, gr\u00e2ce au syst\u00e8me de fixation EASYCLIP fourni,<br \/>\n&#8211; passage rapide de la position de travail \u00e0 la position de repos au-dessus du casque par rotation de la visi\u00e8re.<\/p>\n<p>(1) Versions \u00e0 partir de 2019.<\/p>\n<p>Sp\u00e9cifications<br \/>\nPoids&nbsp;: 117 g<br \/>\nMat\u00e9riaux&nbsp;: polyamide, acier<br \/>\nR\u00e9duction de la lumi\u00e8re&nbsp;: 30 %<br \/>\nCertification(s)&nbsp;: CE EN 1731, UKCA, ANSI Z87.1, EAC<\/p>\n<p>Garantie de 3 ans<\/p>\n","protected":false},"excerpt":{"rendered":"<p>Visi\u00e8re compl\u00e8te pour le travail dans les arbres avec syst\u00e8me EASYCLIP pour casques VERTEX et STRATO La visi\u00e8re v\u00e9g\u00e9tale VIZEN<\/p>\n","protected":false},"featured_media":80720,"template":"","meta":{"_seopress_robots_primary_cat":"","_seopress_titles_title":"","_seopress_titles_desc":"","_seopress_robots_index":""},"product_brand":[3446],"product_cat":[33,537,815,816],"product_tag":[],"class_list":{"0":"post-471167","1":"product","2":"type-product","3":"status-publish","4":"has-post-thumbnail","6":"product_brand-petzl","7":"product_cat-attrezzature","8":"product_cat-attrezzatura-da-lavoro","9":"product_cat-caschi","10":"product_cat-visiere-e-occhiali-protettivi","12":"first","13":"onbackorder","14":"shipping-taxable","15":"purchasable","16":"product-type-simple"},"_links":{"self":[{"href":"https:\/\/lucacastelli.com\/fr\/wp-json\/wp\/v2\/product\/471167","targetHints":{"allow":["GET"]}}],"collection":[{"href":"https:\/\/lucacastelli.com\/fr\/wp-json\/wp\/v2\/product"}],"about":[{"href":"https:\/\/lucacastelli.com\/fr\/wp-json\/wp\/v2\/types\/product"}],"wp:featuredmedia":[{"embeddable":true,"href":"https:\/\/lucacastelli.com\/fr\/wp-json\/wp\/v2\/media\/80720"}],"wp:attachment":[{"href":"https:\/\/lucacastelli.com\/fr\/wp-json\/wp\/v2\/media?parent=471167"}],"wp:term":[{"taxonomy":"product_brand","embeddable":true,"href":"https:\/\/lucacastelli.com\/fr\/wp-json\/wp\/v2\/product_brand?post=471167"},{"taxonomy":"product_cat","embeddable":true,"href":"https:\/\/lucacastelli.com\/fr\/wp-json\/wp\/v2\/product_cat?post=471167"},{"taxonomy":"product_tag","embeddable":true,"href":"https:\/\/lucacastelli.com\/fr\/wp-json\/wp\/v2\/product_tag?post=471167"}],"curies":[{"name":"wp","href":"https:\/\/api.w.org\/{rel}","templated":true}]}}