{"id":471164,"date":"2022-07-07T14:05:24","date_gmt":"2022-07-07T12:05:24","guid":{"rendered":"https:\/\/lucacastelli.com\/?post_type=product&#038;p=471164"},"modified":"2025-07-29T10:06:17","modified_gmt":"2025-07-29T08:06:17","slug":"petzl-vasak","status":"publish","type":"product","link":"https:\/\/lucacastelli.com\/fr\/produit\/petzl-vasak\/","title":{"rendered":"PETZL VASAK"},"content":{"rendered":"<p>Crampons pour l\u2019alpinisme classique<\/p>\n<p>Si vous \u00eates d\u2019humeur \u00e0 faire de l\u2019alpinisme classique, les crampons VASAK sont faits pour vous ! Avec les 12 pointes, ils garantissent une bonne stabilit\u00e9 et une bonne adh\u00e9rence, de la progression du glacier au couloir de neige. Elles sont disponibles avec deux syst\u00e8mes de reliure pour s\u2019adapter \u00e0 toutes les bottes, avec ou sans jante.  <\/p>\n<p>Description d\u00e9taill\u00e9e<br \/>\nCon\u00e7u pour l\u2019alpinisme classique :<br \/>\n&#8211; crampons \u00e0 12 points pour une meilleure adh\u00e9rence et un meilleur confort lors de la conduite,<br \/>\n&#8211; Deux pointes avant longues et larges pour une accroche efficace et une bonne accroche sur neige dure<br \/>\n&#8211; Longueur de pointe optimis\u00e9e pour des appuis pr\u00e9cis, assurant une prise en main efficace<br \/>\n&#8211; syst\u00e8me anti-sabots ANTISNOW pour r\u00e9duire la formation de sabots de neige, quelles que soient les conditions de neige,<br \/>\n&#8211; disponible avec deux syst\u00e8mes de fixations pour s\u2019adapter \u00e0 toutes les chaussures avec ou sans carre : LEVERLOCK UNIVERSEL pour les chaussures avec carre arri\u00e8re, FLEXLOCK pour les chaussures sans carre avant et arri\u00e8re,<br \/>\n&#8211; barres de r\u00e9glage bi-positions pour s\u2019adapter \u00e0 une large gamme de tailles (du 36 au 50),<br \/>\n&#8211; R\u00e9glage de la longueur des crampons sans outil,<br \/>\n&#8211; Crampons en acier pour une r\u00e9sistance maximale.<br \/>\nPoids optimis\u00e9 : 892 g maximum avec le syst\u00e8me anti-sabots ANTISNOW.<br \/>\nUne modularit\u00e9 compl\u00e8te, gr\u00e2ce au syst\u00e8me ALPEN ADAPT :<br \/>\n&#8211; syst\u00e8me de fixation interchangeable pour adapter les crampons \u00e0 toutes les chaussures, avec ou sans carre, en fonction de l\u2019activit\u00e9 exerc\u00e9e,<br \/>\n&#8211; blocs avant, barres, syst\u00e8me anti-sabots et syst\u00e8me de fixation \u00e0 remplacer ind\u00e9pendamment,<br \/>\n&#8211; compatible avec les blocs avant SARKEN pour transformer les crampons en crampons techniques d\u2019alpinisme,<br \/>\n&#8211; compatible avec les blocs avant DART pour transformer les crampons en crampons d\u2019escalade sur glace.<\/p>\n<p>Sp\u00e9cifications<br \/>\nNombre d\u2019embouts : 12<br \/>\nTailles : 36-50<br \/>\nCertification(s) : CE, UIAA<\/p>\n","protected":false},"excerpt":{"rendered":"<p>Crampons pour l\u2019alpinisme classique Si vous \u00eates d\u2019humeur \u00e0 faire de l\u2019alpinisme classique, les crampons VASAK sont faits pour vous<\/p>\n","protected":false},"featured_media":75019,"template":"","meta":{"_seopress_robots_primary_cat":"","_seopress_titles_title":"","_seopress_titles_desc":"","_seopress_robots_index":""},"product_brand":[3667],"product_cat":[144,1397,1408,1415,1402],"product_tag":[],"class_list":{"0":"post-471164","1":"product","2":"type-product","3":"status-publish","4":"has-post-thumbnail","6":"product_brand-petzl-fr","7":"product_cat-equipement","8":"product_cat-equipement-de-travail","9":"product_cat-equipements-de-loisirs","10":"product_cat-harnais-et-equipements-de-securite-fr","11":"product_cat-harnais-et-equipements-de-securite","12":"sws-gruppo-abb-libero-fr","13":"sws-conto-ricavi-merci-rivendita-abbigliamento-fr","14":"sws-gruppo-iva-iva81-fr","16":"first","17":"instock","18":"shipping-taxable","19":"purchasable","20":"product-type-variable"},"_links":{"self":[{"href":"https:\/\/lucacastelli.com\/fr\/wp-json\/wp\/v2\/product\/471164","targetHints":{"allow":["GET"]}}],"collection":[{"href":"https:\/\/lucacastelli.com\/fr\/wp-json\/wp\/v2\/product"}],"about":[{"href":"https:\/\/lucacastelli.com\/fr\/wp-json\/wp\/v2\/types\/product"}],"wp:featuredmedia":[{"embeddable":true,"href":"https:\/\/lucacastelli.com\/fr\/wp-json\/wp\/v2\/media\/75019"}],"wp:attachment":[{"href":"https:\/\/lucacastelli.com\/fr\/wp-json\/wp\/v2\/media?parent=471164"}],"wp:term":[{"taxonomy":"product_brand","embeddable":true,"href":"https:\/\/lucacastelli.com\/fr\/wp-json\/wp\/v2\/product_brand?post=471164"},{"taxonomy":"product_cat","embeddable":true,"href":"https:\/\/lucacastelli.com\/fr\/wp-json\/wp\/v2\/product_cat?post=471164"},{"taxonomy":"product_tag","embeddable":true,"href":"https:\/\/lucacastelli.com\/fr\/wp-json\/wp\/v2\/product_tag?post=471164"}],"curies":[{"name":"wp","href":"https:\/\/api.w.org\/{rel}","templated":true}]}}