{"id":468762,"date":"2025-06-01T04:09:11","date_gmt":"2025-06-01T02:09:11","guid":{"rendered":"https:\/\/lucacastelli.com\/?post_type=product&#038;p=468762"},"modified":"2026-04-15T11:43:21","modified_gmt":"2026-04-15T09:43:21","slug":"disques-diamantes-ciment-d-b10-300x26-mm","status":"publish","type":"product","link":"https:\/\/lucacastelli.com\/fr\/produit\/disques-diamantes-ciment-d-b10-300x26-mm\/","title":{"rendered":"Disques diamant\u00e9s \u00ab B\u00e9ton \u00bb D-B10, 300&#215;2,6 mm"},"content":{"rendered":"<p>Disque diamant\u00e9 pour couper le b\u00e9ton, les briques, le b\u00e9ton d\u00e9sactiv\u00e9 et les mat\u00e9riaux de construction en g\u00e9n\u00e9ral.<br \/>\n886661609550<\/p>\n","protected":false},"excerpt":{"rendered":"<p>Disques diamant\u00e9s \u00ab B\u00e9ton \u00bb D-B10, 300&#215;2,6 mm<\/p>\n","protected":false},"featured_media":482325,"template":"","meta":{"_seopress_robots_primary_cat":"","_seopress_titles_title":"","_seopress_titles_desc":"","_seopress_robots_index":""},"product_brand":[3555],"product_cat":[1689,167,1686],"product_tag":[3267],"class_list":{"0":"post-468762","1":"product","2":"type-product","3":"status-publish","4":"has-post-thumbnail","6":"product_brand-stihl-fr","7":"product_cat-coupe-bordures-et-elagueurs","8":"product_cat-machines","9":"product_cat-tronconneuses-fr","10":"product_tag-import-stihl-fr","11":"sws-gruppo-macchinari-fr","12":"sws-conto-ricavi-merci-rivendita-macchinari-fr","13":"sws-gruppo-iva-iva81-fr","15":"first","16":"onbackorder","17":"purchasable","18":"product-type-simple"},"_links":{"self":[{"href":"https:\/\/lucacastelli.com\/fr\/wp-json\/wp\/v2\/product\/468762","targetHints":{"allow":["GET"]}}],"collection":[{"href":"https:\/\/lucacastelli.com\/fr\/wp-json\/wp\/v2\/product"}],"about":[{"href":"https:\/\/lucacastelli.com\/fr\/wp-json\/wp\/v2\/types\/product"}],"wp:featuredmedia":[{"embeddable":true,"href":"https:\/\/lucacastelli.com\/fr\/wp-json\/wp\/v2\/media\/482325"}],"wp:attachment":[{"href":"https:\/\/lucacastelli.com\/fr\/wp-json\/wp\/v2\/media?parent=468762"}],"wp:term":[{"taxonomy":"product_brand","embeddable":true,"href":"https:\/\/lucacastelli.com\/fr\/wp-json\/wp\/v2\/product_brand?post=468762"},{"taxonomy":"product_cat","embeddable":true,"href":"https:\/\/lucacastelli.com\/fr\/wp-json\/wp\/v2\/product_cat?post=468762"},{"taxonomy":"product_tag","embeddable":true,"href":"https:\/\/lucacastelli.com\/fr\/wp-json\/wp\/v2\/product_tag?post=468762"}],"curies":[{"name":"wp","href":"https:\/\/api.w.org\/{rel}","templated":true}]}}