{"id":468750,"date":"2025-06-01T04:09:45","date_gmt":"2025-06-01T02:09:45","guid":{"rendered":"https:\/\/lucacastelli.com\/?post_type=product&#038;p=468750"},"modified":"2025-07-03T09:58:07","modified_gmt":"2025-07-03T07:58:07","slug":"lames-diamantees-d-sb90-400x32-mm","status":"publish","type":"product","link":"https:\/\/lucacastelli.com\/fr\/produit\/lames-diamantees-d-sb90-400x32-mm\/","title":{"rendered":"Lames diamant\u00e9es D-SB90, 400&#215;3,2 mm"},"content":{"rendered":"<p>Disque professionnel pour une utilisation universelle. Convient pour les briques, le b\u00e9ton, le clinker, le granit et les tuyaux en fonte ductile. Construction de segments r\u00e9sistante aux hautes temp\u00e9ratures, donc recommand\u00e9e pour la coupe d\u2019acier de construction jusqu\u2019\u00e0 10 mm d\u2019\u00e9paisseur. \u00c9galement recommand\u00e9 pour l\u2019enl\u00e8vement des gravats par la protection civile<br \/>\n886661609512  <\/p>\n","protected":false},"excerpt":{"rendered":"<p>Lames diamant\u00e9es D-SB90, 400&#215;3,2 mm<\/p>\n","protected":false},"featured_media":482269,"template":"","meta":{"_seopress_robots_primary_cat":"","_seopress_titles_title":"","_seopress_titles_desc":"","_seopress_robots_index":""},"product_brand":[3366],"product_cat":[29,495,496],"product_tag":[3265],"class_list":{"0":"post-468750","1":"product","2":"type-product","3":"status-publish","4":"has-post-thumbnail","6":"product_brand-stihl","7":"product_cat-macchinari","8":"product_cat-troncatrici-e-mototroncatrici","9":"product_cat-troncatrici","10":"product_tag-import-stihl","11":"sws-gruppo-abb-libero-fr","12":"sws-conto-ricavi-merci-rivendita-abbigliamento-fr","13":"sws-gruppo-iva-iva81-fr","15":"first","16":"onbackorder","17":"purchasable","18":"product-type-simple"},"_links":{"self":[{"href":"https:\/\/lucacastelli.com\/fr\/wp-json\/wp\/v2\/product\/468750","targetHints":{"allow":["GET"]}}],"collection":[{"href":"https:\/\/lucacastelli.com\/fr\/wp-json\/wp\/v2\/product"}],"about":[{"href":"https:\/\/lucacastelli.com\/fr\/wp-json\/wp\/v2\/types\/product"}],"wp:featuredmedia":[{"embeddable":true,"href":"https:\/\/lucacastelli.com\/fr\/wp-json\/wp\/v2\/media\/482269"}],"wp:attachment":[{"href":"https:\/\/lucacastelli.com\/fr\/wp-json\/wp\/v2\/media?parent=468750"}],"wp:term":[{"taxonomy":"product_brand","embeddable":true,"href":"https:\/\/lucacastelli.com\/fr\/wp-json\/wp\/v2\/product_brand?post=468750"},{"taxonomy":"product_cat","embeddable":true,"href":"https:\/\/lucacastelli.com\/fr\/wp-json\/wp\/v2\/product_cat?post=468750"},{"taxonomy":"product_tag","embeddable":true,"href":"https:\/\/lucacastelli.com\/fr\/wp-json\/wp\/v2\/product_tag?post=468750"}],"curies":[{"name":"wp","href":"https:\/\/api.w.org\/{rel}","templated":true}]}}