{"id":466649,"date":"2025-06-01T01:04:16","date_gmt":"2025-05-31T23:04:16","guid":{"rendered":"https:\/\/lucacastelli.com\/prodotto\/distributeur-de-mousse\/"},"modified":"2025-06-28T03:52:35","modified_gmt":"2025-06-28T01:52:35","slug":"distributeur-de-mousse","status":"publish","type":"product","link":"https:\/\/lucacastelli.com\/fr\/produit\/distributeur-de-mousse\/","title":{"rendered":"STIHL Distributeur de mousse"},"content":{"rendered":"<p>Effet nettoyant \u00e9lev\u00e9 gr\u00e2ce \u00e0 la mousse \u00e0 longue adh\u00e9rence. Jet de pulv\u00e9risation et angle r\u00e9glables. Avec syst\u00e8me de dosage et large ouverture pour r\u00e9tablir le niveau<br \/>\n de 886661863921  <\/p>\n","protected":false},"excerpt":{"rendered":"<p>Distributeur de mousse<\/p>\n","protected":false},"featured_media":431614,"template":"","meta":{"_seopress_robots_primary_cat":"","_seopress_titles_title":"","_seopress_titles_desc":"","_seopress_robots_index":""},"product_brand":[3366],"product_cat":[29,519],"product_tag":[3265],"class_list":{"0":"post-466649","1":"product","2":"type-product","3":"status-publish","4":"has-post-thumbnail","6":"product_brand-stihl","7":"product_cat-macchinari","8":"product_cat-idropulitrici","9":"product_tag-import-stihl","10":"sws-gruppo-macchinari-fr","11":"sws-conto-ricavi-merci-rivendita-macchinari-fr","12":"sws-gruppo-iva-iva81-fr","14":"first","15":"onbackorder","16":"purchasable","17":"product-type-simple"},"_links":{"self":[{"href":"https:\/\/lucacastelli.com\/fr\/wp-json\/wp\/v2\/product\/466649","targetHints":{"allow":["GET"]}}],"collection":[{"href":"https:\/\/lucacastelli.com\/fr\/wp-json\/wp\/v2\/product"}],"about":[{"href":"https:\/\/lucacastelli.com\/fr\/wp-json\/wp\/v2\/types\/product"}],"wp:featuredmedia":[{"embeddable":true,"href":"https:\/\/lucacastelli.com\/fr\/wp-json\/wp\/v2\/media\/431614"}],"wp:attachment":[{"href":"https:\/\/lucacastelli.com\/fr\/wp-json\/wp\/v2\/media?parent=466649"}],"wp:term":[{"taxonomy":"product_brand","embeddable":true,"href":"https:\/\/lucacastelli.com\/fr\/wp-json\/wp\/v2\/product_brand?post=466649"},{"taxonomy":"product_cat","embeddable":true,"href":"https:\/\/lucacastelli.com\/fr\/wp-json\/wp\/v2\/product_cat?post=466649"},{"taxonomy":"product_tag","embeddable":true,"href":"https:\/\/lucacastelli.com\/fr\/wp-json\/wp\/v2\/product_tag?post=466649"}],"curies":[{"name":"wp","href":"https:\/\/api.w.org\/{rel}","templated":true}]}}