{"id":466642,"date":"2025-06-01T01:04:08","date_gmt":"2025-05-31T23:04:08","guid":{"rendered":"https:\/\/lucacastelli.com\/prodotto\/tube-en-tissu-plat-avec-etui\/"},"modified":"2025-06-28T03:52:22","modified_gmt":"2025-06-28T01:52:22","slug":"tube-en-tissu-plat-avec-etui","status":"publish","type":"product","link":"https:\/\/lucacastelli.com\/fr\/produit\/tube-en-tissu-plat-avec-etui\/","title":{"rendered":"STIHL Tube en tissu plat avec \u00e9tui"},"content":{"rendered":"<p>Longueur 12 m. Tuyau basse pression pour connecter les outils de construction STIHL au robinet d\u2019eau. Gr\u00e2ce au sac de rangement inclus, ce tuyau en tissu peut \u00eatre facilement d\u00e9roul\u00e9 et r\u00e9tract\u00e9. Pression max. 10 bar. Temp\u00e9rature max. 20\u00b0 Celsius.<br \/>\n886661952298    <\/p>\n","protected":false},"excerpt":{"rendered":"<p>Tube en tissu plat avec \u00e9tui<\/p>\n","protected":false},"featured_media":431609,"template":"","meta":{"_seopress_robots_primary_cat":"","_seopress_titles_title":"","_seopress_titles_desc":"","_seopress_robots_index":""},"product_brand":[3555],"product_cat":[1456,1453,167,1513],"product_tag":[3267],"class_list":{"0":"post-466642","1":"product","2":"type-product","3":"status-publish","4":"has-post-thumbnail","6":"product_brand-stihl-fr","7":"product_cat-accessoires-et-consommables-fr","8":"product_cat-autres-appareils","9":"product_cat-machines","10":"product_cat-nettoyeurs-haute-pression","11":"product_tag-import-stihl-fr","12":"sws-gruppo-macchinari-fr","13":"sws-conto-ricavi-merci-rivendita-macchinari-fr","14":"sws-gruppo-iva-iva81-fr","16":"first","17":"onbackorder","18":"purchasable","19":"product-type-simple"},"_links":{"self":[{"href":"https:\/\/lucacastelli.com\/fr\/wp-json\/wp\/v2\/product\/466642","targetHints":{"allow":["GET"]}}],"collection":[{"href":"https:\/\/lucacastelli.com\/fr\/wp-json\/wp\/v2\/product"}],"about":[{"href":"https:\/\/lucacastelli.com\/fr\/wp-json\/wp\/v2\/types\/product"}],"wp:featuredmedia":[{"embeddable":true,"href":"https:\/\/lucacastelli.com\/fr\/wp-json\/wp\/v2\/media\/431609"}],"wp:attachment":[{"href":"https:\/\/lucacastelli.com\/fr\/wp-json\/wp\/v2\/media?parent=466642"}],"wp:term":[{"taxonomy":"product_brand","embeddable":true,"href":"https:\/\/lucacastelli.com\/fr\/wp-json\/wp\/v2\/product_brand?post=466642"},{"taxonomy":"product_cat","embeddable":true,"href":"https:\/\/lucacastelli.com\/fr\/wp-json\/wp\/v2\/product_cat?post=466642"},{"taxonomy":"product_tag","embeddable":true,"href":"https:\/\/lucacastelli.com\/fr\/wp-json\/wp\/v2\/product_tag?post=466642"}],"curies":[{"name":"wp","href":"https:\/\/api.w.org\/{rel}","templated":true}]}}