{"id":466634,"date":"2025-06-01T01:02:53","date_gmt":"2025-05-31T23:02:53","guid":{"rendered":"https:\/\/lucacastelli.com\/prodotto\/filtre-a-eau\/"},"modified":"2025-06-28T03:52:00","modified_gmt":"2025-06-28T01:52:00","slug":"filtre-a-eau","status":"publish","type":"product","link":"https:\/\/lucacastelli.com\/fr\/produit\/filtre-a-eau\/","title":{"rendered":"STIHL Filtre \u00e0 eau"},"content":{"rendered":"<p>Prot\u00e8ge la pompe des impuret\u00e9s dans l\u2019eau entrante, raccord<br \/>\n 3\/4&#8243;.886661952250<\/p>\n","protected":false},"excerpt":{"rendered":"<p>Filtre \u00e0 eau<\/p>\n","protected":false},"featured_media":431593,"template":"","meta":{"_seopress_robots_primary_cat":"","_seopress_titles_title":"","_seopress_titles_desc":"","_seopress_robots_index":""},"product_brand":[3366],"product_cat":[29,514,515,519],"product_tag":[3265],"class_list":{"0":"post-466634","1":"product","2":"type-product","3":"status-publish","4":"has-post-thumbnail","6":"product_brand-stihl","7":"product_cat-macchinari","8":"product_cat-altri-dispositivi","9":"product_cat-accessori-e-materiale-di-consumo-altri-dispositivi","10":"product_cat-idropulitrici","11":"product_tag-import-stihl","12":"sws-gruppo-macchinari-fr","13":"sws-conto-ricavi-merci-rivendita-macchinari-fr","14":"sws-gruppo-iva-iva81-fr","16":"first","17":"onbackorder","18":"purchasable","19":"product-type-simple"},"_links":{"self":[{"href":"https:\/\/lucacastelli.com\/fr\/wp-json\/wp\/v2\/product\/466634","targetHints":{"allow":["GET"]}}],"collection":[{"href":"https:\/\/lucacastelli.com\/fr\/wp-json\/wp\/v2\/product"}],"about":[{"href":"https:\/\/lucacastelli.com\/fr\/wp-json\/wp\/v2\/types\/product"}],"wp:featuredmedia":[{"embeddable":true,"href":"https:\/\/lucacastelli.com\/fr\/wp-json\/wp\/v2\/media\/431593"}],"wp:attachment":[{"href":"https:\/\/lucacastelli.com\/fr\/wp-json\/wp\/v2\/media?parent=466634"}],"wp:term":[{"taxonomy":"product_brand","embeddable":true,"href":"https:\/\/lucacastelli.com\/fr\/wp-json\/wp\/v2\/product_brand?post=466634"},{"taxonomy":"product_cat","embeddable":true,"href":"https:\/\/lucacastelli.com\/fr\/wp-json\/wp\/v2\/product_cat?post=466634"},{"taxonomy":"product_tag","embeddable":true,"href":"https:\/\/lucacastelli.com\/fr\/wp-json\/wp\/v2\/product_tag?post=466634"}],"curies":[{"name":"wp","href":"https:\/\/api.w.org\/{rel}","templated":true}]}}