{"id":466623,"date":"2025-06-01T00:50:22","date_gmt":"2025-05-31T22:50:22","guid":{"rendered":"https:\/\/lucacastelli.com\/prodotto\/sg-11-plus\/"},"modified":"2026-03-02T10:06:22","modified_gmt":"2026-03-02T09:06:22","slug":"sg-11-plus","status":"publish","type":"product","link":"https:\/\/lucacastelli.com\/fr\/produit\/sg-11-plus\/","title":{"rendered":"STIHL SG 11 PLUS"},"content":{"rendered":"<p>Pulv\u00e9risateur \u00e0 main pour l\u2019application de d\u00e9tergents et de solvants, par ex. Varioclean. Capacit\u00e9 de remplissage 1,5 l, pression maximale 3 bar, joints FPM pour d\u00e9tergents et solvants avec un pH compris entre 1 et 9. Pour une longue dur\u00e9e de vie, la pompe est \u00e9quip\u00e9e d\u2019un \u00e9l\u00e9ment de protection sp\u00e9cial.<br \/>\n886661201051  <\/p>\n","protected":false},"excerpt":{"rendered":"<p>SG 11 PLUS<\/p>\n","protected":false},"featured_media":431179,"template":"","meta":{"_seopress_robots_primary_cat":"none","_seopress_titles_title":"","_seopress_titles_desc":"","_seopress_robots_index":""},"product_brand":[3555],"product_cat":[1567,167,1576],"product_tag":[3267],"class_list":{"0":"post-466623","1":"product","2":"type-product","3":"status-publish","4":"has-post-thumbnail","6":"product_brand-stihl-fr","7":"product_cat-brumisateurs-et-pulverisateurs","8":"product_cat-machines","9":"product_cat-pulverisateurs-fr","10":"product_tag-import-stihl-fr","11":"sws-gruppo-macchinari-fr","12":"sws-conto-ricavi-merci-rivendita-macchinari-fr","13":"sws-gruppo-iva-iva81-fr","15":"first","16":"onbackorder","17":"purchasable","18":"product-type-simple"},"_links":{"self":[{"href":"https:\/\/lucacastelli.com\/fr\/wp-json\/wp\/v2\/product\/466623","targetHints":{"allow":["GET"]}}],"collection":[{"href":"https:\/\/lucacastelli.com\/fr\/wp-json\/wp\/v2\/product"}],"about":[{"href":"https:\/\/lucacastelli.com\/fr\/wp-json\/wp\/v2\/types\/product"}],"wp:featuredmedia":[{"embeddable":true,"href":"https:\/\/lucacastelli.com\/fr\/wp-json\/wp\/v2\/media\/431179"}],"wp:attachment":[{"href":"https:\/\/lucacastelli.com\/fr\/wp-json\/wp\/v2\/media?parent=466623"}],"wp:term":[{"taxonomy":"product_brand","embeddable":true,"href":"https:\/\/lucacastelli.com\/fr\/wp-json\/wp\/v2\/product_brand?post=466623"},{"taxonomy":"product_cat","embeddable":true,"href":"https:\/\/lucacastelli.com\/fr\/wp-json\/wp\/v2\/product_cat?post=466623"},{"taxonomy":"product_tag","embeddable":true,"href":"https:\/\/lucacastelli.com\/fr\/wp-json\/wp\/v2\/product_tag?post=466623"}],"curies":[{"name":"wp","href":"https:\/\/api.w.org\/{rel}","templated":true}]}}