{"id":466592,"date":"2025-06-01T00:47:36","date_gmt":"2025-05-31T22:47:36","guid":{"rendered":"https:\/\/lucacastelli.com\/prodotto\/bf-km\/"},"modified":"2025-06-28T20:04:24","modified_gmt":"2025-06-28T18:04:24","slug":"bf-km","status":"publish","type":"product","link":"https:\/\/lucacastelli.com\/fr\/produit\/bf-km\/","title":{"rendered":"STIHL BF-KM"},"content":{"rendered":"<p>Motoculteur \u00e0 appliquer sur le moteur Combi. Le motoculteur est une aide pr\u00e9cieuse pour labourer les terres et a\u00e9rer les pelouses. Tr\u00e8s pratique en cas de travaux de culture \u00e0 effectuer dans des espaces confin\u00e9s. Poids : 4,1 kg. Longueur totale : 103 cm.<br \/>\n795711319076    <\/p>\n","protected":false},"excerpt":{"rendered":"<p>BF-KM<\/p>\n","protected":false},"featured_media":430923,"template":"","meta":{"_seopress_robots_primary_cat":"","_seopress_titles_title":"","_seopress_titles_desc":"","_seopress_robots_index":""},"product_brand":[3555],"product_cat":[167,1638],"product_tag":[3267],"class_list":{"0":"post-466592","1":"product","2":"type-product","3":"status-publish","4":"has-post-thumbnail","6":"product_brand-stihl-fr","7":"product_cat-machines","8":"product_cat-systemes-kombi-et-multi","9":"product_tag-import-stihl-fr","10":"sws-gruppo-macchinari-fr","11":"sws-conto-ricavi-merci-rivendita-macchinari-fr","12":"sws-gruppo-iva-iva81-fr","14":"first","15":"onbackorder","16":"sale","17":"purchasable","18":"product-type-simple"},"_links":{"self":[{"href":"https:\/\/lucacastelli.com\/fr\/wp-json\/wp\/v2\/product\/466592","targetHints":{"allow":["GET"]}}],"collection":[{"href":"https:\/\/lucacastelli.com\/fr\/wp-json\/wp\/v2\/product"}],"about":[{"href":"https:\/\/lucacastelli.com\/fr\/wp-json\/wp\/v2\/types\/product"}],"wp:featuredmedia":[{"embeddable":true,"href":"https:\/\/lucacastelli.com\/fr\/wp-json\/wp\/v2\/media\/430923"}],"wp:attachment":[{"href":"https:\/\/lucacastelli.com\/fr\/wp-json\/wp\/v2\/media?parent=466592"}],"wp:term":[{"taxonomy":"product_brand","embeddable":true,"href":"https:\/\/lucacastelli.com\/fr\/wp-json\/wp\/v2\/product_brand?post=466592"},{"taxonomy":"product_cat","embeddable":true,"href":"https:\/\/lucacastelli.com\/fr\/wp-json\/wp\/v2\/product_cat?post=466592"},{"taxonomy":"product_tag","embeddable":true,"href":"https:\/\/lucacastelli.com\/fr\/wp-json\/wp\/v2\/product_tag?post=466592"}],"curies":[{"name":"wp","href":"https:\/\/api.w.org\/{rel}","templated":true}]}}