{"id":466586,"date":"2025-06-01T00:47:27","date_gmt":"2025-05-31T22:47:27","guid":{"rendered":"https:\/\/lucacastelli.com\/prodotto\/kb-km\/"},"modified":"2025-06-28T20:04:28","modified_gmt":"2025-06-28T18:04:28","slug":"kb-km","status":"publish","type":"product","link":"https:\/\/lucacastelli.com\/fr\/produit\/kb-km\/","title":{"rendered":"STIHL KB-KM"},"content":{"rendered":"<p>Balai rotatif \u00e0 appliquer sur les moteurs combi. Les poils robustes \u00e9liminent la salet\u00e9 m\u00eame des rayures et des joints profonds. Gr\u00e2ce \u00e0 la contre-rotation des brosses, la salet\u00e9 \u00e0 enlever est pouss\u00e9e vers l\u2019avant. Poids : 6,4 kg. Longueur totale : 120 cm.<br \/>\n795711319175    <\/p>\n","protected":false},"excerpt":{"rendered":"<p>KB-KM<\/p>\n","protected":false},"featured_media":430915,"template":"","meta":{"_seopress_robots_primary_cat":"","_seopress_titles_title":"","_seopress_titles_desc":"","_seopress_robots_index":""},"product_brand":[3366],"product_cat":[29,296],"product_tag":[3265],"class_list":{"0":"post-466586","1":"product","2":"type-product","3":"status-publish","4":"has-post-thumbnail","6":"product_brand-stihl","7":"product_cat-macchinari","8":"product_cat-sistemi-kombi-e-multi","9":"product_tag-import-stihl","10":"sws-gruppo-macchinari-fr","11":"sws-conto-ricavi-merci-rivendita-macchinari-fr","12":"sws-gruppo-iva-iva81-fr","14":"first","15":"onbackorder","16":"sale","17":"purchasable","18":"product-type-simple"},"_links":{"self":[{"href":"https:\/\/lucacastelli.com\/fr\/wp-json\/wp\/v2\/product\/466586","targetHints":{"allow":["GET"]}}],"collection":[{"href":"https:\/\/lucacastelli.com\/fr\/wp-json\/wp\/v2\/product"}],"about":[{"href":"https:\/\/lucacastelli.com\/fr\/wp-json\/wp\/v2\/types\/product"}],"wp:featuredmedia":[{"embeddable":true,"href":"https:\/\/lucacastelli.com\/fr\/wp-json\/wp\/v2\/media\/430915"}],"wp:attachment":[{"href":"https:\/\/lucacastelli.com\/fr\/wp-json\/wp\/v2\/media?parent=466586"}],"wp:term":[{"taxonomy":"product_brand","embeddable":true,"href":"https:\/\/lucacastelli.com\/fr\/wp-json\/wp\/v2\/product_brand?post=466586"},{"taxonomy":"product_cat","embeddable":true,"href":"https:\/\/lucacastelli.com\/fr\/wp-json\/wp\/v2\/product_cat?post=466586"},{"taxonomy":"product_tag","embeddable":true,"href":"https:\/\/lucacastelli.com\/fr\/wp-json\/wp\/v2\/product_tag?post=466586"}],"curies":[{"name":"wp","href":"https:\/\/api.w.org\/{rel}","templated":true}]}}