{"id":466581,"date":"2025-06-01T00:47:13","date_gmt":"2025-05-31T22:47:13","guid":{"rendered":"https:\/\/lucacastelli.com\/prodotto\/kw-km\/"},"modified":"2025-06-28T20:04:26","modified_gmt":"2025-06-28T18:04:26","slug":"kw-km","status":"publish","type":"product","link":"https:\/\/lucacastelli.com\/fr\/produit\/kw-km\/","title":{"rendered":"STIHL KW-KM"},"content":{"rendered":"<p>Brosse \u00e0 rouleau d\u2019application, pour le syst\u00e8me STIHL Kombi. Pour enlever et collecter la salet\u00e9, les d\u00e9bris, le feuillage, la neige et bien plus encore. Poids : 7,4 kg. Longueur totale : 125 cm. Pour tous les moteurs Combi avec poign\u00e9e circulaire (R).<br \/>\n795711319168    <\/p>\n","protected":false},"excerpt":{"rendered":"<p>KW-KM<\/p>\n","protected":false},"featured_media":430907,"template":"","meta":{"_seopress_robots_primary_cat":"","_seopress_titles_title":"","_seopress_titles_desc":"","_seopress_robots_index":""},"product_brand":[3366],"product_cat":[29,296],"product_tag":[3265],"class_list":{"0":"post-466581","1":"product","2":"type-product","3":"status-publish","4":"has-post-thumbnail","6":"product_brand-stihl","7":"product_cat-macchinari","8":"product_cat-sistemi-kombi-e-multi","9":"product_tag-import-stihl","10":"sws-gruppo-macchinari-fr","11":"sws-conto-ricavi-merci-rivendita-macchinari-fr","12":"sws-gruppo-iva-iva81-fr","14":"first","15":"onbackorder","16":"sale","17":"purchasable","18":"product-type-simple"},"_links":{"self":[{"href":"https:\/\/lucacastelli.com\/fr\/wp-json\/wp\/v2\/product\/466581","targetHints":{"allow":["GET"]}}],"collection":[{"href":"https:\/\/lucacastelli.com\/fr\/wp-json\/wp\/v2\/product"}],"about":[{"href":"https:\/\/lucacastelli.com\/fr\/wp-json\/wp\/v2\/types\/product"}],"wp:featuredmedia":[{"embeddable":true,"href":"https:\/\/lucacastelli.com\/fr\/wp-json\/wp\/v2\/media\/430907"}],"wp:attachment":[{"href":"https:\/\/lucacastelli.com\/fr\/wp-json\/wp\/v2\/media?parent=466581"}],"wp:term":[{"taxonomy":"product_brand","embeddable":true,"href":"https:\/\/lucacastelli.com\/fr\/wp-json\/wp\/v2\/product_brand?post=466581"},{"taxonomy":"product_cat","embeddable":true,"href":"https:\/\/lucacastelli.com\/fr\/wp-json\/wp\/v2\/product_cat?post=466581"},{"taxonomy":"product_tag","embeddable":true,"href":"https:\/\/lucacastelli.com\/fr\/wp-json\/wp\/v2\/product_tag?post=466581"}],"curies":[{"name":"wp","href":"https:\/\/api.w.org\/{rel}","templated":true}]}}