{"id":466578,"date":"2025-06-01T00:46:43","date_gmt":"2025-05-31T22:46:43","guid":{"rendered":"https:\/\/lucacastelli.com\/prodotto\/fraise-bf-mm\/"},"modified":"2025-06-28T20:10:54","modified_gmt":"2025-06-28T18:10:54","slug":"fraise-bf-mm","status":"publish","type":"product","link":"https:\/\/lucacastelli.com\/fr\/produit\/fraise-bf-mm\/","title":{"rendered":"STIHL Fraise BF-MM"},"content":{"rendered":"<p>Le travail des sols durs et argileux est une op\u00e9ration exigeante. La nouvelle barre franche BF-MM mont\u00e9e sur le STIHL MM 55 Multi Engine facilite le travail, m\u00eame sur les terrains difficiles. Id\u00e9al pour recultiver les sols, les pr\u00e9parer pour la nouvelle saison ou m\u00eame planter quelque chose de nouveau.<br \/>\n795711210472  <\/p>\n<p>Poids de l\u2019appareil 2.0<br \/>\nLargeur de travail Largeur de travail<\/p>\n","protected":false},"excerpt":{"rendered":"<p>Fraise BF-MM<\/p>\n","protected":false},"featured_media":430887,"template":"","meta":{"_seopress_robots_primary_cat":"","_seopress_titles_title":"","_seopress_titles_desc":"","_seopress_robots_index":""},"product_brand":[3555],"product_cat":[167,1638],"product_tag":[3267],"class_list":{"0":"post-466578","1":"product","2":"type-product","3":"status-publish","4":"has-post-thumbnail","6":"product_brand-stihl-fr","7":"product_cat-machines","8":"product_cat-systemes-kombi-et-multi","9":"product_tag-import-stihl-fr","10":"sws-gruppo-macchinari-fr","11":"sws-conto-ricavi-merci-rivendita-macchinari-fr","12":"sws-gruppo-iva-iva81-fr","14":"first","15":"onbackorder","16":"sale","17":"purchasable","18":"product-type-simple"},"_links":{"self":[{"href":"https:\/\/lucacastelli.com\/fr\/wp-json\/wp\/v2\/product\/466578","targetHints":{"allow":["GET"]}}],"collection":[{"href":"https:\/\/lucacastelli.com\/fr\/wp-json\/wp\/v2\/product"}],"about":[{"href":"https:\/\/lucacastelli.com\/fr\/wp-json\/wp\/v2\/types\/product"}],"wp:featuredmedia":[{"embeddable":true,"href":"https:\/\/lucacastelli.com\/fr\/wp-json\/wp\/v2\/media\/430887"}],"wp:attachment":[{"href":"https:\/\/lucacastelli.com\/fr\/wp-json\/wp\/v2\/media?parent=466578"}],"wp:term":[{"taxonomy":"product_brand","embeddable":true,"href":"https:\/\/lucacastelli.com\/fr\/wp-json\/wp\/v2\/product_brand?post=466578"},{"taxonomy":"product_cat","embeddable":true,"href":"https:\/\/lucacastelli.com\/fr\/wp-json\/wp\/v2\/product_cat?post=466578"},{"taxonomy":"product_tag","embeddable":true,"href":"https:\/\/lucacastelli.com\/fr\/wp-json\/wp\/v2\/product_tag?post=466578"}],"curies":[{"name":"wp","href":"https:\/\/api.w.org\/{rel}","templated":true}]}}