{"id":466562,"date":"2025-06-01T01:02:37","date_gmt":"2025-05-31T23:02:37","guid":{"rendered":"https:\/\/lucacastelli.com\/prodotto\/nettoyant-de-surface-ra-90\/"},"modified":"2026-03-15T15:23:54","modified_gmt":"2026-03-15T14:23:54","slug":"nettoyant-de-surface-ra-90","status":"publish","type":"product","link":"https:\/\/lucacastelli.com\/fr\/produit\/nettoyant-de-surface-ra-90\/","title":{"rendered":"STIHL Nettoyant de surface RA 90"},"content":{"rendered":"<p>\u00d8 255 mm. Pour un nettoyage rapide et sans \u00e9claboussures des surfaces de taille moyenne. Avec r\u00e9glage de la pression.<br \/>\n886661861941 <\/p>\n","protected":false},"excerpt":{"rendered":"<p>Nettoyant de surface RA 90<\/p>\n","protected":false},"featured_media":431576,"template":"","meta":{"_seopress_robots_primary_cat":"","_seopress_titles_title":"","_seopress_titles_desc":"","_seopress_robots_index":""},"product_brand":[3366],"product_cat":[29,514,515,519],"product_tag":[3265],"class_list":{"0":"post-466562","1":"product","2":"type-product","3":"status-publish","4":"has-post-thumbnail","6":"product_brand-stihl","7":"product_cat-macchinari","8":"product_cat-altri-dispositivi","9":"product_cat-accessori-e-materiale-di-consumo-altri-dispositivi","10":"product_cat-idropulitrici","11":"product_tag-import-stihl","12":"sws-gruppo-macchinari-fr","13":"sws-conto-ricavi-merci-rivendita-macchinari-fr","14":"sws-gruppo-iva-iva81-fr","16":"first","17":"onbackorder","18":"purchasable","19":"product-type-simple"},"_links":{"self":[{"href":"https:\/\/lucacastelli.com\/fr\/wp-json\/wp\/v2\/product\/466562","targetHints":{"allow":["GET"]}}],"collection":[{"href":"https:\/\/lucacastelli.com\/fr\/wp-json\/wp\/v2\/product"}],"about":[{"href":"https:\/\/lucacastelli.com\/fr\/wp-json\/wp\/v2\/types\/product"}],"wp:featuredmedia":[{"embeddable":true,"href":"https:\/\/lucacastelli.com\/fr\/wp-json\/wp\/v2\/media\/431576"}],"wp:attachment":[{"href":"https:\/\/lucacastelli.com\/fr\/wp-json\/wp\/v2\/media?parent=466562"}],"wp:term":[{"taxonomy":"product_brand","embeddable":true,"href":"https:\/\/lucacastelli.com\/fr\/wp-json\/wp\/v2\/product_brand?post=466562"},{"taxonomy":"product_cat","embeddable":true,"href":"https:\/\/lucacastelli.com\/fr\/wp-json\/wp\/v2\/product_cat?post=466562"},{"taxonomy":"product_tag","embeddable":true,"href":"https:\/\/lucacastelli.com\/fr\/wp-json\/wp\/v2\/product_tag?post=466562"}],"curies":[{"name":"wp","href":"https:\/\/api.w.org\/{rel}","templated":true}]}}