{"id":466559,"date":"2025-06-01T01:02:14","date_gmt":"2025-05-31T23:02:14","guid":{"rendered":"https:\/\/lucacastelli.com\/prodotto\/appareil-de-sablage-humide\/"},"modified":"2025-06-28T03:59:41","modified_gmt":"2025-06-28T01:59:41","slug":"appareil-de-sablage-humide","status":"publish","type":"product","link":"https:\/\/lucacastelli.com\/fr\/produit\/appareil-de-sablage-humide\/","title":{"rendered":"STIHL Appareil de sablage humide"},"content":{"rendered":"<p>Pour le sablage humide des murs et des pi\u00e8ces m\u00e9talliques. Les meilleurs r\u00e9sultats sont obtenus avec STIHL SB 90<br \/>\nen granul\u00e9s de pulv\u00e9risation 886661861989 <\/p>\n","protected":false},"excerpt":{"rendered":"<p>Appareil de sablage humide<\/p>\n","protected":false},"featured_media":455963,"template":"","meta":{"_seopress_robots_primary_cat":"","_seopress_titles_title":"","_seopress_titles_desc":"","_seopress_robots_index":""},"product_brand":[3366],"product_cat":[29,514,519],"product_tag":[3265],"class_list":{"0":"post-466559","1":"product","2":"type-product","3":"status-publish","4":"has-post-thumbnail","6":"product_brand-stihl","7":"product_cat-macchinari","8":"product_cat-altri-dispositivi","9":"product_cat-idropulitrici","10":"product_tag-import-stihl","11":"sws-gruppo-macchinari-fr","12":"sws-conto-ricavi-merci-rivendita-macchinari-fr","13":"sws-gruppo-iva-iva81-fr","15":"first","16":"onbackorder","17":"purchasable","18":"product-type-simple"},"_links":{"self":[{"href":"https:\/\/lucacastelli.com\/fr\/wp-json\/wp\/v2\/product\/466559","targetHints":{"allow":["GET"]}}],"collection":[{"href":"https:\/\/lucacastelli.com\/fr\/wp-json\/wp\/v2\/product"}],"about":[{"href":"https:\/\/lucacastelli.com\/fr\/wp-json\/wp\/v2\/types\/product"}],"wp:featuredmedia":[{"embeddable":true,"href":"https:\/\/lucacastelli.com\/fr\/wp-json\/wp\/v2\/media\/455963"}],"wp:attachment":[{"href":"https:\/\/lucacastelli.com\/fr\/wp-json\/wp\/v2\/media?parent=466559"}],"wp:term":[{"taxonomy":"product_brand","embeddable":true,"href":"https:\/\/lucacastelli.com\/fr\/wp-json\/wp\/v2\/product_brand?post=466559"},{"taxonomy":"product_cat","embeddable":true,"href":"https:\/\/lucacastelli.com\/fr\/wp-json\/wp\/v2\/product_cat?post=466559"},{"taxonomy":"product_tag","embeddable":true,"href":"https:\/\/lucacastelli.com\/fr\/wp-json\/wp\/v2\/product_tag?post=466559"}],"curies":[{"name":"wp","href":"https:\/\/api.w.org\/{rel}","templated":true}]}}