{"id":466546,"date":"2025-06-01T00:45:52","date_gmt":"2025-05-31T22:45:52","guid":{"rendered":"https:\/\/lucacastelli.com\/prodotto\/bt-131\/"},"modified":"2026-03-20T08:33:17","modified_gmt":"2026-03-20T07:33:17","slug":"bt-131","status":"publish","type":"product","link":"https:\/\/lucacastelli.com\/fr\/produit\/bt-131\/","title":{"rendered":"STIHL BT 131"},"content":{"rendered":"<p>Tari\u00e8re \u00e0 un seul op\u00e9rateur avec frein \u00e0 embout QuickStop. Moteur 4-MIX\u00ae avec r\u00e9servoir plus grand, cadre de poign\u00e9e avec vibrations amorties, levier de commande avec bouton d\u2019arr\u00eat, filtre \u00e0 air longue dur\u00e9e, rembourrage de support abondant.<br \/>\n886661243495 <\/p>\n<p>Cylindr\u00e9e 36.3<br \/>\nPuissance Puissance<\/p>\n<p>Puissance Puissance Puissance<br \/>\n1.90<br \/>\nVitesse de la broche 1\u00e8re vitesse 200<\/p>\n","protected":false},"excerpt":{"rendered":"<p>BT 131<\/p>\n","protected":false},"featured_media":430831,"template":"","meta":{"_seopress_robots_primary_cat":"","_seopress_titles_title":"","_seopress_titles_desc":"","_seopress_robots_index":""},"product_brand":[3555],"product_cat":[167,1453,1561],"product_tag":[3267],"class_list":{"0":"post-466546","1":"product","2":"type-product","3":"status-publish","4":"has-post-thumbnail","6":"product_brand-stihl-fr","7":"product_cat-machines","8":"product_cat-autres-appareils","9":"product_cat-perceuses","10":"product_tag-import-stihl-fr","11":"sws-gruppo-macchinari-fr","12":"sws-conto-ricavi-merci-rivendita-macchinari-fr","13":"sws-gruppo-iva-iva81-fr","15":"first","16":"onbackorder","17":"purchasable","18":"product-type-simple"},"_links":{"self":[{"href":"https:\/\/lucacastelli.com\/fr\/wp-json\/wp\/v2\/product\/466546","targetHints":{"allow":["GET"]}}],"collection":[{"href":"https:\/\/lucacastelli.com\/fr\/wp-json\/wp\/v2\/product"}],"about":[{"href":"https:\/\/lucacastelli.com\/fr\/wp-json\/wp\/v2\/types\/product"}],"wp:featuredmedia":[{"embeddable":true,"href":"https:\/\/lucacastelli.com\/fr\/wp-json\/wp\/v2\/media\/430831"}],"wp:attachment":[{"href":"https:\/\/lucacastelli.com\/fr\/wp-json\/wp\/v2\/media?parent=466546"}],"wp:term":[{"taxonomy":"product_brand","embeddable":true,"href":"https:\/\/lucacastelli.com\/fr\/wp-json\/wp\/v2\/product_brand?post=466546"},{"taxonomy":"product_cat","embeddable":true,"href":"https:\/\/lucacastelli.com\/fr\/wp-json\/wp\/v2\/product_cat?post=466546"},{"taxonomy":"product_tag","embeddable":true,"href":"https:\/\/lucacastelli.com\/fr\/wp-json\/wp\/v2\/product_tag?post=466546"}],"curies":[{"name":"wp","href":"https:\/\/api.w.org\/{rel}","templated":true}]}}