{"id":466543,"date":"2025-06-01T00:48:56","date_gmt":"2025-05-31T22:48:56","guid":{"rendered":"https:\/\/lucacastelli.com\/prodotto\/meche-a-rectifier-pour-bt-360-o-150mm\/"},"modified":"2025-06-28T20:03:44","modified_gmt":"2025-06-28T18:03:44","slug":"meche-a-rectifier-pour-bt-360-o-150mm","status":"publish","type":"product","link":"https:\/\/lucacastelli.com\/fr\/produit\/meche-a-rectifier-pour-bt-360-o-150mm\/","title":{"rendered":"STIHL M\u00e8che \u00e0 rectifier pour BT 360, \u00d8 150mm"},"content":{"rendered":"<p>Pour toutes les conditions de sol.<\/p>\n<p>795711053154 Diam\u00e8tre \u00d8 150 mm, 6&#8243;<\/p>\n","protected":false},"excerpt":{"rendered":"<p>M\u00e8che \u00e0 rectifier pour BT 360, \u00d8 150mm<\/p>\n","protected":false},"featured_media":430986,"template":"","meta":{"_seopress_robots_primary_cat":"","_seopress_titles_title":"","_seopress_titles_desc":"","_seopress_robots_index":""},"product_brand":[3366],"product_cat":[29,514,523],"product_tag":[3265],"class_list":{"0":"post-466543","1":"product","2":"type-product","3":"status-publish","4":"has-post-thumbnail","6":"product_brand-stihl","7":"product_cat-macchinari","8":"product_cat-altri-dispositivi","9":"product_cat-trivelle","10":"product_tag-import-stihl","11":"sws-gruppo-macchinari-fr","12":"sws-conto-ricavi-merci-rivendita-macchinari-fr","13":"sws-gruppo-iva-iva81-fr","15":"first","16":"onbackorder","17":"sale","18":"purchasable","19":"product-type-simple"},"_links":{"self":[{"href":"https:\/\/lucacastelli.com\/fr\/wp-json\/wp\/v2\/product\/466543","targetHints":{"allow":["GET"]}}],"collection":[{"href":"https:\/\/lucacastelli.com\/fr\/wp-json\/wp\/v2\/product"}],"about":[{"href":"https:\/\/lucacastelli.com\/fr\/wp-json\/wp\/v2\/types\/product"}],"wp:featuredmedia":[{"embeddable":true,"href":"https:\/\/lucacastelli.com\/fr\/wp-json\/wp\/v2\/media\/430986"}],"wp:attachment":[{"href":"https:\/\/lucacastelli.com\/fr\/wp-json\/wp\/v2\/media?parent=466543"}],"wp:term":[{"taxonomy":"product_brand","embeddable":true,"href":"https:\/\/lucacastelli.com\/fr\/wp-json\/wp\/v2\/product_brand?post=466543"},{"taxonomy":"product_cat","embeddable":true,"href":"https:\/\/lucacastelli.com\/fr\/wp-json\/wp\/v2\/product_cat?post=466543"},{"taxonomy":"product_tag","embeddable":true,"href":"https:\/\/lucacastelli.com\/fr\/wp-json\/wp\/v2\/product_tag?post=466543"}],"curies":[{"name":"wp","href":"https:\/\/api.w.org\/{rel}","templated":true}]}}