{"id":466542,"date":"2025-06-01T00:45:34","date_gmt":"2025-05-31T22:45:34","guid":{"rendered":"https:\/\/lucacastelli.com\/prodotto\/chariot-mm\/"},"modified":"2026-03-02T10:09:36","modified_gmt":"2026-03-02T09:09:36","slug":"chariot-mm","status":"publish","type":"product","link":"https:\/\/lucacastelli.com\/fr\/produit\/chariot-mm\/","title":{"rendered":"Chariot STIHL MM"},"content":{"rendered":"<p>Id\u00e9al pour l&#8217;utilisation de la brosse (KB-MM) et du rouleau-brosse (KW-MM). R\u00e9duit la fatigue de l&#8217;op\u00e9rateur pendant les travaux de nettoyage. L&#8217;outil de travail, qui tourne dans le sens contraire \u00e0 celui de l&#8217;avancement, peut \u00eatre facilement soulev\u00e9 pour r\u00e9duire la r\u00e9sistance au frottement. Id\u00e9al \u00e9galement pour travailler sur des terrains ondul\u00e9s.<br \/>\n795711198091   <\/p>\n","protected":false},"excerpt":{"rendered":"<p>Chariot MM<\/p>\n","protected":false},"featured_media":430819,"template":"","meta":{"_seopress_robots_primary_cat":"none","_seopress_titles_title":"","_seopress_titles_desc":"","_seopress_robots_index":""},"product_brand":[3555],"product_cat":[167,1456,1638],"product_tag":[3267],"class_list":{"0":"post-466542","1":"product","2":"type-product","3":"status-publish","4":"has-post-thumbnail","6":"product_brand-stihl-fr","7":"product_cat-machines","8":"product_cat-accessoires-et-consommables-fr","9":"product_cat-systemes-kombi-et-multi","10":"product_tag-import-stihl-fr","11":"sws-gruppo-macchinari-fr","12":"sws-conto-ricavi-merci-rivendita-macchinari-fr","13":"sws-gruppo-iva-iva81-fr","15":"first","16":"onbackorder","17":"purchasable","18":"product-type-simple"},"_links":{"self":[{"href":"https:\/\/lucacastelli.com\/fr\/wp-json\/wp\/v2\/product\/466542","targetHints":{"allow":["GET"]}}],"collection":[{"href":"https:\/\/lucacastelli.com\/fr\/wp-json\/wp\/v2\/product"}],"about":[{"href":"https:\/\/lucacastelli.com\/fr\/wp-json\/wp\/v2\/types\/product"}],"wp:featuredmedia":[{"embeddable":true,"href":"https:\/\/lucacastelli.com\/fr\/wp-json\/wp\/v2\/media\/430819"}],"wp:attachment":[{"href":"https:\/\/lucacastelli.com\/fr\/wp-json\/wp\/v2\/media?parent=466542"}],"wp:term":[{"taxonomy":"product_brand","embeddable":true,"href":"https:\/\/lucacastelli.com\/fr\/wp-json\/wp\/v2\/product_brand?post=466542"},{"taxonomy":"product_cat","embeddable":true,"href":"https:\/\/lucacastelli.com\/fr\/wp-json\/wp\/v2\/product_cat?post=466542"},{"taxonomy":"product_tag","embeddable":true,"href":"https:\/\/lucacastelli.com\/fr\/wp-json\/wp\/v2\/product_tag?post=466542"}],"curies":[{"name":"wp","href":"https:\/\/api.w.org\/{rel}","templated":true}]}}