{"id":466533,"date":"2025-06-01T00:44:54","date_gmt":"2025-05-31T22:44:54","guid":{"rendered":"https:\/\/lucacastelli.com\/prodotto\/br-450-c-ef\/"},"modified":"2025-06-28T18:02:50","modified_gmt":"2025-06-28T16:02:50","slug":"br-450-c-ef","status":"publish","type":"product","link":"https:\/\/lucacastelli.com\/fr\/produit\/br-450-c-ef\/","title":{"rendered":"STIHL BR 450 C-EF"},"content":{"rendered":"<p>Souffleur puissant, \u00e9conomique et facile \u00e0 entretenir avec un syst\u00e8me anti-vibration efficace. Enlevez facilement l\u2019herbe tondue et le mat\u00e9riel d\u2019\u00e9lagage des haies, les feuilles ou les d\u00e9chets de grandes surfaces. Le syst\u00e8me Elettrostart offre un d\u00e9marrage plus confortable sans gaspiller d\u2019\u00e9nergie. Le souffleur d\u00e9marre en appuyant sur le bouton de la poign\u00e9e multifonction puis sans le retirer par l\u2019arri\u00e8re. Le c\u00e2ble de d\u00e9marrage suppl\u00e9mentaire int\u00e9gr\u00e9 avec ErgoStart permet de mettre la BR 450 C-EF en service m\u00eame \u00e0 des temp\u00e9ratures inf\u00e9rieures \u00e0 0\u00b0.<br \/>\n886661057511    <\/p>\n<p>D\u00e9placement 63.3<br \/>\nCO2 CO2<\/p>\n<p>Poids de l\u2019appareil Poids<br \/>\nde l\u2019appareil Vitesse d\u2019air max. avec buse ronde 99.0<br \/>\nVitesse d\u2019air max. avec buse ronde 222.0<\/p>\n","protected":false},"excerpt":{"rendered":"<p>BR 450 C-EF<\/p>\n","protected":false},"featured_media":430792,"template":"","meta":{"_seopress_robots_primary_cat":"","_seopress_titles_title":"","_seopress_titles_desc":"","_seopress_robots_index":""},"product_brand":[3366],"product_cat":[29,485,486],"product_tag":[3265],"class_list":{"0":"post-466533","1":"product","2":"type-product","3":"status-publish","4":"has-post-thumbnail","6":"product_brand-stihl","7":"product_cat-macchinari","8":"product_cat-soffiatori-e-aspiratori","9":"product_cat-soffiatori-a-motore","10":"product_tag-import-stihl","11":"sws-gruppo-macchinari-fr","12":"sws-conto-ricavi-merci-rivendita-macchinari-fr","13":"sws-gruppo-iva-iva81-fr","15":"first","16":"onbackorder","17":"purchasable","18":"product-type-simple"},"_links":{"self":[{"href":"https:\/\/lucacastelli.com\/fr\/wp-json\/wp\/v2\/product\/466533","targetHints":{"allow":["GET"]}}],"collection":[{"href":"https:\/\/lucacastelli.com\/fr\/wp-json\/wp\/v2\/product"}],"about":[{"href":"https:\/\/lucacastelli.com\/fr\/wp-json\/wp\/v2\/types\/product"}],"wp:featuredmedia":[{"embeddable":true,"href":"https:\/\/lucacastelli.com\/fr\/wp-json\/wp\/v2\/media\/430792"}],"wp:attachment":[{"href":"https:\/\/lucacastelli.com\/fr\/wp-json\/wp\/v2\/media?parent=466533"}],"wp:term":[{"taxonomy":"product_brand","embeddable":true,"href":"https:\/\/lucacastelli.com\/fr\/wp-json\/wp\/v2\/product_brand?post=466533"},{"taxonomy":"product_cat","embeddable":true,"href":"https:\/\/lucacastelli.com\/fr\/wp-json\/wp\/v2\/product_cat?post=466533"},{"taxonomy":"product_tag","embeddable":true,"href":"https:\/\/lucacastelli.com\/fr\/wp-json\/wp\/v2\/product_tag?post=466533"}],"curies":[{"name":"wp","href":"https:\/\/api.w.org\/{rel}","templated":true}]}}