{"id":466520,"date":"2025-12-08T00:42:54","date_gmt":"2025-12-07T23:42:54","guid":{"rendered":"https:\/\/lucacastelli.com\/prodotto\/sh-86\/"},"modified":"2026-04-01T01:47:43","modified_gmt":"2026-03-31T23:47:43","slug":"sh-86","status":"publish","type":"product","link":"https:\/\/lucacastelli.com\/fr\/produit\/sh-86\/","title":{"rendered":"STIHL SH 86"},"content":{"rendered":"<p>Aspirateur puissant avec une tr\u00e8s forte action d\u2019aspiration. Peut \u00e9galement \u00eatre utilis\u00e9 comme souffleur en standard. R\u00e9glage de la vitesse en continu, buse ronde, buse plate, STIHL ElastoStart, syst\u00e8me anti-vibration STIHL, moteur 2-MIX, filtre HD2. Peut \u00e9galement \u00eatre utilis\u00e9<br \/>\ncomme souffleur en standard.<br \/>\n886661909728   <\/p>\n<p>Cylindr\u00e9e 27.2<br \/>\nCO2 CO2<\/p>\n<p>Poids de l\u2019appareil Poids de l\u2019appareil<br \/>\nCapacit\u00e9 du collecteur d\u2019herbe 45<br \/>\nRapport de broyage 1:14<\/p>\n","protected":false},"excerpt":{"rendered":"<p>SH 86<\/p>\n","protected":false},"featured_media":661544,"template":"","meta":{"_seopress_robots_primary_cat":"none","_seopress_titles_title":"","_seopress_titles_desc":"","_seopress_robots_index":""},"product_brand":[3366],"product_cat":[29,485,497],"product_tag":[3265],"class_list":{"0":"post-466520","1":"product","2":"type-product","3":"status-publish","4":"has-post-thumbnail","6":"product_brand-stihl","7":"product_cat-macchinari","8":"product_cat-soffiatori-e-aspiratori","9":"product_cat-aspiratore-trituratore","10":"product_tag-import-stihl","11":"sws-gruppo-macchinari-fr","12":"sws-conto-ricavi-merci-rivendita-macchinari-fr","13":"sws-gruppo-iva-iva81-fr","15":"first","16":"onbackorder","17":"purchasable","18":"product-type-simple"},"_links":{"self":[{"href":"https:\/\/lucacastelli.com\/fr\/wp-json\/wp\/v2\/product\/466520","targetHints":{"allow":["GET"]}}],"collection":[{"href":"https:\/\/lucacastelli.com\/fr\/wp-json\/wp\/v2\/product"}],"about":[{"href":"https:\/\/lucacastelli.com\/fr\/wp-json\/wp\/v2\/types\/product"}],"wp:featuredmedia":[{"embeddable":true,"href":"https:\/\/lucacastelli.com\/fr\/wp-json\/wp\/v2\/media\/661544"}],"wp:attachment":[{"href":"https:\/\/lucacastelli.com\/fr\/wp-json\/wp\/v2\/media?parent=466520"}],"wp:term":[{"taxonomy":"product_brand","embeddable":true,"href":"https:\/\/lucacastelli.com\/fr\/wp-json\/wp\/v2\/product_brand?post=466520"},{"taxonomy":"product_cat","embeddable":true,"href":"https:\/\/lucacastelli.com\/fr\/wp-json\/wp\/v2\/product_cat?post=466520"},{"taxonomy":"product_tag","embeddable":true,"href":"https:\/\/lucacastelli.com\/fr\/wp-json\/wp\/v2\/product_tag?post=466520"}],"curies":[{"name":"wp","href":"https:\/\/api.w.org\/{rel}","templated":true}]}}