{"id":466517,"date":"2025-06-01T00:39:02","date_gmt":"2025-05-31T22:39:02","guid":{"rendered":"https:\/\/lucacastelli.com\/prodotto\/km-131-r\/"},"modified":"2026-04-08T16:19:16","modified_gmt":"2026-04-08T14:19:16","slug":"km-131-r","status":"publish","type":"product","link":"https:\/\/lucacastelli.com\/fr\/produit\/km-131-r\/","title":{"rendered":"STIHL KM 131 R"},"content":{"rendered":"<p>Pour un usage professionnel avec des exigences \u00e9lev\u00e9es. Proc\u00e9dure de d\u00e9marrage facile pour un d\u00e9marrage plus pratique, bouton d\u2019arr\u00eat, r\u00e9servoir plus grand pour des dur\u00e9es de fonctionnement plus longues, filtre en papier, poign\u00e9e circulaire, moteur 4-MIX.<br \/>\n886661367993 <\/p>\n<p>Cylindr\u00e9e 36.3<br \/>\nPuissance Puissance<\/p>\n<p>Puissance Puissance Puissance<br \/>\n1,90<br \/>\nCO2 845<\/p>\n","protected":false},"excerpt":{"rendered":"<p>KM 131 R<\/p>\n","protected":false},"featured_media":430511,"template":"","meta":{"_seopress_robots_primary_cat":"","_seopress_titles_title":"","_seopress_titles_desc":"","_seopress_robots_index":""},"product_brand":[3555],"product_cat":[167,1638],"product_tag":[3267],"class_list":{"0":"post-466517","1":"product","2":"type-product","3":"status-publish","4":"has-post-thumbnail","6":"product_brand-stihl-fr","7":"product_cat-machines","8":"product_cat-systemes-kombi-et-multi","9":"product_tag-import-stihl-fr","10":"sws-gruppo-macchinari-fr","11":"sws-conto-ricavi-merci-rivendita-macchinari-fr","12":"sws-gruppo-iva-iva81-fr","14":"first","15":"onbackorder","16":"purchasable","17":"product-type-simple"},"_links":{"self":[{"href":"https:\/\/lucacastelli.com\/fr\/wp-json\/wp\/v2\/product\/466517","targetHints":{"allow":["GET"]}}],"collection":[{"href":"https:\/\/lucacastelli.com\/fr\/wp-json\/wp\/v2\/product"}],"about":[{"href":"https:\/\/lucacastelli.com\/fr\/wp-json\/wp\/v2\/types\/product"}],"wp:featuredmedia":[{"embeddable":true,"href":"https:\/\/lucacastelli.com\/fr\/wp-json\/wp\/v2\/media\/430511"}],"wp:attachment":[{"href":"https:\/\/lucacastelli.com\/fr\/wp-json\/wp\/v2\/media?parent=466517"}],"wp:term":[{"taxonomy":"product_brand","embeddable":true,"href":"https:\/\/lucacastelli.com\/fr\/wp-json\/wp\/v2\/product_brand?post=466517"},{"taxonomy":"product_cat","embeddable":true,"href":"https:\/\/lucacastelli.com\/fr\/wp-json\/wp\/v2\/product_cat?post=466517"},{"taxonomy":"product_tag","embeddable":true,"href":"https:\/\/lucacastelli.com\/fr\/wp-json\/wp\/v2\/product_tag?post=466517"}],"curies":[{"name":"wp","href":"https:\/\/api.w.org\/{rel}","templated":true}]}}