{"id":466514,"date":"2025-06-01T00:42:24","date_gmt":"2025-05-31T22:42:24","guid":{"rendered":"https:\/\/lucacastelli.com\/prodotto\/kit-de-nettoyage-de-gouttieres\/"},"modified":"2025-06-28T18:04:59","modified_gmt":"2025-06-28T16:04:59","slug":"kit-de-nettoyage-de-gouttieres","status":"publish","type":"product","link":"https:\/\/lucacastelli.com\/fr\/produit\/kit-de-nettoyage-de-gouttieres\/","title":{"rendered":"STIHL Kit de nettoyage de goutti\u00e8res"},"content":{"rendered":"<p>Le kit pratique de nettoyage des goutti\u00e8res (environ 3 m de long) permet de souffler dans les goutti\u00e8res dans les endroits difficiles d\u2019acc\u00e8s.<br \/>\n795711383633<\/p>\n","protected":false},"excerpt":{"rendered":"<p>Kit de nettoyage de goutti\u00e8res<\/p>\n","protected":false},"featured_media":430613,"template":"","meta":{"_seopress_robots_primary_cat":"","_seopress_titles_title":"","_seopress_titles_desc":"","_seopress_robots_index":""},"product_brand":[3555],"product_cat":[1650,167,1643],"product_tag":[3267],"class_list":{"0":"post-466514","1":"product","2":"type-product","3":"status-publish","4":"has-post-thumbnail","6":"product_brand-stihl-fr","7":"product_cat-aspirateur-dechiqueteur","8":"product_cat-machines","9":"product_cat-souffleurs-et-aspirateurs","10":"product_tag-import-stihl-fr","11":"sws-gruppo-macchinari-fr","12":"sws-conto-ricavi-merci-rivendita-macchinari-fr","13":"sws-gruppo-iva-iva81-fr","15":"first","16":"onbackorder","17":"purchasable","18":"product-type-simple"},"_links":{"self":[{"href":"https:\/\/lucacastelli.com\/fr\/wp-json\/wp\/v2\/product\/466514","targetHints":{"allow":["GET"]}}],"collection":[{"href":"https:\/\/lucacastelli.com\/fr\/wp-json\/wp\/v2\/product"}],"about":[{"href":"https:\/\/lucacastelli.com\/fr\/wp-json\/wp\/v2\/types\/product"}],"wp:featuredmedia":[{"embeddable":true,"href":"https:\/\/lucacastelli.com\/fr\/wp-json\/wp\/v2\/media\/430613"}],"wp:attachment":[{"href":"https:\/\/lucacastelli.com\/fr\/wp-json\/wp\/v2\/media?parent=466514"}],"wp:term":[{"taxonomy":"product_brand","embeddable":true,"href":"https:\/\/lucacastelli.com\/fr\/wp-json\/wp\/v2\/product_brand?post=466514"},{"taxonomy":"product_cat","embeddable":true,"href":"https:\/\/lucacastelli.com\/fr\/wp-json\/wp\/v2\/product_cat?post=466514"},{"taxonomy":"product_tag","embeddable":true,"href":"https:\/\/lucacastelli.com\/fr\/wp-json\/wp\/v2\/product_tag?post=466514"}],"curies":[{"name":"wp","href":"https:\/\/api.w.org\/{rel}","templated":true}]}}