{"id":466511,"date":"2025-06-01T00:38:42","date_gmt":"2025-05-31T22:38:42","guid":{"rendered":"https:\/\/lucacastelli.com\/prodotto\/ht-km\/"},"modified":"2026-04-08T16:19:16","modified_gmt":"2026-04-08T14:19:16","slug":"ht-km","status":"publish","type":"product","link":"https:\/\/lucacastelli.com\/fr\/produit\/ht-km\/","title":{"rendered":"STIHL HT-KM"},"content":{"rendered":"<p>Coupe pr\u00e9cise sur les branches hautes. Structure compacte avec guide-cha\u00eene int\u00e9gr\u00e9 en relief, cha\u00eene 1\/4&#8243; PM3. Longueur du guide 30 cm, longueur totale 126 cm, poids 1,3 kg.<br \/>\n886661545568  <\/p>\n","protected":false},"excerpt":{"rendered":"<p>HT-KM<\/p>\n","protected":false},"featured_media":430503,"template":"","meta":{"_seopress_robots_primary_cat":"none","_seopress_titles_title":"","_seopress_titles_desc":"","_seopress_robots_index":""},"product_brand":[3555],"product_cat":[167,1638],"product_tag":[3267],"class_list":{"0":"post-466511","1":"product","2":"type-product","3":"status-publish","4":"has-post-thumbnail","6":"product_brand-stihl-fr","7":"product_cat-machines","8":"product_cat-systemes-kombi-et-multi","9":"product_tag-import-stihl-fr","10":"sws-gruppo-macchinari-fr","11":"sws-conto-ricavi-merci-rivendita-macchinari-fr","12":"sws-gruppo-iva-iva81-fr","14":"first","15":"onbackorder","16":"sale","17":"purchasable","18":"product-type-simple"},"_links":{"self":[{"href":"https:\/\/lucacastelli.com\/fr\/wp-json\/wp\/v2\/product\/466511","targetHints":{"allow":["GET"]}}],"collection":[{"href":"https:\/\/lucacastelli.com\/fr\/wp-json\/wp\/v2\/product"}],"about":[{"href":"https:\/\/lucacastelli.com\/fr\/wp-json\/wp\/v2\/types\/product"}],"wp:featuredmedia":[{"embeddable":true,"href":"https:\/\/lucacastelli.com\/fr\/wp-json\/wp\/v2\/media\/430503"}],"wp:attachment":[{"href":"https:\/\/lucacastelli.com\/fr\/wp-json\/wp\/v2\/media?parent=466511"}],"wp:term":[{"taxonomy":"product_brand","embeddable":true,"href":"https:\/\/lucacastelli.com\/fr\/wp-json\/wp\/v2\/product_brand?post=466511"},{"taxonomy":"product_cat","embeddable":true,"href":"https:\/\/lucacastelli.com\/fr\/wp-json\/wp\/v2\/product_cat?post=466511"},{"taxonomy":"product_tag","embeddable":true,"href":"https:\/\/lucacastelli.com\/fr\/wp-json\/wp\/v2\/product_tag?post=466511"}],"curies":[{"name":"wp","href":"https:\/\/api.w.org\/{rel}","templated":true}]}}