{"id":466506,"date":"2025-06-01T00:38:23","date_gmt":"2025-05-31T22:38:23","guid":{"rendered":"https:\/\/lucacastelli.com\/prodotto\/fs-km-gsb-230-2\/"},"modified":"2025-06-28T19:10:32","modified_gmt":"2025-06-28T17:10:32","slug":"fs-km-gsb-230-2","status":"publish","type":"product","link":"https:\/\/lucacastelli.com\/fr\/produit\/fs-km-gsb-230-2\/","title":{"rendered":"STIHL FS-KM GSB 230-2"},"content":{"rendered":"<p>Id\u00e9al pour tondre deux pelouses (avec lame de tondeuse \u00e0 gazon) et pour \u00e9claircir les murs, les cl\u00f4tures. Poids : 1,2 kg. Longueur : 94cm.<br \/>\n886661212774  <\/p>\n","protected":false},"excerpt":{"rendered":"<p>FS-KM GSB 230-2<\/p>\n","protected":false},"featured_media":430462,"template":"","meta":{"_seopress_robots_primary_cat":"","_seopress_titles_title":"","_seopress_titles_desc":"","_seopress_robots_index":""},"product_brand":[3366],"product_cat":[29,296],"product_tag":[3265],"class_list":{"0":"post-466506","1":"product","2":"type-product","3":"status-publish","4":"has-post-thumbnail","6":"product_brand-stihl","7":"product_cat-macchinari","8":"product_cat-sistemi-kombi-e-multi","9":"product_tag-import-stihl","10":"sws-gruppo-macchinari-fr","11":"sws-conto-ricavi-merci-rivendita-macchinari-fr","12":"sws-gruppo-iva-iva81-fr","14":"first","15":"onbackorder","16":"sale","17":"purchasable","18":"product-type-simple"},"_links":{"self":[{"href":"https:\/\/lucacastelli.com\/fr\/wp-json\/wp\/v2\/product\/466506","targetHints":{"allow":["GET"]}}],"collection":[{"href":"https:\/\/lucacastelli.com\/fr\/wp-json\/wp\/v2\/product"}],"about":[{"href":"https:\/\/lucacastelli.com\/fr\/wp-json\/wp\/v2\/types\/product"}],"wp:featuredmedia":[{"embeddable":true,"href":"https:\/\/lucacastelli.com\/fr\/wp-json\/wp\/v2\/media\/430462"}],"wp:attachment":[{"href":"https:\/\/lucacastelli.com\/fr\/wp-json\/wp\/v2\/media?parent=466506"}],"wp:term":[{"taxonomy":"product_brand","embeddable":true,"href":"https:\/\/lucacastelli.com\/fr\/wp-json\/wp\/v2\/product_brand?post=466506"},{"taxonomy":"product_cat","embeddable":true,"href":"https:\/\/lucacastelli.com\/fr\/wp-json\/wp\/v2\/product_cat?post=466506"},{"taxonomy":"product_tag","embeddable":true,"href":"https:\/\/lucacastelli.com\/fr\/wp-json\/wp\/v2\/product_tag?post=466506"}],"curies":[{"name":"wp","href":"https:\/\/api.w.org\/{rel}","templated":true}]}}