{"id":466503,"date":"2025-06-01T00:37:35","date_gmt":"2025-05-31T22:37:35","guid":{"rendered":"https:\/\/lucacastelli.com\/prodotto\/rg-km\/"},"modified":"2025-06-28T19:10:36","modified_gmt":"2025-06-28T17:10:36","slug":"rg-km","status":"publish","type":"product","link":"https:\/\/lucacastelli.com\/fr\/produit\/rg-km\/","title":{"rendered":"STIHL RG-KM"},"content":{"rendered":"<p>Pour une \u00e9limination efficace des mauvaises herbes sauvages et de l\u2019herbe sur diverses surfaces telles que le gravier, l\u2019asphalte<br \/>\nou les surfaces pav\u00e9es avec un effet de projection tangentiel r\u00e9duit. Homologu\u00e9 pour KM 94 R, KM 131, KM 131 R et KMA 130 R.<br \/>\n886661867318 <\/p>\n","protected":false},"excerpt":{"rendered":"<p>RG-KM<\/p>\n","protected":false},"featured_media":430438,"template":"","meta":{"_seopress_robots_primary_cat":"","_seopress_titles_title":"","_seopress_titles_desc":"","_seopress_robots_index":""},"product_brand":[3366],"product_cat":[29,296],"product_tag":[3265],"class_list":{"0":"post-466503","1":"product","2":"type-product","3":"status-publish","4":"has-post-thumbnail","6":"product_brand-stihl","7":"product_cat-macchinari","8":"product_cat-sistemi-kombi-e-multi","9":"product_tag-import-stihl","10":"sws-gruppo-macchinari-fr","11":"sws-conto-ricavi-merci-rivendita-macchinari-fr","12":"sws-gruppo-iva-iva81-fr","14":"first","15":"onbackorder","16":"sale","17":"purchasable","18":"product-type-simple"},"_links":{"self":[{"href":"https:\/\/lucacastelli.com\/fr\/wp-json\/wp\/v2\/product\/466503","targetHints":{"allow":["GET"]}}],"collection":[{"href":"https:\/\/lucacastelli.com\/fr\/wp-json\/wp\/v2\/product"}],"about":[{"href":"https:\/\/lucacastelli.com\/fr\/wp-json\/wp\/v2\/types\/product"}],"wp:featuredmedia":[{"embeddable":true,"href":"https:\/\/lucacastelli.com\/fr\/wp-json\/wp\/v2\/media\/430438"}],"wp:attachment":[{"href":"https:\/\/lucacastelli.com\/fr\/wp-json\/wp\/v2\/media?parent=466503"}],"wp:term":[{"taxonomy":"product_brand","embeddable":true,"href":"https:\/\/lucacastelli.com\/fr\/wp-json\/wp\/v2\/product_brand?post=466503"},{"taxonomy":"product_cat","embeddable":true,"href":"https:\/\/lucacastelli.com\/fr\/wp-json\/wp\/v2\/product_cat?post=466503"},{"taxonomy":"product_tag","embeddable":true,"href":"https:\/\/lucacastelli.com\/fr\/wp-json\/wp\/v2\/product_tag?post=466503"}],"curies":[{"name":"wp","href":"https:\/\/api.w.org\/{rel}","templated":true}]}}