{"id":466500,"date":"2025-06-01T00:38:13","date_gmt":"2025-05-31T22:38:13","guid":{"rendered":"https:\/\/lucacastelli.com\/prodotto\/fs-km-ac\/"},"modified":"2025-10-29T19:57:46","modified_gmt":"2025-10-29T18:57:46","slug":"fs-km-ac","status":"publish","type":"product","link":"https:\/\/lucacastelli.com\/fr\/produit\/fs-km-ac\/","title":{"rendered":"STIHL FS-KM AC"},"content":{"rendered":"<p>D\u00e9broussailleuse d\u2019application, avec t\u00eate de coupe AutoCut 25-2 pour syst\u00e8me STIHL Kombi. Id\u00e9al pour la tonte et l\u2019\u00e9claircie. Poids : 1,2 kg. Longueur totale : 94 cm.<br \/>\n886661212767   <\/p>\n","protected":false},"excerpt":{"rendered":"<p>FS-KM AC<\/p>\n","protected":false},"featured_media":430450,"template":"","meta":{"_seopress_robots_primary_cat":"","_seopress_titles_title":"","_seopress_titles_desc":"","_seopress_robots_index":""},"product_brand":[3366],"product_cat":[29,296],"product_tag":[3265],"class_list":{"0":"post-466500","1":"product","2":"type-product","3":"status-publish","4":"has-post-thumbnail","6":"product_brand-stihl","7":"product_cat-macchinari","8":"product_cat-sistemi-kombi-e-multi","9":"product_tag-import-stihl","10":"sws-gruppo-macchinari-fr","11":"sws-conto-ricavi-merci-rivendita-macchinari-fr","12":"sws-gruppo-iva-iva81-fr","14":"first","15":"onbackorder","16":"sale","17":"purchasable","18":"product-type-simple"},"_links":{"self":[{"href":"https:\/\/lucacastelli.com\/fr\/wp-json\/wp\/v2\/product\/466500","targetHints":{"allow":["GET"]}}],"collection":[{"href":"https:\/\/lucacastelli.com\/fr\/wp-json\/wp\/v2\/product"}],"about":[{"href":"https:\/\/lucacastelli.com\/fr\/wp-json\/wp\/v2\/types\/product"}],"wp:featuredmedia":[{"embeddable":true,"href":"https:\/\/lucacastelli.com\/fr\/wp-json\/wp\/v2\/media\/430450"}],"wp:attachment":[{"href":"https:\/\/lucacastelli.com\/fr\/wp-json\/wp\/v2\/media?parent=466500"}],"wp:term":[{"taxonomy":"product_brand","embeddable":true,"href":"https:\/\/lucacastelli.com\/fr\/wp-json\/wp\/v2\/product_brand?post=466500"},{"taxonomy":"product_cat","embeddable":true,"href":"https:\/\/lucacastelli.com\/fr\/wp-json\/wp\/v2\/product_cat?post=466500"},{"taxonomy":"product_tag","embeddable":true,"href":"https:\/\/lucacastelli.com\/fr\/wp-json\/wp\/v2\/product_tag?post=466500"}],"curies":[{"name":"wp","href":"https:\/\/api.w.org\/{rel}","templated":true}]}}