{"id":466493,"date":"2025-06-01T00:24:41","date_gmt":"2025-05-31T22:24:41","guid":{"rendered":"https:\/\/lucacastelli.com\/prodotto\/325-rapid-super-3-pro-rs3-40-cm\/"},"modified":"2025-08-06T21:57:39","modified_gmt":"2025-08-06T19:57:39","slug":"325-rapid-super-3-pro-rs3-40-cm","status":"publish","type":"product","link":"https:\/\/lucacastelli.com\/fr\/produit\/325-rapid-super-3-pro-rs3-40-cm\/","title":{"rendered":"STIHL .325&#8243; Rapid Super 3 Pro (RS3), 40 cm"},"content":{"rendered":"<p>Cha\u00eene haute performance \u00e0 faibles vibrations et rebond, avec maillon de guidage \u00e0 bosse. Performances de gravure et de coupe \u00e9lev\u00e9es avec une excellente qualit\u00e9 de coupe et une faible tendance<br \/>\n au saut.886661880027 <\/p>\n<p>Pas de cha\u00eene 8,25 mm\/.325 &#8221;<br \/>\n\u00c9paisseur du maillon de guidage \u00c9paisseur du maillon de guidage<\/p>\n<p>Longueur de la barre Longueur de la barre<\/p>\n","protected":false},"excerpt":{"rendered":"<p>.325&#8243; Rapid Super 3 Pro (RS3), 40 cm<\/p>\n","protected":false},"featured_media":429913,"template":"","meta":{"_seopress_robots_primary_cat":"","_seopress_titles_title":"","_seopress_titles_desc":"","_seopress_robots_index":""},"product_brand":[3366],"product_cat":[29,268,504],"product_tag":[3265],"class_list":{"0":"post-466493","1":"product","2":"type-product","3":"status-publish","4":"has-post-thumbnail","6":"product_brand-stihl","7":"product_cat-macchinari","8":"product_cat-motoseghe","9":"product_cat-catene-e-rotoli","10":"product_tag-import-stihl","11":"sws-gruppo-macchinari-fr","12":"sws-conto-ricavi-merci-rivendita-macchinari-fr","13":"sws-gruppo-iva-iva81-fr","15":"first","16":"onbackorder","17":"purchasable","18":"product-type-simple"},"_links":{"self":[{"href":"https:\/\/lucacastelli.com\/fr\/wp-json\/wp\/v2\/product\/466493","targetHints":{"allow":["GET"]}}],"collection":[{"href":"https:\/\/lucacastelli.com\/fr\/wp-json\/wp\/v2\/product"}],"about":[{"href":"https:\/\/lucacastelli.com\/fr\/wp-json\/wp\/v2\/types\/product"}],"wp:featuredmedia":[{"embeddable":true,"href":"https:\/\/lucacastelli.com\/fr\/wp-json\/wp\/v2\/media\/429913"}],"wp:attachment":[{"href":"https:\/\/lucacastelli.com\/fr\/wp-json\/wp\/v2\/media?parent=466493"}],"wp:term":[{"taxonomy":"product_brand","embeddable":true,"href":"https:\/\/lucacastelli.com\/fr\/wp-json\/wp\/v2\/product_brand?post=466493"},{"taxonomy":"product_cat","embeddable":true,"href":"https:\/\/lucacastelli.com\/fr\/wp-json\/wp\/v2\/product_cat?post=466493"},{"taxonomy":"product_tag","embeddable":true,"href":"https:\/\/lucacastelli.com\/fr\/wp-json\/wp\/v2\/product_tag?post=466493"}],"curies":[{"name":"wp","href":"https:\/\/api.w.org\/{rel}","templated":true}]}}