{"id":466485,"date":"2025-06-01T00:24:10","date_gmt":"2025-05-31T22:24:10","guid":{"rendered":"https:\/\/lucacastelli.com\/prodotto\/325-rapid-micro-pro-rm-40-cm\/"},"modified":"2025-08-06T21:57:25","modified_gmt":"2025-08-06T19:57:25","slug":"325-rapid-micro-pro-rm-40-cm","status":"publish","type":"product","link":"https:\/\/lucacastelli.com\/fr\/produit\/325-rapid-micro-pro-rm-40-cm\/","title":{"rendered":"STIHL .325&#8243; Rapid Micro Pro (RM), 40 cm"},"content":{"rendered":"<p>Cha\u00eene \u00e0 faibles vibrations, qualit\u00e9 de coupe \u00e9lev\u00e9e, robustesse et faible tendance<br \/>\n au saut.<\/p>\n<p>886661879946 Pas de cha\u00eene 8,25 mm\/.325 &#8221;<br \/>\n\u00c9paisseur du maillon de guidage \u00c9paisseur du lien<\/p>\n<p>de guidage Longueur de la barre Longueur de la barre<\/p>\n","protected":false},"excerpt":{"rendered":"<p>.325&#8243; Rapid Micro Pro (RM), 40 cm<\/p>\n","protected":false},"featured_media":429897,"template":"","meta":{"_seopress_robots_primary_cat":"","_seopress_titles_title":"","_seopress_titles_desc":"","_seopress_robots_index":""},"product_brand":[3555],"product_cat":[1607,167,1604],"product_tag":[3267],"class_list":{"0":"post-466485","1":"product","2":"type-product","3":"status-publish","4":"has-post-thumbnail","6":"product_brand-stihl-fr","7":"product_cat-chaines-et-enrouleurs","8":"product_cat-machines","9":"product_cat-tronconneuses","10":"product_tag-import-stihl-fr","11":"sws-gruppo-macchinari-fr","12":"sws-conto-ricavi-merci-rivendita-macchinari-fr","13":"sws-gruppo-iva-iva81-fr","15":"first","16":"onbackorder","17":"purchasable","18":"product-type-simple"},"_links":{"self":[{"href":"https:\/\/lucacastelli.com\/fr\/wp-json\/wp\/v2\/product\/466485","targetHints":{"allow":["GET"]}}],"collection":[{"href":"https:\/\/lucacastelli.com\/fr\/wp-json\/wp\/v2\/product"}],"about":[{"href":"https:\/\/lucacastelli.com\/fr\/wp-json\/wp\/v2\/types\/product"}],"wp:featuredmedia":[{"embeddable":true,"href":"https:\/\/lucacastelli.com\/fr\/wp-json\/wp\/v2\/media\/429897"}],"wp:attachment":[{"href":"https:\/\/lucacastelli.com\/fr\/wp-json\/wp\/v2\/media?parent=466485"}],"wp:term":[{"taxonomy":"product_brand","embeddable":true,"href":"https:\/\/lucacastelli.com\/fr\/wp-json\/wp\/v2\/product_brand?post=466485"},{"taxonomy":"product_cat","embeddable":true,"href":"https:\/\/lucacastelli.com\/fr\/wp-json\/wp\/v2\/product_cat?post=466485"},{"taxonomy":"product_tag","embeddable":true,"href":"https:\/\/lucacastelli.com\/fr\/wp-json\/wp\/v2\/product_tag?post=466485"}],"curies":[{"name":"wp","href":"https:\/\/api.w.org\/{rel}","templated":true}]}}