{"id":466482,"date":"2025-06-01T00:24:18","date_gmt":"2025-05-31T22:24:18","guid":{"rendered":"https:\/\/lucacastelli.com\/prodotto\/325-rapid-micro-pro-rm-45-cm\/"},"modified":"2025-08-06T21:57:30","modified_gmt":"2025-08-06T19:57:30","slug":"325-rapid-micro-pro-rm-45-cm","status":"publish","type":"product","link":"https:\/\/lucacastelli.com\/fr\/produit\/325-rapid-micro-pro-rm-45-cm\/","title":{"rendered":"STIHL .325&#8243; Rapid Micro Pro (RM), 45 cm"},"content":{"rendered":"<p>Cha\u00eene \u00e0 faibles vibrations, qualit\u00e9 de coupe \u00e9lev\u00e9e, robustesse et faible tendance<br \/>\n au saut.<\/p>\n<p>886661879960 Pas de cha\u00eene 8,25 mm\/.325 &#8221;<br \/>\n\u00c9paisseur du maillon de guidage \u00c9paisseur du lien<\/p>\n<p>de guidage Longueur de la barre Longueur de la barre Longueur de la barre<\/p>\n","protected":false},"excerpt":{"rendered":"<p>.325&#8243; Rapid Micro Pro (RM), 45 cm<\/p>\n","protected":false},"featured_media":429897,"template":"","meta":{"_seopress_robots_primary_cat":"","_seopress_titles_title":"","_seopress_titles_desc":"","_seopress_robots_index":""},"product_brand":[3366],"product_cat":[29,268,504],"product_tag":[3265],"class_list":{"0":"post-466482","1":"product","2":"type-product","3":"status-publish","4":"has-post-thumbnail","6":"product_brand-stihl","7":"product_cat-macchinari","8":"product_cat-motoseghe","9":"product_cat-catene-e-rotoli","10":"product_tag-import-stihl","11":"sws-gruppo-macchinari-fr","12":"sws-conto-ricavi-merci-rivendita-macchinari-fr","13":"sws-gruppo-iva-iva81-fr","15":"first","16":"onbackorder","17":"purchasable","18":"product-type-simple"},"_links":{"self":[{"href":"https:\/\/lucacastelli.com\/fr\/wp-json\/wp\/v2\/product\/466482","targetHints":{"allow":["GET"]}}],"collection":[{"href":"https:\/\/lucacastelli.com\/fr\/wp-json\/wp\/v2\/product"}],"about":[{"href":"https:\/\/lucacastelli.com\/fr\/wp-json\/wp\/v2\/types\/product"}],"wp:featuredmedia":[{"embeddable":true,"href":"https:\/\/lucacastelli.com\/fr\/wp-json\/wp\/v2\/media\/429897"}],"wp:attachment":[{"href":"https:\/\/lucacastelli.com\/fr\/wp-json\/wp\/v2\/media?parent=466482"}],"wp:term":[{"taxonomy":"product_brand","embeddable":true,"href":"https:\/\/lucacastelli.com\/fr\/wp-json\/wp\/v2\/product_brand?post=466482"},{"taxonomy":"product_cat","embeddable":true,"href":"https:\/\/lucacastelli.com\/fr\/wp-json\/wp\/v2\/product_cat?post=466482"},{"taxonomy":"product_tag","embeddable":true,"href":"https:\/\/lucacastelli.com\/fr\/wp-json\/wp\/v2\/product_tag?post=466482"}],"curies":[{"name":"wp","href":"https:\/\/api.w.org\/{rel}","templated":true}]}}