{"id":466461,"date":"2025-06-01T00:46:54","date_gmt":"2025-05-31T22:46:54","guid":{"rendered":"https:\/\/lucacastelli.com\/prodotto\/houe-bk-mm\/"},"modified":"2025-06-28T20:10:44","modified_gmt":"2025-06-28T18:10:44","slug":"houe-bk-mm","status":"publish","type":"product","link":"https:\/\/lucacastelli.com\/fr\/produit\/houe-bk-mm\/","title":{"rendered":"STIHL Houe BK-MM"},"content":{"rendered":"<p>Avec la houe (BK) \u00e0 fixer sur le moteur Multi MM 55, le sol \u00e0 gros grains et les masses sablonneuses peuvent \u00eatre facilement broy\u00e9s et d\u00e9chiquet\u00e9s pour les rendre doux et fins, afin que les plantes poussent luxuriantes. La houe est l\u2019outil de travail id\u00e9al pour travailler le sol avant de planter des plants dispos\u00e9s en rang\u00e9es.<br \/>\n795711210489 <\/p>\n<p>Poids de l\u2019appareil 2.0<br \/>\nLargeur de travail Largeur de travail<\/p>\n","protected":false},"excerpt":{"rendered":"<p>Houe BK-MM<\/p>\n","protected":false},"featured_media":430895,"template":"","meta":{"_seopress_robots_primary_cat":"","_seopress_titles_title":"","_seopress_titles_desc":"","_seopress_robots_index":""},"product_brand":[3366],"product_cat":[29,296],"product_tag":[3265],"class_list":{"0":"post-466461","1":"product","2":"type-product","3":"status-publish","4":"has-post-thumbnail","6":"product_brand-stihl","7":"product_cat-macchinari","8":"product_cat-sistemi-kombi-e-multi","9":"product_tag-import-stihl","10":"sws-gruppo-macchinari-fr","11":"sws-conto-ricavi-merci-rivendita-macchinari-fr","12":"sws-gruppo-iva-iva81-fr","14":"first","15":"onbackorder","16":"sale","17":"purchasable","18":"product-type-simple"},"_links":{"self":[{"href":"https:\/\/lucacastelli.com\/fr\/wp-json\/wp\/v2\/product\/466461","targetHints":{"allow":["GET"]}}],"collection":[{"href":"https:\/\/lucacastelli.com\/fr\/wp-json\/wp\/v2\/product"}],"about":[{"href":"https:\/\/lucacastelli.com\/fr\/wp-json\/wp\/v2\/types\/product"}],"wp:featuredmedia":[{"embeddable":true,"href":"https:\/\/lucacastelli.com\/fr\/wp-json\/wp\/v2\/media\/430895"}],"wp:attachment":[{"href":"https:\/\/lucacastelli.com\/fr\/wp-json\/wp\/v2\/media?parent=466461"}],"wp:term":[{"taxonomy":"product_brand","embeddable":true,"href":"https:\/\/lucacastelli.com\/fr\/wp-json\/wp\/v2\/product_brand?post=466461"},{"taxonomy":"product_cat","embeddable":true,"href":"https:\/\/lucacastelli.com\/fr\/wp-json\/wp\/v2\/product_cat?post=466461"},{"taxonomy":"product_tag","embeddable":true,"href":"https:\/\/lucacastelli.com\/fr\/wp-json\/wp\/v2\/product_tag?post=466461"}],"curies":[{"name":"wp","href":"https:\/\/api.w.org\/{rel}","templated":true}]}}