{"id":466455,"date":"2025-06-01T00:46:26","date_gmt":"2025-05-31T22:46:26","guid":{"rendered":"https:\/\/lucacastelli.com\/prodotto\/kb-mm-brosse\/"},"modified":"2025-06-28T20:11:02","modified_gmt":"2025-06-28T18:11:02","slug":"kb-mm-brosse","status":"publish","type":"product","link":"https:\/\/lucacastelli.com\/fr\/produit\/kb-mm-brosse\/","title":{"rendered":"STIHL KB-MM Brosse"},"content":{"rendered":"<p>La serpilli\u00e8re rotative (KB) \u00e0 appliquer sur le moteur Multi MM 55, gr\u00e2ce aux poils en spirale, assure un nettoyage en profondeur. L\u2019\u00e9limination de la salet\u00e9 sur les sols en pierre naturelle, le beola, les joints et m\u00eame les surfaces in\u00e9gales avec des rainures profondes est grandement facilit\u00e9e et le r\u00e9sultat est \u00e9tonnant.<br \/>\n795711198107 <\/p>\n<p>Poids de l\u2019appareil 4.2<br \/>\nLargeur de travail Largeur de travail<\/p>\n","protected":false},"excerpt":{"rendered":"<p>KB-MM Brosse<\/p>\n","protected":false},"featured_media":430863,"template":"","meta":{"_seopress_robots_primary_cat":"","_seopress_titles_title":"","_seopress_titles_desc":"","_seopress_robots_index":""},"product_brand":[3366],"product_cat":[29,296],"product_tag":[3265],"class_list":{"0":"post-466455","1":"product","2":"type-product","3":"status-publish","4":"has-post-thumbnail","6":"product_brand-stihl","7":"product_cat-macchinari","8":"product_cat-sistemi-kombi-e-multi","9":"product_tag-import-stihl","10":"sws-gruppo-macchinari-fr","11":"sws-conto-ricavi-merci-rivendita-macchinari-fr","12":"sws-gruppo-iva-iva81-fr","14":"first","15":"onbackorder","16":"sale","17":"purchasable","18":"product-type-simple"},"_links":{"self":[{"href":"https:\/\/lucacastelli.com\/fr\/wp-json\/wp\/v2\/product\/466455","targetHints":{"allow":["GET"]}}],"collection":[{"href":"https:\/\/lucacastelli.com\/fr\/wp-json\/wp\/v2\/product"}],"about":[{"href":"https:\/\/lucacastelli.com\/fr\/wp-json\/wp\/v2\/types\/product"}],"wp:featuredmedia":[{"embeddable":true,"href":"https:\/\/lucacastelli.com\/fr\/wp-json\/wp\/v2\/media\/430863"}],"wp:attachment":[{"href":"https:\/\/lucacastelli.com\/fr\/wp-json\/wp\/v2\/media?parent=466455"}],"wp:term":[{"taxonomy":"product_brand","embeddable":true,"href":"https:\/\/lucacastelli.com\/fr\/wp-json\/wp\/v2\/product_brand?post=466455"},{"taxonomy":"product_cat","embeddable":true,"href":"https:\/\/lucacastelli.com\/fr\/wp-json\/wp\/v2\/product_cat?post=466455"},{"taxonomy":"product_tag","embeddable":true,"href":"https:\/\/lucacastelli.com\/fr\/wp-json\/wp\/v2\/product_tag?post=466455"}],"curies":[{"name":"wp","href":"https:\/\/api.w.org\/{rel}","templated":true}]}}