{"id":466452,"date":"2025-06-01T00:46:33","date_gmt":"2025-05-31T22:46:33","guid":{"rendered":"https:\/\/lucacastelli.com\/prodotto\/coupe-bordures-fc-mm\/"},"modified":"2025-06-28T20:10:58","modified_gmt":"2025-06-28T18:10:58","slug":"coupe-bordures-fc-mm","status":"publish","type":"product","link":"https:\/\/lucacastelli.com\/fr\/produit\/coupe-bordures-fc-mm\/","title":{"rendered":"STIHL Coupe-bordures FC-MM"},"content":{"rendered":"<p>Le coupe-bordures (FC) \u00e0 monter sur le Multi MM 55 Engine cr\u00e9e des limites pr\u00e9cises en correspondance avec les all\u00e9es, les parterres de fleurs et les buissons. Avec une coupe qui p\u00e9n\u00e8tre profond\u00e9ment jusqu\u2019aux racines, il d\u00e9limite exactement les bords. Ce qui co\u00fbtait du temps et des efforts est aujourd\u2019hui simple, rapide et propre. Le coupe-bordure est \u00e9galement excellent pour planter des morceaux de pelouse.<br \/>\n795711198114   <\/p>\n<p>Poids de l\u2019appareil 0,8<\/p>\n","protected":false},"excerpt":{"rendered":"<p>Coupe-bordures FC-MM<\/p>\n","protected":false},"featured_media":430871,"template":"","meta":{"_seopress_robots_primary_cat":"","_seopress_titles_title":"","_seopress_titles_desc":"","_seopress_robots_index":""},"product_brand":[3366],"product_cat":[29,296],"product_tag":[3265],"class_list":{"0":"post-466452","1":"product","2":"type-product","3":"status-publish","4":"has-post-thumbnail","6":"product_brand-stihl","7":"product_cat-macchinari","8":"product_cat-sistemi-kombi-e-multi","9":"product_tag-import-stihl","10":"sws-gruppo-macchinari-fr","11":"sws-conto-ricavi-merci-rivendita-macchinari-fr","12":"sws-gruppo-iva-iva81-fr","14":"first","15":"onbackorder","16":"sale","17":"purchasable","18":"product-type-simple"},"_links":{"self":[{"href":"https:\/\/lucacastelli.com\/fr\/wp-json\/wp\/v2\/product\/466452","targetHints":{"allow":["GET"]}}],"collection":[{"href":"https:\/\/lucacastelli.com\/fr\/wp-json\/wp\/v2\/product"}],"about":[{"href":"https:\/\/lucacastelli.com\/fr\/wp-json\/wp\/v2\/types\/product"}],"wp:featuredmedia":[{"embeddable":true,"href":"https:\/\/lucacastelli.com\/fr\/wp-json\/wp\/v2\/media\/430871"}],"wp:attachment":[{"href":"https:\/\/lucacastelli.com\/fr\/wp-json\/wp\/v2\/media?parent=466452"}],"wp:term":[{"taxonomy":"product_brand","embeddable":true,"href":"https:\/\/lucacastelli.com\/fr\/wp-json\/wp\/v2\/product_brand?post=466452"},{"taxonomy":"product_cat","embeddable":true,"href":"https:\/\/lucacastelli.com\/fr\/wp-json\/wp\/v2\/product_cat?post=466452"},{"taxonomy":"product_tag","embeddable":true,"href":"https:\/\/lucacastelli.com\/fr\/wp-json\/wp\/v2\/product_tag?post=466452"}],"curies":[{"name":"wp","href":"https:\/\/api.w.org\/{rel}","templated":true}]}}