{"id":466448,"date":"2025-06-01T00:46:18","date_gmt":"2025-05-31T22:46:18","guid":{"rendered":"https:\/\/lucacastelli.com\/prodotto\/grattoir-mf-mm\/"},"modified":"2025-06-28T20:11:09","modified_gmt":"2025-06-28T18:11:09","slug":"grattoir-mf-mm","status":"publish","type":"product","link":"https:\/\/lucacastelli.com\/fr\/produit\/grattoir-mf-mm\/","title":{"rendered":"STIHL Grattoir MF-MM"},"content":{"rendered":"<p>Le grattoir (MF) \u00e0 appliquer sur le moteur Multi MM 55 enl\u00e8ve rapidement la mousse et le feutre v\u00e9g\u00e9tal, m\u00eame sur de grandes surfaces. Les r\u00e9sidus racinaires et la mousse sont non seulement laids \u00e0 regarder, mais aussi nocifs car ils tuent toutes les autres plantes au fil du temps. Ils deviennent une sorte de tapis de feutre \u00e0 la base de l\u2019herbe et emp\u00eachent l\u2019eau, l\u2019air et les nutriments de p\u00e9n\u00e9trer dans le sol, privant la pelouse de la possibilit\u00e9 de survie.<br \/>\n795711195182  <\/p>\n<p>Poids de l\u2019appareil 8,6<br \/>\nLargeur de travail Largeur de travail<\/p>\n","protected":false},"excerpt":{"rendered":"<p>Grattoir MF-MM<\/p>\n","protected":false},"featured_media":430855,"template":"","meta":{"_seopress_robots_primary_cat":"","_seopress_titles_title":"","_seopress_titles_desc":"","_seopress_robots_index":""},"product_brand":[3555],"product_cat":[167,1638],"product_tag":[3267],"class_list":{"0":"post-466448","1":"product","2":"type-product","3":"status-publish","4":"has-post-thumbnail","6":"product_brand-stihl-fr","7":"product_cat-machines","8":"product_cat-systemes-kombi-et-multi","9":"product_tag-import-stihl-fr","10":"sws-gruppo-macchinari-fr","11":"sws-conto-ricavi-merci-rivendita-macchinari-fr","12":"sws-gruppo-iva-iva81-fr","14":"first","15":"onbackorder","16":"sale","17":"purchasable","18":"product-type-simple"},"_links":{"self":[{"href":"https:\/\/lucacastelli.com\/fr\/wp-json\/wp\/v2\/product\/466448","targetHints":{"allow":["GET"]}}],"collection":[{"href":"https:\/\/lucacastelli.com\/fr\/wp-json\/wp\/v2\/product"}],"about":[{"href":"https:\/\/lucacastelli.com\/fr\/wp-json\/wp\/v2\/types\/product"}],"wp:featuredmedia":[{"embeddable":true,"href":"https:\/\/lucacastelli.com\/fr\/wp-json\/wp\/v2\/media\/430855"}],"wp:attachment":[{"href":"https:\/\/lucacastelli.com\/fr\/wp-json\/wp\/v2\/media?parent=466448"}],"wp:term":[{"taxonomy":"product_brand","embeddable":true,"href":"https:\/\/lucacastelli.com\/fr\/wp-json\/wp\/v2\/product_brand?post=466448"},{"taxonomy":"product_cat","embeddable":true,"href":"https:\/\/lucacastelli.com\/fr\/wp-json\/wp\/v2\/product_cat?post=466448"},{"taxonomy":"product_tag","embeddable":true,"href":"https:\/\/lucacastelli.com\/fr\/wp-json\/wp\/v2\/product_tag?post=466448"}],"curies":[{"name":"wp","href":"https:\/\/api.w.org\/{rel}","templated":true}]}}