{"id":466447,"date":"2025-06-01T00:46:01","date_gmt":"2025-05-31T22:46:01","guid":{"rendered":"https:\/\/lucacastelli.com\/prodotto\/poids-supplementaire-mm\/"},"modified":"2026-03-02T10:05:54","modified_gmt":"2026-03-02T09:05:54","slug":"poids-supplementaire-mm","status":"publish","type":"product","link":"https:\/\/lucacastelli.com\/fr\/produit\/poids-supplementaire-mm\/","title":{"rendered":"STIHL Poids suppl\u00e9mentaire MM"},"content":{"rendered":"<p>Le poids suppl\u00e9mentaire, disponible en accessoire, est facile \u00e0 monter sur le Moteur Multi MM 55 et constitue le compl\u00e9ment id\u00e9al pour les op\u00e9rations de fraisage et de broyage du sol. Sans effort pour l&#8217;utilisateur, il augmente la pression sur l&#8217;outil de travail et permet une p\u00e9n\u00e9tration plus profonde dans le sol.<br \/>\n795711210649 <\/p>\n","protected":false},"excerpt":{"rendered":"<p>Poids suppl\u00e9mentaire MM<\/p>\n","protected":false},"featured_media":430843,"template":"","meta":{"_seopress_robots_primary_cat":"none","_seopress_titles_title":"","_seopress_titles_desc":"","_seopress_robots_index":""},"product_brand":[3555],"product_cat":[1456,167,1638],"product_tag":[3267],"class_list":{"0":"post-466447","1":"product","2":"type-product","3":"status-publish","4":"has-post-thumbnail","6":"product_brand-stihl-fr","7":"product_cat-accessoires-et-consommables-fr","8":"product_cat-machines","9":"product_cat-systemes-kombi-et-multi","10":"product_tag-import-stihl-fr","11":"sws-gruppo-macchinari-fr","12":"sws-conto-ricavi-merci-rivendita-macchinari-fr","13":"sws-gruppo-iva-iva81-fr","15":"first","16":"onbackorder","17":"purchasable","18":"product-type-simple"},"_links":{"self":[{"href":"https:\/\/lucacastelli.com\/fr\/wp-json\/wp\/v2\/product\/466447","targetHints":{"allow":["GET"]}}],"collection":[{"href":"https:\/\/lucacastelli.com\/fr\/wp-json\/wp\/v2\/product"}],"about":[{"href":"https:\/\/lucacastelli.com\/fr\/wp-json\/wp\/v2\/types\/product"}],"wp:featuredmedia":[{"embeddable":true,"href":"https:\/\/lucacastelli.com\/fr\/wp-json\/wp\/v2\/media\/430843"}],"wp:attachment":[{"href":"https:\/\/lucacastelli.com\/fr\/wp-json\/wp\/v2\/media?parent=466447"}],"wp:term":[{"taxonomy":"product_brand","embeddable":true,"href":"https:\/\/lucacastelli.com\/fr\/wp-json\/wp\/v2\/product_brand?post=466447"},{"taxonomy":"product_cat","embeddable":true,"href":"https:\/\/lucacastelli.com\/fr\/wp-json\/wp\/v2\/product_cat?post=466447"},{"taxonomy":"product_tag","embeddable":true,"href":"https:\/\/lucacastelli.com\/fr\/wp-json\/wp\/v2\/product_tag?post=466447"}],"curies":[{"name":"wp","href":"https:\/\/api.w.org\/{rel}","templated":true}]}}