{"id":466442,"date":"2025-06-01T00:46:13","date_gmt":"2025-05-31T22:46:13","guid":{"rendered":"https:\/\/lucacastelli.com\/prodotto\/scarificateur-rl-mm\/"},"modified":"2025-06-28T20:11:14","modified_gmt":"2025-06-28T18:11:14","slug":"scarificateur-rl-mm","status":"publish","type":"product","link":"https:\/\/lucacastelli.com\/fr\/produit\/scarificateur-rl-mm\/","title":{"rendered":"STIHL Scarificateur RL-MM"},"content":{"rendered":"<p>Pour \u00eatre verte et saine, une pelouse doit pouvoir \u00ab respirer \u00bb. Ce n\u2019est qu\u2019alors que l\u2019eau, les engrais et les min\u00e9raux peuvent y p\u00e9n\u00e9trer sans entrave. Pour que les pr\u00e9cieux micro-organismes puissent effectuer leur action et s\u2019installer dans le sol, \u00e0 l\u2019abri de la chaleur et des intemp\u00e9ries, il est n\u00e9cessaire de travailler la pelouse avec le nouveau scarificateur (RL) mont\u00e9 sur le moteur Multi MM 55. Sans l\u2019endommager, le scarificateur fait de fines br\u00e8ches dans la surface et cr\u00e9e ainsi la base d\u2019un gazon vert, frais et sain.<br \/>\n795711195151   <\/p>\n<p>Poids de l\u2019appareil 2.0<br \/>\nLargeur de travail Largeur de travail<\/p>\n","protected":false},"excerpt":{"rendered":"<p>Scarificateur RL-MM<\/p>\n","protected":false},"featured_media":430847,"template":"","meta":{"_seopress_robots_primary_cat":"","_seopress_titles_title":"","_seopress_titles_desc":"","_seopress_robots_index":""},"product_brand":[3555],"product_cat":[167,1638],"product_tag":[3267],"class_list":{"0":"post-466442","1":"product","2":"type-product","3":"status-publish","4":"has-post-thumbnail","6":"product_brand-stihl-fr","7":"product_cat-machines","8":"product_cat-systemes-kombi-et-multi","9":"product_tag-import-stihl-fr","10":"sws-gruppo-macchinari-fr","11":"sws-conto-ricavi-merci-rivendita-macchinari-fr","12":"sws-gruppo-iva-iva81-fr","14":"first","15":"onbackorder","16":"sale","17":"purchasable","18":"product-type-simple"},"_links":{"self":[{"href":"https:\/\/lucacastelli.com\/fr\/wp-json\/wp\/v2\/product\/466442","targetHints":{"allow":["GET"]}}],"collection":[{"href":"https:\/\/lucacastelli.com\/fr\/wp-json\/wp\/v2\/product"}],"about":[{"href":"https:\/\/lucacastelli.com\/fr\/wp-json\/wp\/v2\/types\/product"}],"wp:featuredmedia":[{"embeddable":true,"href":"https:\/\/lucacastelli.com\/fr\/wp-json\/wp\/v2\/media\/430847"}],"wp:attachment":[{"href":"https:\/\/lucacastelli.com\/fr\/wp-json\/wp\/v2\/media?parent=466442"}],"wp:term":[{"taxonomy":"product_brand","embeddable":true,"href":"https:\/\/lucacastelli.com\/fr\/wp-json\/wp\/v2\/product_brand?post=466442"},{"taxonomy":"product_cat","embeddable":true,"href":"https:\/\/lucacastelli.com\/fr\/wp-json\/wp\/v2\/product_cat?post=466442"},{"taxonomy":"product_tag","embeddable":true,"href":"https:\/\/lucacastelli.com\/fr\/wp-json\/wp\/v2\/product_tag?post=466442"}],"curies":[{"name":"wp","href":"https:\/\/api.w.org\/{rel}","templated":true}]}}