{"id":466440,"date":"2025-06-01T00:44:35","date_gmt":"2025-05-31T22:44:35","guid":{"rendered":"https:\/\/lucacastelli.com\/prodotto\/fh-km-145\/"},"modified":"2025-06-28T18:04:38","modified_gmt":"2025-06-28T16:04:38","slug":"fh-km-145","status":"publish","type":"product","link":"https:\/\/lucacastelli.com\/fr\/produit\/fh-km-145\/","title":{"rendered":"STIHL FH-KM 145"},"content":{"rendered":"<p>Pour la coupe \u00e0 ras et la tonte avec peu d\u2019\u00e9claboussures dans les espaces restreints et les zones tr\u00e8s fr\u00e9quent\u00e9es. Variateurs m\u00e9caniques flexibles, position de transport peu encombrante.<br \/>\n886661163168 <\/p>\n","protected":false},"excerpt":{"rendered":"<p>FH-KM 145\u00b0<\/p>\n","protected":false},"featured_media":430772,"template":"","meta":{"_seopress_robots_primary_cat":"","_seopress_titles_title":"","_seopress_titles_desc":"","_seopress_robots_index":""},"product_brand":[3366],"product_cat":[29,296],"product_tag":[3265],"class_list":{"0":"post-466440","1":"product","2":"type-product","3":"status-publish","4":"has-post-thumbnail","6":"product_brand-stihl","7":"product_cat-macchinari","8":"product_cat-sistemi-kombi-e-multi","9":"product_tag-import-stihl","10":"sws-gruppo-macchinari-fr","11":"sws-conto-ricavi-merci-rivendita-macchinari-fr","12":"sws-gruppo-iva-iva81-fr","14":"first","15":"onbackorder","16":"sale","17":"purchasable","18":"product-type-simple"},"_links":{"self":[{"href":"https:\/\/lucacastelli.com\/fr\/wp-json\/wp\/v2\/product\/466440","targetHints":{"allow":["GET"]}}],"collection":[{"href":"https:\/\/lucacastelli.com\/fr\/wp-json\/wp\/v2\/product"}],"about":[{"href":"https:\/\/lucacastelli.com\/fr\/wp-json\/wp\/v2\/types\/product"}],"wp:featuredmedia":[{"embeddable":true,"href":"https:\/\/lucacastelli.com\/fr\/wp-json\/wp\/v2\/media\/430772"}],"wp:attachment":[{"href":"https:\/\/lucacastelli.com\/fr\/wp-json\/wp\/v2\/media?parent=466440"}],"wp:term":[{"taxonomy":"product_brand","embeddable":true,"href":"https:\/\/lucacastelli.com\/fr\/wp-json\/wp\/v2\/product_brand?post=466440"},{"taxonomy":"product_cat","embeddable":true,"href":"https:\/\/lucacastelli.com\/fr\/wp-json\/wp\/v2\/product_cat?post=466440"},{"taxonomy":"product_tag","embeddable":true,"href":"https:\/\/lucacastelli.com\/fr\/wp-json\/wp\/v2\/product_tag?post=466440"}],"curies":[{"name":"wp","href":"https:\/\/api.w.org\/{rel}","templated":true}]}}