{"id":466421,"date":"2025-06-01T00:59:28","date_gmt":"2025-05-31T22:59:28","guid":{"rendered":"https:\/\/lucacastelli.com\/prodotto\/sacs-filtrants-avec-anti-poussiere\/"},"modified":"2025-06-28T19:06:35","modified_gmt":"2025-06-28T17:06:35","slug":"sacs-filtrants-avec-anti-poussiere","status":"publish","type":"product","link":"https:\/\/lucacastelli.com\/fr\/produit\/sacs-filtrants-avec-anti-poussiere\/","title":{"rendered":"STIHL Sacs filtrants avec anti-poussi\u00e8re"},"content":{"rendered":"<p>Paquet de 5 pi\u00e8ces. Tissu non tiss\u00e9 r\u00e9sistant \u00e0 la d\u00e9chirure pour SE 133 ME.<br \/>\n886661548095 <\/p>\n","protected":false},"excerpt":{"rendered":"<p>Sacs filtrants avec anti-poussi\u00e8re<\/p>\n","protected":false},"featured_media":455967,"template":"","meta":{"_seopress_robots_primary_cat":"","_seopress_titles_title":"","_seopress_titles_desc":"","_seopress_robots_index":""},"product_brand":[3555],"product_cat":[1474,1453,167],"product_tag":[3267],"class_list":{"0":"post-466421","1":"product","2":"type-product","3":"status-publish","4":"has-post-thumbnail","6":"product_brand-stihl-fr","7":"product_cat-aspirateurs-de-nettoyage","8":"product_cat-autres-appareils","9":"product_cat-machines","10":"product_tag-import-stihl-fr","11":"sws-gruppo-macchinari-fr","12":"sws-conto-ricavi-merci-rivendita-macchinari-fr","13":"sws-gruppo-iva-iva81-fr","15":"first","16":"onbackorder","17":"purchasable","18":"product-type-simple"},"_links":{"self":[{"href":"https:\/\/lucacastelli.com\/fr\/wp-json\/wp\/v2\/product\/466421","targetHints":{"allow":["GET"]}}],"collection":[{"href":"https:\/\/lucacastelli.com\/fr\/wp-json\/wp\/v2\/product"}],"about":[{"href":"https:\/\/lucacastelli.com\/fr\/wp-json\/wp\/v2\/types\/product"}],"wp:featuredmedia":[{"embeddable":true,"href":"https:\/\/lucacastelli.com\/fr\/wp-json\/wp\/v2\/media\/455967"}],"wp:attachment":[{"href":"https:\/\/lucacastelli.com\/fr\/wp-json\/wp\/v2\/media?parent=466421"}],"wp:term":[{"taxonomy":"product_brand","embeddable":true,"href":"https:\/\/lucacastelli.com\/fr\/wp-json\/wp\/v2\/product_brand?post=466421"},{"taxonomy":"product_cat","embeddable":true,"href":"https:\/\/lucacastelli.com\/fr\/wp-json\/wp\/v2\/product_cat?post=466421"},{"taxonomy":"product_tag","embeddable":true,"href":"https:\/\/lucacastelli.com\/fr\/wp-json\/wp\/v2\/product_tag?post=466421"}],"curies":[{"name":"wp","href":"https:\/\/api.w.org\/{rel}","templated":true}]}}